{"id":1001,"date":"2025-06-13T10:43:39","date_gmt":"2025-06-13T02:43:39","guid":{"rendered":"https:\/\/test.themepark.com.cn\/product\/cleanroom-polyester-swab-ps707\/"},"modified":"2026-03-02T15:35:15","modified_gmt":"2026-03-02T07:35:15","slug":"cleanroom-polyester-swab-ps707","status":"publish","type":"product","link":"https:\/\/www.meditech.cc\/de\/cleanroom-polyester-swab-ps707","title":{"rendered":"Reinraum-Polyester-Tupfer PS707"},"content":{"rendered":"<div>Gro\u00dfer rechteckiger Kopf, der fest mit dem langen inneren Paddelgriff verbunden ist.<a href=\"https:\/\/www.meditech.cc\/de\/cleanroom-swabs\/polyester-swabs\/\">Meditechs Reinraum-Polyester-Tupfer<\/a> PS707 verf\u00fcgt \u00fcber einen gro\u00dfen rechteckigen Kopf, der f\u00fcr die Reinigung gro\u00dfer Fl\u00e4chen und flacher Bereiche konzipiert ist. Eine lange, starre und gro\u00dfe interne Kopf Paddel Polyproylen Griff bietet eine gute Kontrolle und Benutzerfreundlichkeit.<br \/>\nSein doppellagig gestrickter Polyesterkopf besitzt ein hohes Ma\u00df an Sauberkeit und eine ausgezeichnete L\u00f6sungsmittelbest\u00e4ndigkeit.<br \/>\nEs wird f\u00fcr die Validierung von Oberfl\u00e4chenproben und -reinigungen empfohlen.<br \/>\nSein Reinheitsgrad bietet einen neutralen Hintergrund f\u00fcr die gewonnene Probe. Dieser Tupfer ist die ideale Wahl f\u00fcr die kontrollierte Reinigung und Probenahme von gro\u00dfen Fl\u00e4chen<\/div>\n<h2><span style=\"font-size: 14pt;\"><strong>Merkmale:<\/strong><\/span><\/h2>\n<div>- Frei von organischen Verunreinigungen wie Silikon, Amid und DOP.<br \/>\n- Geringer nichtfl\u00fcchtiger R\u00fcckstand, NVR<br \/>\n- Geringer Gehalt an Partikeln und Ionen.<br \/>\n- ESD-sicherer Griff (optional)<br \/>\n- Langer, hellgr\u00fcner Stiel aus Polypropylen<br \/>\n- Thermisch gebundener Polyesterkopf.<br \/>\n- Weiche und nicht scheuernde Spitze.<br \/>\n- Kompatibel mit den meisten g\u00e4ngigen L\u00f6sungsmitteln.<br \/>\n&#8211;\u00a0 Design: Large Rectangular head with long internal paddle handleApplications:<br \/>\n- F\u00fcr Reinigungsvalidierungsproben<br \/>\n- Auftragen von Schmiermitteln oder anderen Fl\u00fcssigkeiten<br \/>\n- Flussmittelreste und \u00fcbersch\u00fcssige Materialien entfernen.<br \/>\n- F\u00fcr allgemeine Reinigungszwecke.<\/div>\n<h2><span style=\"font-size: 14pt;\"><strong>Verpackung:<\/strong><\/span><\/h2>\n<div>100 Tupfer\/Beutel;<br \/>\n2 Innenbeutel mit 50 Tupfern;<br \/>\n50 Beutel\/Karton<\/div>","protected":false},"excerpt":{"rendered":"[tp_attributes num_attributes=\"105\"]","protected":false},"featured_media":1002,"comment_status":"closed","ping_status":"closed","template":"","meta":{"themepark_post_bcolor":"#f5f5f5","themepark_post_width":"1022px","themepark_post_img":"","themepark_post_img_po":"left","themepark_post_img_re":false,"themepark_post_img_cover":false,"themepark_post_img_fixed":false,"themepark_post_hide_title":false,"themepark_post_main_b":"","themepark_post_main_p":100,"themepark_paddingblock":false},"product_brand":[],"product_cat":[26,41],"product_tag":[74,71,79,95],"class_list":{"0":"post-1001","1":"product","2":"type-product","3":"status-publish","4":"has-post-thumbnail","6":"product_cat-cleanroom-swabs","7":"product_cat-polyester-swabs","8":"product_tag-cleaning-swab","9":"product_tag-cleanroom-swab","10":"product_tag-lint-free-swab","11":"product_tag-swab-sticks","13":"first","14":"instock","15":"product-type-simple"},"_links":{"self":[{"href":"https:\/\/www.meditech.cc\/de\/wp-json\/wp\/v2\/product\/1001","targetHints":{"allow":["GET"]}}],"collection":[{"href":"https:\/\/www.meditech.cc\/de\/wp-json\/wp\/v2\/product"}],"about":[{"href":"https:\/\/www.meditech.cc\/de\/wp-json\/wp\/v2\/types\/product"}],"replies":[{"embeddable":true,"href":"https:\/\/www.meditech.cc\/de\/wp-json\/wp\/v2\/comments?post=1001"}],"wp:featuredmedia":[{"embeddable":true,"href":"https:\/\/www.meditech.cc\/de\/wp-json\/wp\/v2\/media\/1002"}],"wp:attachment":[{"href":"https:\/\/www.meditech.cc\/de\/wp-json\/wp\/v2\/media?parent=1001"}],"wp:term":[{"taxonomy":"product_brand","embeddable":true,"href":"https:\/\/www.meditech.cc\/de\/wp-json\/wp\/v2\/product_brand?post=1001"},{"taxonomy":"product_cat","embeddable":true,"href":"https:\/\/www.meditech.cc\/de\/wp-json\/wp\/v2\/product_cat?post=1001"},{"taxonomy":"product_tag","embeddable":true,"href":"https:\/\/www.meditech.cc\/de\/wp-json\/wp\/v2\/product_tag?post=1001"}],"curies":[{"name":"wp","href":"https:\/\/api.w.org\/{rel}","templated":true}]}}