{"id":1003,"date":"2025-06-13T10:43:39","date_gmt":"2025-06-13T02:43:39","guid":{"rendered":"https:\/\/test.themepark.com.cn\/product\/cleanroom-foam-swab-fs750\/"},"modified":"2025-08-19T10:19:27","modified_gmt":"2025-08-19T02:19:27","slug":"cleanroom-foam-swab-fs750","status":"publish","type":"product","link":"https:\/\/www.meditech.cc\/de\/cleanroom-foam-swab-fs750","title":{"rendered":"Reinraum-Schaumstofftupfer FS750"},"content":{"rendered":"<div>Der Reinraum-Schaumstofftupfer FS750 von Meditech besteht aus komprimiertem, offenzelligem 100 ppi (Z) Polyurethanschaum, der frei von organischen Verunreinigungen ist. Der Schaumstoff ist thermisch mit dem Griff verbunden, so dass keine kontaminierenden Klebstoffe verwendet werden m\u00fcssen. Er hat einen kompakten Kopf aus komprimiertem Mini-Schaumstoff, der \u00fcber Festigkeit und eine spitze Spitze verf\u00fcgt.<\/div>\n<div>Er ist ein hervorragender und beliebter Tupfer f\u00fcr die Reinigung kleiner Schlitze, Rillen und rechtwinkliger Ecken an den Schiebern und dem Bet\u00e4tigungsarm der Magnetkopfstapelanordnung in der Festplattenindustrie. Ein ESD-sicherer, statisch ableitender, starrer und kompakter Griff ist als Option erh\u00e4ltlich. Sie zeichnen sich durch sehr geringe nichtfl\u00fcchtige R\u00fcckst\u00e4nde (NVR), Ionengehalt und Partikelerzeugung aus.<\/div>\n<div>Die f\u00fcr allgemeine Reinigungszwecke konzipierten Schaumstofftupfer FS750E mit optionalem ESD-sicherem Griff, die von Natur aus statisch ableitend sind, sind die idealen Tupfer f\u00fcr die Reinigung statisch empfindlicher Komponenten und bieten einen sauberen, dauerhaften ESD-Schutz mit beitragender Partikelkontamination.<\/div>\n<div><\/div>\n<div><\/div>\n<div><strong>Merkmale:<\/strong><\/div>\n<div>- Frei von organischen Verunreinigungen wie Silikon, Amid und DOP.<br \/>\n- Geringer nichtfl\u00fcchtiger R\u00fcckstand, NVR<br \/>\n- Geringer Gehalt an Partikeln und Ionen.<br \/>\n- ESD-sicherer, permanent statisch ableitender Griff ist als Option erh\u00e4ltlich<br \/>\n- Thermisch gebundener Schaumstoffkopf.<br \/>\n- Hohe L\u00f6semittelkapazit\u00e4t, kompakte und abriebfeste Spitze.<br \/>\n- Kompatibel mit den meisten g\u00e4ngigen L\u00f6sungsmitteln.<br \/>\n- Ausf\u00fchrung : Kleiner, spitzer Kopf mit starrem, kompaktem Griff<\/div>\n<div><\/div>\n<div><strong>Anwendungen:<\/strong><br \/>\n- Reinigung von kleinen Langl\u00f6chern, Rillen und schwer zug\u00e4nglichen Vertiefungen mit IPA.<br \/>\n- Mikro-mechanische Reinigung.<br \/>\n- Auftragen von Schmiermitteln oder anderen Fl\u00fcssigkeiten<br \/>\n- Flussmittelreste und \u00fcbersch\u00fcssige Materialien entfernen.<br \/>\n- F\u00fcr allgemeine Reinigungszwecke.<\/div>\n<div><\/div>\n<div>\n<p><strong>Verpackung:<\/strong><\/p>\n<p>500 Tupfer\/Beutel;<br \/>\n5 Innenbeutel mit 100 Tupfern;<br \/>\n100 Beutel\/Karton<\/p>\n<\/div>","protected":false},"excerpt":{"rendered":"[tp_attributes num_attributes=\"105\"]","protected":false},"featured_media":1004,"comment_status":"closed","ping_status":"closed","template":"","meta":{"themepark_post_bcolor":"#f5f5f5","themepark_post_width":"1022px","themepark_post_img":"","themepark_post_img_po":"left","themepark_post_img_re":false,"themepark_post_img_cover":false,"themepark_post_img_fixed":false,"themepark_post_hide_title":false,"themepark_post_main_b":"","themepark_post_main_p":100,"themepark_paddingblock":false},"product_brand":[],"product_cat":[26,33],"product_tag":[74,78,71,79],"class_list":{"0":"post-1003","1":"product","2":"type-product","3":"status-publish","4":"has-post-thumbnail","6":"product_cat-cleanroom-swabs","7":"product_cat-foam-swabs","8":"product_tag-cleaning-swab","9":"product_tag-cleanroom-foam-swabs","10":"product_tag-cleanroom-swab","11":"product_tag-lint-free-swab","13":"first","14":"instock","15":"product-type-simple"},"_links":{"self":[{"href":"https:\/\/www.meditech.cc\/de\/wp-json\/wp\/v2\/product\/1003","targetHints":{"allow":["GET"]}}],"collection":[{"href":"https:\/\/www.meditech.cc\/de\/wp-json\/wp\/v2\/product"}],"about":[{"href":"https:\/\/www.meditech.cc\/de\/wp-json\/wp\/v2\/types\/product"}],"replies":[{"embeddable":true,"href":"https:\/\/www.meditech.cc\/de\/wp-json\/wp\/v2\/comments?post=1003"}],"wp:featuredmedia":[{"embeddable":true,"href":"https:\/\/www.meditech.cc\/de\/wp-json\/wp\/v2\/media\/1004"}],"wp:attachment":[{"href":"https:\/\/www.meditech.cc\/de\/wp-json\/wp\/v2\/media?parent=1003"}],"wp:term":[{"taxonomy":"product_brand","embeddable":true,"href":"https:\/\/www.meditech.cc\/de\/wp-json\/wp\/v2\/product_brand?post=1003"},{"taxonomy":"product_cat","embeddable":true,"href":"https:\/\/www.meditech.cc\/de\/wp-json\/wp\/v2\/product_cat?post=1003"},{"taxonomy":"product_tag","embeddable":true,"href":"https:\/\/www.meditech.cc\/de\/wp-json\/wp\/v2\/product_tag?post=1003"}],"curies":[{"name":"wp","href":"https:\/\/api.w.org\/{rel}","templated":true}]}}