{"id":1005,"date":"2025-06-13T10:43:39","date_gmt":"2025-06-13T02:43:39","guid":{"rendered":"https:\/\/test.themepark.com.cn\/product\/cleanroom-foam-swab-fs707\/"},"modified":"2025-08-19T10:11:03","modified_gmt":"2025-08-19T02:11:03","slug":"cleanroom-foam-swab-fs707","status":"publish","type":"product","link":"https:\/\/www.meditech.cc\/de\/cleanroom-foam-swab-fs707","title":{"rendered":"Reinraum-Schaumstofftupfer FS707"},"content":{"rendered":"<div style=\"margin-left: 40px;\">\n<p><span style=\"font-size: 14px;\"><span style=\"font-family: arial;\"><strong>Reinraum-Schaumstofftupfer FS707 mit gro\u00dfem rechteckigen Kopf, der fest mit dem langen kompakten Griff verbunden ist<\/strong><\/span><\/span><\/p>\n<p><strong>Meditech's <span style=\"color: #000080;\">Reinraum-Schaumstofftupfer<\/span> FS707 <\/strong>verf\u00fcgt \u00fcber einen gro\u00dfen, rechteckigen Kopf, der fest mit einem langen, kompakten Stiel verbunden ist, der den Schaumstoff fest abst\u00fctzt und polstert. Der Kopf aus geschlossenzelligem Polyurethanschaum verf\u00fcgt \u00fcber eine ausgezeichnete L\u00f6sungsmittelaufnahmekapazit\u00e4t und Haltbarkeit.<br \/>\n<span style=\"font-size: 14px;\"><span style=\"font-family: arial;\">Reinraum-Schaumstofftupfer FS707<\/span><\/span> ist speziell f\u00fcr die allgemeine Reinigung von gro\u00dfen Oberfl\u00e4chen konzipiert. Hervorragend geeignet f\u00fcr die Reinigung von Thermodruckk\u00f6pfen, Transportrollen von Scheck-Scannern oder Leseger\u00e4ten, optoelektronischen Sensoren und Inkjet-Druckk\u00f6pfen.<br \/>\nEs kann auch bei der Anwendung von antiseptischen medizinischen Tupfern verwendet werden.<br \/>\nDer lange, starre Polypropylengriff sorgt f\u00fcr gute Kontrolle und einfache Handhabung.<\/p>\n<h2>Merkmale:<\/h2>\n<p>- Frei von organischen Verunreinigungen wie Silikon, Amid und DOP.<br \/>\n- Geringer nichtfl\u00fcchtiger R\u00fcckstand, NVR<br \/>\n- Geringer Gehalt an Partikeln und Ionen.<br \/>\n- ESD-sicherer, permanent statisch ableitender Griff ist als Option erh\u00e4ltlich<br \/>\n- Thermisch gebundener Schaumstoffkopf.<br \/>\n- Hohe L\u00f6semittelaufnahmekapazit\u00e4t, kompakte und abriebfeste Spitze.<br \/>\n- Kompatibel mit den meisten g\u00e4ngigen L\u00f6sungsmitteln.<br \/>\n- Ausf\u00fchrung : Gro\u00dfer, rechteckiger Kopf mit langem, starrem und kompaktem Griff<\/p>\n<h2>Anwendungen:<\/h2>\n<p>- Reinigung von gro\u00dfen Oberfl\u00e4chen, insbesondere von Thermodruckk\u00f6pfen, Tintenstrahldruckk\u00f6pfen, Transportrollen von Pr\u00fcfscannern\/Leseger\u00e4ten und optoelektronischen Sensoren.<br \/>\n- Auftragen von Schmiermitteln oder anderen Fl\u00fcssigkeiten<br \/>\n- Flussmittelreste und \u00fcbersch\u00fcssige Materialien entfernen.<br \/>\n- F\u00fcr allgemeine Reinigungszwecke.<\/p>\n<h2>Verpackung:<\/h2>\n<p>100 Tupfer\/Beutel;<br \/>\n2 Innenbeutel mit 50 Tupfern;<br \/>\n50 Beutel\/Karton<\/p>\n<\/div>","protected":false},"excerpt":{"rendered":"[tp_attributes num_attributes=\"105\"]","protected":false},"featured_media":1006,"comment_status":"closed","ping_status":"closed","template":"","meta":{"themepark_post_bcolor":"#f5f5f5","themepark_post_width":"1022px","themepark_post_img":"","themepark_post_img_po":"left","themepark_post_img_re":false,"themepark_post_img_cover":false,"themepark_post_img_fixed":false,"themepark_post_hide_title":false,"themepark_post_main_b":"","themepark_post_main_p":100,"themepark_paddingblock":false},"product_brand":[],"product_cat":[26,33],"product_tag":[74,73,70,77],"class_list":{"0":"post-1005","1":"product","2":"type-product","3":"status-publish","4":"has-post-thumbnail","6":"product_cat-cleanroom-swabs","7":"product_cat-foam-swabs","8":"product_tag-cleaning-swab","9":"product_tag-cleanroom-foam-swab","10":"product_tag-dust-free-swab","11":"product_tag-sponge-swab","13":"first","14":"instock","15":"product-type-simple"},"_links":{"self":[{"href":"https:\/\/www.meditech.cc\/de\/wp-json\/wp\/v2\/product\/1005","targetHints":{"allow":["GET"]}}],"collection":[{"href":"https:\/\/www.meditech.cc\/de\/wp-json\/wp\/v2\/product"}],"about":[{"href":"https:\/\/www.meditech.cc\/de\/wp-json\/wp\/v2\/types\/product"}],"replies":[{"embeddable":true,"href":"https:\/\/www.meditech.cc\/de\/wp-json\/wp\/v2\/comments?post=1005"}],"wp:featuredmedia":[{"embeddable":true,"href":"https:\/\/www.meditech.cc\/de\/wp-json\/wp\/v2\/media\/1006"}],"wp:attachment":[{"href":"https:\/\/www.meditech.cc\/de\/wp-json\/wp\/v2\/media?parent=1005"}],"wp:term":[{"taxonomy":"product_brand","embeddable":true,"href":"https:\/\/www.meditech.cc\/de\/wp-json\/wp\/v2\/product_brand?post=1005"},{"taxonomy":"product_cat","embeddable":true,"href":"https:\/\/www.meditech.cc\/de\/wp-json\/wp\/v2\/product_cat?post=1005"},{"taxonomy":"product_tag","embeddable":true,"href":"https:\/\/www.meditech.cc\/de\/wp-json\/wp\/v2\/product_tag?post=1005"}],"curies":[{"name":"wp","href":"https:\/\/api.w.org\/{rel}","templated":true}]}}