{"id":1013,"date":"2025-06-13T10:44:37","date_gmt":"2025-06-13T02:44:37","guid":{"rendered":"https:\/\/test.themepark.com.cn\/product\/cleanroom-foam-swab-fs746\/"},"modified":"2025-08-19T10:17:58","modified_gmt":"2025-08-19T02:17:58","slug":"cleanroom-foam-swab-fs746","status":"publish","type":"product","link":"https:\/\/www.meditech.cc\/de\/cleanroom-foam-swab-fs746","title":{"rendered":"Reinraum-Schaumstofftupfer FS746"},"content":{"rendered":"<div style=\"margin-left: 40px;\"><span style=\"font-size: 14px;\"><span style=\"font-size: 14px;\"><span style=\"font-family: arial;\"><strong>Reinraum-Schaumstofftupfer FS746<\/strong><br \/>\nMittlerer Schaumstofftupfer mit flexiblem Innenpaddelkopf und 3,4\" langem Griff.<\/span><\/span><\/span><\/div>\n<div><\/div>\n<div style=\"margin-left: 40px;\"><strong>Beschreibung:<\/strong><br \/>\n<span style=\"color: #000080;\">Meditech's Medium Schaumstofftupfer<\/span> FS746 verf\u00fcgt \u00fcber einen flexiblen internen Paddelkopf mit einem 3,4\" langen Griff, der guten Halt und Polsterung bietet. Er besteht aus 100 ppi offenzelligem Polyurethanschaum und ist der ideale Tupfer f\u00fcr die effektive Beseitigung von Kontaminationen auf Oberfl\u00e4chen und schwer zug\u00e4nglichen Bereichen. Sein reinraumgewaschener Schaumstoffkopf besitzt eine hohe L\u00f6sungsmittelkapazit\u00e4t.<br \/>\nDer flexible Paddle Foam Swab FS746 ist frei von organischen Verunreinigungen wie Silikon, Amid und Phthalatester.<br \/>\nEs zeichnet sich durch sehr geringe nichtfl\u00fcchtige R\u00fcckst\u00e4nde (NVR), Ionengehalt und Partikelerzeugung aus.<\/div>\n<div><\/div>\n<div style=\"margin-left: 40px;\"><strong>Merkmale:<\/strong><br \/>\n- Frei von Silikon, Amid und DOP.<br \/>\n- Geringer Partikel- und Ionengehalt und nicht fl\u00fcchtige R\u00fcckst\u00e4nde.<br \/>\n- Ein ESD-sicherer, permanent statisch ableitender Griff ist als Option erh\u00e4ltlich.<br \/>\n- Thermisch gebundener Schaumstoffkopf.<br \/>\n- Hohe L\u00f6sungskapazit\u00e4t, weich und nicht scheuernd.<br \/>\n- Kompatibel mit den meisten g\u00e4ngigen L\u00f6sungsmitteln.<br \/>\n- Konstruktion: Flexibles Kopfpaddel mit wirtschaftlichem 3,4\" langem Griff<\/div>\n<div><\/div>\n<div style=\"margin-left: 40px;\"><strong>Anwendungen:<\/strong><br \/>\n- Reinigung mit L\u00f6sungsmitteln wie IPA.<br \/>\n- Reinigung von Oberfl\u00e4chen und schwer zug\u00e4nglichen Stellen.<br \/>\n- Auftragen von Schmiermitteln oder anderen Fl\u00fcssigkeiten<br \/>\n- Flussmittelreste und \u00fcbersch\u00fcssige Materialien entfernen.<br \/>\n- F\u00fcr allgemeine Reinigungszwecke.<\/div>\n<div><\/div>\n<div style=\"margin-left: 40px;\"><strong>Verpackung:<\/strong><br \/>\n500 Tupfer\/Beutel;<br \/>\n5 Innenbeutel mit 100 Tupfern;<br \/>\n30 Beutel\/Karton&nbsp;<\/p>\n<\/div>","protected":false},"excerpt":{"rendered":"[tp_attributes num_attributes=\"105\"]","protected":false},"featured_media":1014,"comment_status":"closed","ping_status":"closed","template":"","meta":{"themepark_post_bcolor":"#f5f5f5","themepark_post_width":"1022px","themepark_post_img":"","themepark_post_img_po":"left","themepark_post_img_re":false,"themepark_post_img_cover":false,"themepark_post_img_fixed":false,"themepark_post_hide_title":false,"themepark_post_main_b":"","themepark_post_main_p":100,"themepark_paddingblock":false},"product_brand":[],"product_cat":[26,33],"product_tag":[74,71,79],"class_list":{"0":"post-1013","1":"product","2":"type-product","3":"status-publish","4":"has-post-thumbnail","6":"product_cat-cleanroom-swabs","7":"product_cat-foam-swabs","8":"product_tag-cleaning-swab","9":"product_tag-cleanroom-swab","10":"product_tag-lint-free-swab","12":"first","13":"instock","14":"product-type-simple"},"_links":{"self":[{"href":"https:\/\/www.meditech.cc\/de\/wp-json\/wp\/v2\/product\/1013","targetHints":{"allow":["GET"]}}],"collection":[{"href":"https:\/\/www.meditech.cc\/de\/wp-json\/wp\/v2\/product"}],"about":[{"href":"https:\/\/www.meditech.cc\/de\/wp-json\/wp\/v2\/types\/product"}],"replies":[{"embeddable":true,"href":"https:\/\/www.meditech.cc\/de\/wp-json\/wp\/v2\/comments?post=1013"}],"wp:featuredmedia":[{"embeddable":true,"href":"https:\/\/www.meditech.cc\/de\/wp-json\/wp\/v2\/media\/1014"}],"wp:attachment":[{"href":"https:\/\/www.meditech.cc\/de\/wp-json\/wp\/v2\/media?parent=1013"}],"wp:term":[{"taxonomy":"product_brand","embeddable":true,"href":"https:\/\/www.meditech.cc\/de\/wp-json\/wp\/v2\/product_brand?post=1013"},{"taxonomy":"product_cat","embeddable":true,"href":"https:\/\/www.meditech.cc\/de\/wp-json\/wp\/v2\/product_cat?post=1013"},{"taxonomy":"product_tag","embeddable":true,"href":"https:\/\/www.meditech.cc\/de\/wp-json\/wp\/v2\/product_tag?post=1013"}],"curies":[{"name":"wp","href":"https:\/\/api.w.org\/{rel}","templated":true}]}}