{"id":1015,"date":"2025-06-13T10:44:41","date_gmt":"2025-06-13T02:44:41","guid":{"rendered":"https:\/\/test.themepark.com.cn\/product\/cleanroom-foam-swab-fs751\/"},"modified":"2025-08-19T10:21:17","modified_gmt":"2025-08-19T02:21:17","slug":"cleanroom-foam-swab-fs751","status":"publish","type":"product","link":"https:\/\/www.meditech.cc\/de\/cleanroom-foam-swab-fs751","title":{"rendered":"Reinraum-Schaumstofftupfer FS751"},"content":{"rendered":"<div style=\"margin-left: 40px;\"><span style=\"font-size: 14px;\"><span style=\"font-size: 14px;\"><span style=\"font-family: arial;\"><strong>Reinraum-Schaumstofftupfer FS751<\/strong><br \/>\nKleiner, komprimierter Schaumstofftupfer mit kompaktem, steifem, konisch zulaufendem Innenkopfgriff.<\/span><\/span><\/span>Meditech's Small Compresed <a href=\"https:\/\/www.meditech.cc\/de\/cleanroom-swabs\/foam-swabs\/\"><span style=\"color: #000080;\">Schaumstofftupfer<\/span><\/a> FS751 ist ein ausgezeichneter Tupfer f\u00fcr die Reinigung. Er verf\u00fcgt \u00fcber einen reinraumgewaschenen, offenzelligen 100 ppi (Z) Polyurethanschaumkopf, der eine hohe L\u00f6sungsmittelkapazit\u00e4t und gute D\u00e4mpfung aufweist. Er hat einen kompakten, starren, konisch zulaufenden Innenkopfgriff, der bei der Reinigung kleiner geschlitzter und gerillter Bereiche stabilen Halt bietet.<br \/>\nUniversal Foam Swabs FS751 ist frei von organischen Verunreinigungen wie Silikon, Amid- und Phthalatester.<br \/>\nEs zeichnet sich durch sehr geringe nichtfl\u00fcchtige R\u00fcckst\u00e4nde (NVR), Ionengehalt und Partikelerzeugung aus.<br \/>\nDie optionalen Universaltupfer FS751E eignen sich hervorragend zur Reinigung statisch empfindlicher Bauteile.<\/div>\n<div><\/div>\n<div style=\"margin-left: 40px;\"><strong>Merkmale:<\/strong><br \/>\n- Frei von Silikon, Amid und DOP.<br \/>\n- Geringer Gehalt an Partikeln und Ionen.<br \/>\n- ESD-sicherer Griff (optional)<br \/>\n- Thermisch gebundener Schaumstoffkopf.<br \/>\n- Hohe L\u00f6sungskapazit\u00e4t, weich und nicht scheuernd.<br \/>\n- Kompatibel mit den meisten g\u00e4ngigen L\u00f6sungsmitteln<br \/>\n- Konstruktion: Starrer Kopf mit kompaktem Griff<\/div>\n<div><\/div>\n<div style=\"margin-left: 40px;\"><strong>Anwendungen:<\/strong><br \/>\n- Reinigung mit L\u00f6sungsmitteln wie IPA.<br \/>\n- Reinigung kleiner und begrenzter Bereiche.<br \/>\n- Auftragen von Schmiermitteln oder anderen Fl\u00fcssigkeiten<br \/>\n- Flussmittelreste und \u00fcbersch\u00fcssige Materialien entfernen.<br \/>\n- F\u00fcr allgemeine Reinigungszwecke.<\/div>\n<div><\/div>\n<div style=\"margin-left: 40px;\"><strong>Verpackung:<\/strong><br \/>\n500 Tupfer\/Beutel;<br \/>\n5 Innenbeutel mit 100 Tupfern;<br \/>\n100 Beutel\/Karton<\/div>","protected":false},"excerpt":{"rendered":"[tp_attributes num_attributes=\"105\"]","protected":false},"featured_media":1016,"comment_status":"closed","ping_status":"closed","template":"","meta":{"themepark_post_bcolor":"#f5f5f5","themepark_post_width":"1022px","themepark_post_img":"","themepark_post_img_po":"left","themepark_post_img_re":false,"themepark_post_img_cover":false,"themepark_post_img_fixed":false,"themepark_post_hide_title":false,"themepark_post_main_b":"","themepark_post_main_p":100,"themepark_paddingblock":false},"product_brand":[],"product_cat":[26,33],"product_tag":[74,73,71,79],"class_list":{"0":"post-1015","1":"product","2":"type-product","3":"status-publish","4":"has-post-thumbnail","6":"product_cat-cleanroom-swabs","7":"product_cat-foam-swabs","8":"product_tag-cleaning-swab","9":"product_tag-cleanroom-foam-swab","10":"product_tag-cleanroom-swab","11":"product_tag-lint-free-swab","13":"first","14":"instock","15":"product-type-simple"},"_links":{"self":[{"href":"https:\/\/www.meditech.cc\/de\/wp-json\/wp\/v2\/product\/1015","targetHints":{"allow":["GET"]}}],"collection":[{"href":"https:\/\/www.meditech.cc\/de\/wp-json\/wp\/v2\/product"}],"about":[{"href":"https:\/\/www.meditech.cc\/de\/wp-json\/wp\/v2\/types\/product"}],"replies":[{"embeddable":true,"href":"https:\/\/www.meditech.cc\/de\/wp-json\/wp\/v2\/comments?post=1015"}],"wp:featuredmedia":[{"embeddable":true,"href":"https:\/\/www.meditech.cc\/de\/wp-json\/wp\/v2\/media\/1016"}],"wp:attachment":[{"href":"https:\/\/www.meditech.cc\/de\/wp-json\/wp\/v2\/media?parent=1015"}],"wp:term":[{"taxonomy":"product_brand","embeddable":true,"href":"https:\/\/www.meditech.cc\/de\/wp-json\/wp\/v2\/product_brand?post=1015"},{"taxonomy":"product_cat","embeddable":true,"href":"https:\/\/www.meditech.cc\/de\/wp-json\/wp\/v2\/product_cat?post=1015"},{"taxonomy":"product_tag","embeddable":true,"href":"https:\/\/www.meditech.cc\/de\/wp-json\/wp\/v2\/product_tag?post=1015"}],"curies":[{"name":"wp","href":"https:\/\/api.w.org\/{rel}","templated":true}]}}