{"id":1019,"date":"2025-06-13T10:44:41","date_gmt":"2025-06-13T02:44:41","guid":{"rendered":"https:\/\/test.themepark.com.cn\/product\/cleanroom-foam-swab-fs741\/"},"modified":"2025-08-19T10:13:41","modified_gmt":"2025-08-19T02:13:41","slug":"cleanroom-foam-swab-fs741","status":"publish","type":"product","link":"https:\/\/www.meditech.cc\/de\/cleanroom-foam-swab-fs741","title":{"rendered":"Reinraum-Schaumstofftupfer FS741"},"content":{"rendered":"<div style=\"margin-left: 40px;\"><span style=\"font-size: 14px;\"><span style=\"font-size: 14px;\"><span style=\"font-family: arial;\"><strong>Reinraum-Schaumstofftupfer FS741<\/strong><br \/>\nKleiner Schaumstofftupfer mit flexiblem Innenkopf und festem Griff.<\/span><\/span><\/span><\/div>\n<div><\/div>\n<div style=\"margin-left: 40px;\"><strong>Beschreibung:<\/strong><br \/>\nMeditech ist klein <a href=\"https:\/\/www.meditech.cc\/de\/cleanroom-swabs\/foam-swabs\/\"><span style=\"color: #000080;\">Tupfer mit Schaumstoffspitze<\/span><\/a> FS741 ist ein ausgezeichneter Allzweck-Reinigungstupfer. Er verf\u00fcgt \u00fcber einen im Reinraum gewaschenen, offenzelligen 100 ppi (Z) Polyurethanschaumkopf, der eine hohe L\u00f6sungsmittelkapazit\u00e4t und eine gute Polsterung aufweist. <span style=\"font-size: 14px;\"><span style=\"font-family: arial;\">Reinraum-Schaumstofftupfer FS741<\/span><\/span> hat einen kompakten, starren Griff mit einem flexiblen Schaufelkopf, der bei der Reinigung von kleinen und begrenzten Bereichen stabilen Halt bietet.<br \/>\nUniversal Cleanroom Foam Swabs FS741 ist frei von organischen Verunreinigungen wie Silikon, Amid- und Phthalatester.<br \/>\nEs zeichnet sich durch sehr geringe nichtfl\u00fcchtige R\u00fcckst\u00e4nde (NVR), Ionengehalt und Partikelerzeugung aus.<br \/>\nDie optionalen Universaltupfer FS741E eignen sich hervorragend zur Reinigung statisch empfindlicher Bauteile.<\/div>\n<div><\/div>\n<div style=\"margin-left: 40px;\"><strong>Merkmale:<\/strong><br \/>\n- Frei von Silikon, Amid und DOP.<br \/>\n- Geringer Gehalt an Partikeln und Ionen.<br \/>\n- ESD-sicherer Griff (optional)<br \/>\n- Thermisch gebundener Schaumstoffkopf.<br \/>\n- Hohe L\u00f6sungskapazit\u00e4t, weich und nicht scheuernd.<br \/>\n- Kompatibel mit den meisten g\u00e4ngigen L\u00f6sungsmitteln<br \/>\n- Konstruktion: Starrer Kopf mit kompaktem Griff<\/div>\n<div><\/div>\n<div style=\"margin-left: 40px;\"><strong>Anwendungen:<\/strong><br \/>\n- Reinigung mit L\u00f6sungsmitteln wie IPA.<br \/>\n- Reinigung kleiner und begrenzter Bereiche.<br \/>\n- Auftragen von Schmiermitteln oder anderen Fl\u00fcssigkeiten<br \/>\n- Flussmittelreste und \u00fcbersch\u00fcssige Materialien entfernen.<br \/>\n- F\u00fcr allgemeine Reinigungszwecke.<\/div>\n<div><\/div>\n<div style=\"margin-left: 40px;\"><strong>Verpackung:<\/strong><br \/>\n500 Tupfer\/Beutel;<br \/>\n5 Innenbeutel mit 100 Tupfern;<br \/>\n100 Beutel\/Karton<\/div>","protected":false},"excerpt":{"rendered":"[tp_attributes num_attributes=\"105\"]","protected":false},"featured_media":1020,"comment_status":"closed","ping_status":"closed","template":"","meta":{"themepark_post_bcolor":"#f5f5f5","themepark_post_width":"1022px","themepark_post_img":"","themepark_post_img_po":"left","themepark_post_img_re":false,"themepark_post_img_cover":false,"themepark_post_img_fixed":false,"themepark_post_hide_title":false,"themepark_post_main_b":"","themepark_post_main_p":100,"themepark_paddingblock":false},"product_brand":[],"product_cat":[26,33],"product_tag":[],"class_list":{"0":"post-1019","1":"product","2":"type-product","3":"status-publish","4":"has-post-thumbnail","6":"product_cat-cleanroom-swabs","7":"product_cat-foam-swabs","9":"first","10":"instock","11":"product-type-simple"},"_links":{"self":[{"href":"https:\/\/www.meditech.cc\/de\/wp-json\/wp\/v2\/product\/1019","targetHints":{"allow":["GET"]}}],"collection":[{"href":"https:\/\/www.meditech.cc\/de\/wp-json\/wp\/v2\/product"}],"about":[{"href":"https:\/\/www.meditech.cc\/de\/wp-json\/wp\/v2\/types\/product"}],"replies":[{"embeddable":true,"href":"https:\/\/www.meditech.cc\/de\/wp-json\/wp\/v2\/comments?post=1019"}],"wp:featuredmedia":[{"embeddable":true,"href":"https:\/\/www.meditech.cc\/de\/wp-json\/wp\/v2\/media\/1020"}],"wp:attachment":[{"href":"https:\/\/www.meditech.cc\/de\/wp-json\/wp\/v2\/media?parent=1019"}],"wp:term":[{"taxonomy":"product_brand","embeddable":true,"href":"https:\/\/www.meditech.cc\/de\/wp-json\/wp\/v2\/product_brand?post=1019"},{"taxonomy":"product_cat","embeddable":true,"href":"https:\/\/www.meditech.cc\/de\/wp-json\/wp\/v2\/product_cat?post=1019"},{"taxonomy":"product_tag","embeddable":true,"href":"https:\/\/www.meditech.cc\/de\/wp-json\/wp\/v2\/product_tag?post=1019"}],"curies":[{"name":"wp","href":"https:\/\/api.w.org\/{rel}","templated":true}]}}