{"id":733,"date":"2025-06-13T10:35:04","date_gmt":"2025-06-13T02:35:04","guid":{"rendered":"https:\/\/test.themepark.com.cn\/product\/card-reader-cr80-full-flocked-cleaning-card\/"},"modified":"2025-10-27T16:42:36","modified_gmt":"2025-10-27T08:42:36","slug":"card-reader-cr80-full-flocked-cleaning-card","status":"publish","type":"product","link":"https:\/\/www.meditech.cc\/de\/card-reader-cr80-full-flocked-cleaning-card","title":{"rendered":"Kartenleser CR80 Voll beflockte Reinigungskarte"},"content":{"rendered":"<p><span style=\"font-size: 14px;\"><strong>Kartenleser Beflockte Reinigungskarte<\/strong><br \/>\nBeidseitig vollfl\u00e4chig beflockt, vorgetr\u00e4nkt mit Alcohol Free Cleaner<br \/>\nVerpackung: 50 Reinigungskarten pro Box<br \/>\nNenngr\u00f6\u00dfe Abmessung: 54 x 86 x 1,10 mm<br \/>\nTeilenummer: CRCC-CR80F-AF<\/span><\/p>\n<p><strong>Merkmale und Vorteile<\/strong><\/p>\n<ul>\n<li><span style=\"font-size: 14px;\">Clean Efficiently due to Brush Cleaning Effect.<\/span><\/li>\n<li><span style=\"font-size: 14px;\">Weniger Maschinenausf\u00e4lle durch effektive Schmutzentfernung.<\/span><\/li>\n<li><span style=\"font-size: 14px;\">Simple and Easy Handling<\/span><\/li>\n<li>Effectively clean magnetic head conceal in difficult to reach recess area.<\/li>\n<\/ul>\n<p><span style=\"font-size: 14px;\"><br \/>\n<\/span><span style=\"font-size: 14px;\"><br \/>\n<strong>Anwendungen<\/strong><br \/>\nF\u00fcr alle Geldautomaten mit mechanischem und motorisiertem Kartenleser, aber ohne Verschluss.<br \/>\nReinigung der IC-Kontaktstifte in Chipkartenlesern und des Magnetkopfes in Durchzugs- oder Einsteckkartenlesern.<\/span><\/p>\n<p><strong>Merkmale<\/strong><br \/>\nDie beflockte Reinigungskarte f\u00fcr Kartenleser wird f\u00fcr die vorbeugende Wartung von Geldautomaten, Spielautomaten und Chipkartenlesern empfohlen. Sie ist extrem effektiv bei hohem Schmutzaufkommen.<br \/>\nEs kann mit alkoholfreiem Reiniger vorbefeuchtet werden, um einen hohen Grad an Sauberkeit zu erreichen.<br \/>\nUnsere eigens entwickelte alkoholfreie Reinigungsl\u00f6sung ist antimikrobiell, 100% ungiftig, nicht brennbar, umweltfreundlich und RoHS-konform. Siehe MSDS-CRCC-CR80F-AF<br \/>\nDer alkoholfreie Reiniger ist frei von Iso-Propyl-Alkohol, Ammoniak und Natrium-Lauryl-Sulfat und reinigt sicher, entfernt Staub, schmutzige Flecken und hinterl\u00e4sst keine R\u00fcckst\u00e4nde auf der Oberfl\u00e4che.<\/p>","protected":false},"excerpt":{"rendered":"[tp_attributes num_attributes=\"105\"]","protected":false},"featured_media":2478,"comment_status":"closed","ping_status":"closed","template":"","meta":{"themepark_post_bcolor":"#f5f5f5","themepark_post_width":"1022px","themepark_post_img":"","themepark_post_img_po":"left","themepark_post_img_re":false,"themepark_post_img_cover":false,"themepark_post_img_fixed":false,"themepark_post_hide_title":false,"themepark_post_main_b":"","themepark_post_main_p":100,"themepark_paddingblock":false},"product_brand":[],"product_cat":[55,40],"product_tag":[86,87,162,163],"class_list":{"0":"post-733","1":"product","2":"type-product","3":"status-publish","4":"has-post-thumbnail","6":"product_cat-card-reader-cleaning-kit","7":"product_cat-other-cleaning-kits","8":"product_tag-atm-cleaning-card","9":"product_tag-card-reader-cleaning-card","10":"product_tag-slot-machine-cleaning-card","11":"product_tag-smart-card-reader-cleaning-card","13":"first","14":"instock","15":"product-type-simple"},"_links":{"self":[{"href":"https:\/\/www.meditech.cc\/de\/wp-json\/wp\/v2\/product\/733","targetHints":{"allow":["GET"]}}],"collection":[{"href":"https:\/\/www.meditech.cc\/de\/wp-json\/wp\/v2\/product"}],"about":[{"href":"https:\/\/www.meditech.cc\/de\/wp-json\/wp\/v2\/types\/product"}],"replies":[{"embeddable":true,"href":"https:\/\/www.meditech.cc\/de\/wp-json\/wp\/v2\/comments?post=733"}],"wp:featuredmedia":[{"embeddable":true,"href":"https:\/\/www.meditech.cc\/de\/wp-json\/wp\/v2\/media\/2478"}],"wp:attachment":[{"href":"https:\/\/www.meditech.cc\/de\/wp-json\/wp\/v2\/media?parent=733"}],"wp:term":[{"taxonomy":"product_brand","embeddable":true,"href":"https:\/\/www.meditech.cc\/de\/wp-json\/wp\/v2\/product_brand?post=733"},{"taxonomy":"product_cat","embeddable":true,"href":"https:\/\/www.meditech.cc\/de\/wp-json\/wp\/v2\/product_cat?post=733"},{"taxonomy":"product_tag","embeddable":true,"href":"https:\/\/www.meditech.cc\/de\/wp-json\/wp\/v2\/product_tag?post=733"}],"curies":[{"name":"wp","href":"https:\/\/api.w.org\/{rel}","templated":true}]}}