{"id":739,"date":"2025-06-13T10:35:04","date_gmt":"2025-06-13T02:35:04","guid":{"rendered":"https:\/\/test.themepark.com.cn\/product\/card-reader-cr80-flat-cleaning-card\/"},"modified":"2025-08-02T15:30:38","modified_gmt":"2025-08-02T07:30:38","slug":"card-reader-cr80-flat-cleaning-card","status":"publish","type":"product","link":"https:\/\/www.meditech.cc\/de\/card-reader-cr80-flat-cleaning-card","title":{"rendered":"Kartenleser CR80 Flachreinigungskarte"},"content":{"rendered":"<p><span style=\"font-size: 14px;\"><strong>Generische CR80-Reinigungskarte<br \/>\n- Vorges\u00e4ttigt mit IPA<\/strong><br \/>\nVerpackung: 50 vorgetr\u00e4nkte Reinigungskarten pro Schachtel<br \/>\nNenngr\u00f6\u00dfe Abmessung: 54 X 86 X 0,711 mm<br \/>\nTeilenummer: TPCC-CR80<\/span><\/p>\n<p><strong>Merkmale und Vorteile<\/strong><br \/>\n- Kosteng\u00fcnstige Wartung Ihrer Kartenleser im Rahmen der Routinewartung zur Vermeidung von Lesefehlern oder Leseausf\u00e4llen.<br \/>\n- Weniger Maschinenausf\u00e4lle durch effektive Schmutzentfernung.<br \/>\n- Einfache Handhabung<br \/>\n- Isopropyl-Alkohol-Reiniger reinigt sicher, entfernt Staub, schmutzige Flecken und hinterl\u00e4sst keine R\u00fcckst\u00e4nde auf der Oberfl\u00e4che. - Siehe MSDS TPCC-CR80<\/p>\n<p><strong>Anwendungen<\/strong><br \/>\nDie mit IPA vorgetr\u00e4nkte CR80-Reinigungskarte ist ein alternativer Reiniger f\u00fcr die vorbeugende Wartung von Geldautomaten, POS-Terminals, Magnetstreifenkartenlesern, Smartcard-Lesern, Hotelt\u00fcrschloss-Lesern, Tankstellen, Spielautomaten, Verkaufsautomaten und Ausweisdruckern.<\/p>\n<p><strong>Merkmale<\/strong><br \/>\nKartenleser erfordern eine vorbeugende Wartung, um die Magnetk\u00f6pfe sauber und frei von Verunreinigungen zu halten. Es reinigt und revitalisiert die Transportgummirollen und die Rollenbahnf\u00fchrung.<br \/>\nVorgetr\u00e4nkte Reinigungskarten sind eine kosteng\u00fcnstige M\u00f6glichkeit, Ihre Kartenleser zu warten und die Lebensdauer der Magnetk\u00f6pfe zu verl\u00e4ngern.<\/p>","protected":false},"excerpt":{"rendered":"[tp_attributes num_attributes=\"105\"]","protected":false},"featured_media":2348,"comment_status":"closed","ping_status":"closed","template":"","meta":{"themepark_post_bcolor":"#f5f5f5","themepark_post_width":"1022px","themepark_post_img":"","themepark_post_img_po":"left","themepark_post_img_re":false,"themepark_post_img_cover":false,"themepark_post_img_fixed":false,"themepark_post_hide_title":false,"themepark_post_main_b":"","themepark_post_main_p":100,"themepark_paddingblock":false},"product_brand":[],"product_cat":[55,40],"product_tag":[86,87,83,82,102,103],"class_list":{"0":"post-739","1":"product","2":"type-product","3":"status-publish","4":"has-post-thumbnail","6":"product_cat-card-reader-cleaning-kit","7":"product_cat-other-cleaning-kits","8":"product_tag-atm-cleaning-card","9":"product_tag-card-reader-cleaning-card","10":"product_tag-cr80-cleaning-card","11":"product_tag-ipa-cleaning-card","12":"product_tag-isopropyl-alcohol-cleaning-card","13":"product_tag-pos-cleaning-card","15":"first","16":"instock","17":"product-type-simple"},"_links":{"self":[{"href":"https:\/\/www.meditech.cc\/de\/wp-json\/wp\/v2\/product\/739","targetHints":{"allow":["GET"]}}],"collection":[{"href":"https:\/\/www.meditech.cc\/de\/wp-json\/wp\/v2\/product"}],"about":[{"href":"https:\/\/www.meditech.cc\/de\/wp-json\/wp\/v2\/types\/product"}],"replies":[{"embeddable":true,"href":"https:\/\/www.meditech.cc\/de\/wp-json\/wp\/v2\/comments?post=739"}],"wp:featuredmedia":[{"embeddable":true,"href":"https:\/\/www.meditech.cc\/de\/wp-json\/wp\/v2\/media\/2348"}],"wp:attachment":[{"href":"https:\/\/www.meditech.cc\/de\/wp-json\/wp\/v2\/media?parent=739"}],"wp:term":[{"taxonomy":"product_brand","embeddable":true,"href":"https:\/\/www.meditech.cc\/de\/wp-json\/wp\/v2\/product_brand?post=739"},{"taxonomy":"product_cat","embeddable":true,"href":"https:\/\/www.meditech.cc\/de\/wp-json\/wp\/v2\/product_cat?post=739"},{"taxonomy":"product_tag","embeddable":true,"href":"https:\/\/www.meditech.cc\/de\/wp-json\/wp\/v2\/product_tag?post=739"}],"curies":[{"name":"wp","href":"https:\/\/api.w.org\/{rel}","templated":true}]}}