{"id":741,"date":"2025-06-13T10:35:04","date_gmt":"2025-06-13T02:35:04","guid":{"rendered":"https:\/\/test.themepark.com.cn\/product\/atm-cr80-flat-cleaning-card\/"},"modified":"2025-07-16T15:49:12","modified_gmt":"2025-07-16T07:49:12","slug":"atm-cr80-flat-cleaning-card","status":"publish","type":"product","link":"https:\/\/www.meditech.cc\/de\/atm-cr80-flat-cleaning-card","title":{"rendered":"ATM CR80 Flachreinigungskarte"},"content":{"rendered":"<p><span style=\"font-size: 14px;\"><strong>Allgemeine CR80-Reinigungskarte - vorgetr\u00e4nkt mit IPA<\/strong><br \/>\nVerpackung: 50 vorgetr\u00e4nkte Reinigungskarten pro Schachtel<br \/>\nNenngr\u00f6\u00dfe Abmessung: 54 X 86 X 0,711 mm<br \/>\nTeilenummer: TPCC-CR80<\/span><\/p>\n<p>&nbsp;<\/p>\n<h2>Merkmale und Vorteile<\/h2>\n<p><span style=\"font-size: 14px;\">- Kosteng\u00fcnstige Wartung Ihrer Kartenleser im Rahmen der Routinewartung zur Vermeidung von Lesefehlern oder Leseausf\u00e4llen.<br \/>\n- Weniger Maschinenausf\u00e4lle durch effektive Schmutzentfernung.<br \/>\n- Einfache Handhabung<br \/>\n- Isopropyl-Alkohol-Reiniger reinigt sicher, entfernt Staub, schmutzige Flecken und hinterl\u00e4sst keine R\u00fcckst\u00e4nde auf der Oberfl\u00e4che. - Siehe MSDS TPCC-CR80<\/span><\/p>\n<p>&nbsp;<\/p>\n<h2>Anwendungen<\/h2>\n<p><span style=\"font-size: 14px;\">Die mit IPA vorgetr\u00e4nkte CR80-Reinigungskarte ist ein alternativer Reiniger f\u00fcr die vorbeugende Wartung von Geldautomaten, POS-Terminals, Magnetstreifenkartenlesern, Smartcard-Lesern, Hotelt\u00fcrschloss-Lesern, Tankstellen, Spielautomaten, Verkaufsautomaten und Ausweisdruckern.<\/span><\/p>\n<h2><span style=\"font-size: 14px;\"><br \/>\n<\/span>Merkmale<\/h2>\n<p><span style=\"font-size: 14px;\">Kartenleser erfordern eine vorbeugende Wartung, um die Magnetk\u00f6pfe sauber und frei von Verunreinigungen zu halten. Es reinigt und revitalisiert die Transportgummirollen und die Rollenbahnf\u00fchrung.<br \/>\nVorgetr\u00e4nkte Reinigungskarten sind eine kosteng\u00fcnstige M\u00f6glichkeit, Ihre Kartenleser zu warten und die Lebensdauer der Magnetk\u00f6pfe zu verl\u00e4ngern.<\/span><\/p>","protected":false},"excerpt":{"rendered":"[tp_attributes num_attributes=\"105\"]","protected":false},"featured_media":2313,"comment_status":"closed","ping_status":"closed","template":"","meta":{"themepark_post_bcolor":"#f5f5f5","themepark_post_width":"1022px","themepark_post_img":"","themepark_post_img_po":"left","themepark_post_img_re":false,"themepark_post_img_cover":false,"themepark_post_img_fixed":false,"themepark_post_hide_title":false,"themepark_post_main_b":"","themepark_post_main_p":100,"themepark_paddingblock":false},"product_brand":[],"product_cat":[53,40],"product_tag":[83,82],"class_list":{"0":"post-741","1":"product","2":"type-product","3":"status-publish","4":"has-post-thumbnail","6":"product_cat-atm-cleaning-kit","7":"product_cat-other-cleaning-kits","8":"product_tag-cr80-cleaning-card","9":"product_tag-ipa-cleaning-card","11":"first","12":"instock","13":"product-type-simple"},"_links":{"self":[{"href":"https:\/\/www.meditech.cc\/de\/wp-json\/wp\/v2\/product\/741","targetHints":{"allow":["GET"]}}],"collection":[{"href":"https:\/\/www.meditech.cc\/de\/wp-json\/wp\/v2\/product"}],"about":[{"href":"https:\/\/www.meditech.cc\/de\/wp-json\/wp\/v2\/types\/product"}],"replies":[{"embeddable":true,"href":"https:\/\/www.meditech.cc\/de\/wp-json\/wp\/v2\/comments?post=741"}],"wp:featuredmedia":[{"embeddable":true,"href":"https:\/\/www.meditech.cc\/de\/wp-json\/wp\/v2\/media\/2313"}],"wp:attachment":[{"href":"https:\/\/www.meditech.cc\/de\/wp-json\/wp\/v2\/media?parent=741"}],"wp:term":[{"taxonomy":"product_brand","embeddable":true,"href":"https:\/\/www.meditech.cc\/de\/wp-json\/wp\/v2\/product_brand?post=741"},{"taxonomy":"product_cat","embeddable":true,"href":"https:\/\/www.meditech.cc\/de\/wp-json\/wp\/v2\/product_cat?post=741"},{"taxonomy":"product_tag","embeddable":true,"href":"https:\/\/www.meditech.cc\/de\/wp-json\/wp\/v2\/product_tag?post=741"}],"curies":[{"name":"wp","href":"https:\/\/api.w.org\/{rel}","templated":true}]}}