{"id":749,"date":"2025-06-13T10:35:04","date_gmt":"2025-06-13T02:35:04","guid":{"rendered":"https:\/\/test.themepark.com.cn\/product\/esd-safe-spiral-pointed-foam-swab-fs52\/"},"modified":"2026-03-13T16:47:51","modified_gmt":"2026-03-13T08:47:51","slug":"esd-safe-spiral-pointed-foam-swab-fs52","status":"publish","type":"product","link":"https:\/\/www.meditech.cc\/de\/esd-safe-spiral-pointed-foam-swab-fs52","title":{"rendered":"ESD-Safe Spiral Pointed Foam Swab FS752"},"content":{"rendered":"<p>ESD-Safe Spiral Pointed Foam Swab FS752 is an excellent and popular cleaning foam swab for cleaning small slots, grooves, and right angle corners on the sliders and actuator arm of the magnetic head stack assembly in hard disk drive industry.<\/p>\n<p>Diese Art von kleinen Schaumstofftupfern mit spitzer Spitze kann sehr effektiv Staub und andere Verunreinigungen aufnehmen. Antistatische Reinraum-Schaumstofftupfer FS752 sind auch die idealen Tupfer f\u00fcr die Reinigung statisch empfindlicher Komponenten oder Teile.<\/p>\n<p>Die Auswahl an antistatischen Griffen umfasst folgende Materialien: Gr\u00fcner antistatischer Polypropylen-Griff und antistatischer ABS-Griff.<\/p>\n<p>Der hochwertige, gewaschene, offenzellige 100 ppi (Z) Polyurethanschaum kombiniert au\u00dfergew\u00f6hnliche Sauberkeit mit der F\u00e4higkeit, Partikel einzuschlie\u00dfen, und ist frei von organischen Verunreinigungen.<\/p>\n<p>Das Design des geriffelten Kopfes verbessert die Reinigungseffizienz zus\u00e4tzlich. Der kleine, konische Griff und die starre Spitze sorgen f\u00fcr maximale Kontrolle.<\/p>\n<p>Der Schaumstofftupfer FS752 mit ESD-Griff verhindert Sch\u00e4den durch statische Elektrizit\u00e4t und ist bei jeder Luftfeuchtigkeit wirksam.<\/p>\n<p>Die thermische Verklebung macht die Verwendung von verunreinigenden Klebstoffen, Beschichtungen und Sprays \u00fcberfl\u00fcssig.<\/p>\n<p>Alle Reinraum-Schaumstofftupfer sind in silikon- und amidfreien Beuteln verpackt.<\/p>\n<h2><span style=\"font-size: 14pt;\"><strong>Anwendungen und Branchen<\/strong><\/span><\/h2>\n<ul>\n<li>Cleaning with compatible solutions and solvents such as IPA<\/li>\n<li>Effectively clean small hole, tight, hard to reach areas<\/li>\n<li>Remove flux residue and excess material<\/li>\n<li>Use in any static sensitive application<\/li>\n<li>Micro-mechanical Cleaning<\/li>\n<li>Used in the electronics, semiconductor, hard disk drive, Optics-electronic, LCD,PCB,SMT, IC, medical field and biotech industries.<\/li>\n<\/ul>\n<h2><span style=\"font-size: 14pt;\"><strong>Verpacken<\/strong><\/span><\/h2>\n<p>500 Tupfer\/Beutel<br \/>\n5 Innenbeutel mit 100 Tupfern<br \/>\n50 Beutel\/Koffer<\/p>","protected":false},"excerpt":{"rendered":"[tp_attributes num_attributes=\"105\"]","protected":false},"featured_media":750,"comment_status":"closed","ping_status":"closed","template":"","meta":{"themepark_post_bcolor":"#f5f5f5","themepark_post_width":"1022px","themepark_post_img":"","themepark_post_img_po":"left","themepark_post_img_re":false,"themepark_post_img_cover":false,"themepark_post_img_fixed":false,"themepark_post_hide_title":false,"themepark_post_main_b":"","themepark_post_main_p":100,"themepark_paddingblock":false},"product_brand":[],"product_cat":[26,33],"product_tag":[89,71,120,72,79,95],"class_list":{"0":"post-749","1":"product","2":"type-product","3":"status-publish","4":"has-post-thumbnail","6":"product_cat-cleanroom-swabs","7":"product_cat-foam-swabs","8":"product_tag-clean-swab","9":"product_tag-cleanroom-swab","10":"product_tag-esd-safe-swab","11":"product_tag-foam-swab","12":"product_tag-lint-free-swab","13":"product_tag-swab-sticks","15":"first","16":"instock","17":"product-type-simple"},"_links":{"self":[{"href":"https:\/\/www.meditech.cc\/de\/wp-json\/wp\/v2\/product\/749","targetHints":{"allow":["GET"]}}],"collection":[{"href":"https:\/\/www.meditech.cc\/de\/wp-json\/wp\/v2\/product"}],"about":[{"href":"https:\/\/www.meditech.cc\/de\/wp-json\/wp\/v2\/types\/product"}],"replies":[{"embeddable":true,"href":"https:\/\/www.meditech.cc\/de\/wp-json\/wp\/v2\/comments?post=749"}],"wp:featuredmedia":[{"embeddable":true,"href":"https:\/\/www.meditech.cc\/de\/wp-json\/wp\/v2\/media\/750"}],"wp:attachment":[{"href":"https:\/\/www.meditech.cc\/de\/wp-json\/wp\/v2\/media?parent=749"}],"wp:term":[{"taxonomy":"product_brand","embeddable":true,"href":"https:\/\/www.meditech.cc\/de\/wp-json\/wp\/v2\/product_brand?post=749"},{"taxonomy":"product_cat","embeddable":true,"href":"https:\/\/www.meditech.cc\/de\/wp-json\/wp\/v2\/product_cat?post=749"},{"taxonomy":"product_tag","embeddable":true,"href":"https:\/\/www.meditech.cc\/de\/wp-json\/wp\/v2\/product_tag?post=749"}],"curies":[{"name":"wp","href":"https:\/\/api.w.org\/{rel}","templated":true}]}}