{"id":752,"date":"2025-06-12T16:34:39","date_gmt":"2025-06-12T08:34:39","guid":{"rendered":"https:\/\/test.themepark.com.cn\/product\/popule-swab-4-5\/"},"modified":"2025-10-21T15:31:00","modified_gmt":"2025-10-21T07:31:00","slug":"popule-swab-4-5","status":"publish","type":"product","link":"https:\/\/www.meditech.cc\/de\/popule-swab-4-5","title":{"rendered":"Popule Tupfer - 4.5''"},"content":{"rendered":"<p><span style=\"font-size: 14px;\"><strong>Popule Tupfer - 4.5''<\/strong><br \/>\nVerpackung: 25 Tupfer pro Zip-lock Beutel; 50 Tupfer\/Karton<br \/>\nNenngr\u00f6\u00dfe Abmessung: 4,5''<br \/>\nTeilenummer: IPASS-4.5<\/span><\/p>\n<p><strong>Merkmale und Vorteile<\/strong><br \/>\n- 100 ppi, offenzellige Polyurethan-Rechteckschaumspitze.<br \/>\n- Nicht abrasiv.<br \/>\n- Der Schaumstoff wird ohne Klebstoff direkt auf den Kunststoffgriff gesiegelt, um ihn umweltfreundlicher zu machen.<br \/>\n- Einfache Handhabung<br \/>\n- Hervorragend geeignet zum Entfernen von Tintenflecken, Klebstoffresten und Ablagerungen auf dem Druckkopf.<\/p>\n<p><strong>Anwendungen<\/strong><br \/>\n- Computertastaturen.<br \/>\n- Optische und magnetische Kopfger\u00e4te.<br \/>\n- Elektronische Komponenten.<br \/>\n- Thermodrucker (Kartendrucker, Barcodedrucker, Etikettendrucker, Belegdrucker)<br \/>\n- Tintenstrahldrucker<\/p>\n<p><strong>Merkmale<\/strong><br \/>\nDer Kunststoffgriff des Tupfers ist mit 99,9% IPA-L\u00f6sung gef\u00fcllt.<br \/>\nDurch einfaches Zusammendr\u00fccken oder Einrasten des Kunststoffgriffs wird der Schaumstoffkopf mit genau der richtigen Menge an Reinigungsl\u00f6sung getr\u00e4nkt.<br \/>\nReinigen Sie den Thermodruckkopf mit einer Hin- und Herbewegung, um Schmutz und Ablagerungen, die sich auf dem Druckkopf angesammelt haben, effektiv zu entfernen und so seine Lebensdauer zu verl\u00e4ngern und ein lesbares Bild zu erhalten.<\/p>","protected":false},"excerpt":{"rendered":"[tp_attributes num_attributes=\"105\"]","protected":false},"featured_media":2318,"comment_status":"closed","ping_status":"closed","template":"","meta":{"themepark_post_bcolor":"#f5f5f5","themepark_post_width":"1022px","themepark_post_img":"","themepark_post_img_po":"left","themepark_post_img_re":false,"themepark_post_img_cover":false,"themepark_post_img_fixed":false,"themepark_post_hide_title":false,"themepark_post_main_b":"","themepark_post_main_p":100,"themepark_paddingblock":false},"product_brand":[],"product_cat":[46,47],"product_tag":[136,91,156,157,158],"class_list":{"0":"post-752","1":"product","2":"type-product","3":"status-publish","4":"has-post-thumbnail","6":"product_cat-thermal-printer-cleaning-kit","7":"product_cat-thermal-printer-cleaning-swabs","8":"product_tag-ipa-clean-swab","9":"product_tag-ipa-snap-swab","10":"product_tag-printhead-cleaning-swab","11":"product_tag-thermal-printer-cleaning-supplies","12":"product_tag-thermal-printer-cleaning-swab","14":"first","15":"instock","16":"product-type-simple"},"_links":{"self":[{"href":"https:\/\/www.meditech.cc\/de\/wp-json\/wp\/v2\/product\/752","targetHints":{"allow":["GET"]}}],"collection":[{"href":"https:\/\/www.meditech.cc\/de\/wp-json\/wp\/v2\/product"}],"about":[{"href":"https:\/\/www.meditech.cc\/de\/wp-json\/wp\/v2\/types\/product"}],"replies":[{"embeddable":true,"href":"https:\/\/www.meditech.cc\/de\/wp-json\/wp\/v2\/comments?post=752"}],"wp:featuredmedia":[{"embeddable":true,"href":"https:\/\/www.meditech.cc\/de\/wp-json\/wp\/v2\/media\/2318"}],"wp:attachment":[{"href":"https:\/\/www.meditech.cc\/de\/wp-json\/wp\/v2\/media?parent=752"}],"wp:term":[{"taxonomy":"product_brand","embeddable":true,"href":"https:\/\/www.meditech.cc\/de\/wp-json\/wp\/v2\/product_brand?post=752"},{"taxonomy":"product_cat","embeddable":true,"href":"https:\/\/www.meditech.cc\/de\/wp-json\/wp\/v2\/product_cat?post=752"},{"taxonomy":"product_tag","embeddable":true,"href":"https:\/\/www.meditech.cc\/de\/wp-json\/wp\/v2\/product_tag?post=752"}],"curies":[{"name":"wp","href":"https:\/\/api.w.org\/{rel}","templated":true}]}}