{"id":772,"date":"2025-06-13T10:35:38","date_gmt":"2025-06-13T02:35:38","guid":{"rendered":"https:\/\/test.themepark.com.cn\/product\/check-scanner-cleaning-card-2-5x6\/"},"modified":"2025-12-24T15:45:43","modified_gmt":"2025-12-24T07:45:43","slug":"check-scanner-cleaning-card-2-5x6","status":"publish","type":"product","link":"https:\/\/www.meditech.cc\/de\/check-scanner-cleaning-card-2-5x6","title":{"rendered":"Scheck-Scanner-Reinigungskarte - 2,5\u2033x6\u2033"},"content":{"rendered":"<p><span style=\"font-size: 14px;\"><strong>Scanner pr\u00fcfen<strong>\u00a0Reinigungskarte<\/strong><br \/>\n- Vorges\u00e4ttigt mit IPA<\/strong><br \/>\nVerpackung: 25 Reinigungskarten pro Box<br \/>\nNenngr\u00f6\u00dfe Abmessung: 50,8 X 152,4 X 0,305 mm<br \/>\nTeilenummer: TPCC-250006-IPA<\/span><\/p>\n<p><strong>Merkmale und Vorteile<\/strong><br \/>\n&#8211; Economical Costs to maintain your\u00a0Check Scanner\u00a0in Routine Maintenance to prevent scan error.<br \/>\n- Weniger Maschinenausf\u00e4lle durch effektive Schmutzentfernung.<br \/>\n- Einfache Handhabung<br \/>\n- Der alkoholfreie Reiniger reinigt sicher, entfernt Staub und schmutzige Flecken und hinterl\u00e4sst keine R\u00fcckst\u00e4nde auf der Oberfl\u00e4che. - Siehe Sicherheitsdatenblatt TPCC-250006-IPA<\/p>\n<p><strong>Anwendungen<\/strong><br \/>\nIPA vorges\u00e4ttigt\u00a0<span style=\"font-size: 14px;\">Scanner pr\u00fcfen<\/span><span style=\"font-size: 14px;\">\u00a0Cleaning Card ist ein alternatives Reinigungsmittel f\u00fcr die vorbeugende Wartung von Thermodruckern, Banknotenakzeptoren, Scheckscannern usw.<\/span><\/p>\n<p><strong>Merkmale<\/strong><br \/>\n<span style=\"font-size: 14px;\">Scanner pr\u00fcfen<\/span><span style=\"font-size: 14px;\">\u00a0erfordern eine vorbeugende Wartung, um die Walzen sauber und frei von Verschmutzungen zu halten. Es reinigt und revitalisiert die Druckwalze.<br \/>\nVorges\u00e4ttigt\u00a0<\/span><span style=\"font-size: 14px;\">Scanner pr\u00fcfen<\/span><span style=\"font-size: 14px;\">\u00a0Reinigungskarten sind eine kosteneffiziente Methode zur Pflege Ihrer\u00a0<\/span><span style=\"font-size: 14px;\">Scanner pr\u00fcfen<\/span><span style=\"font-size: 14px;\">\u00a0und verl\u00e4ngern die Lebensdauer von\u00a0<\/span><span style=\"font-size: 14px;\">Scanner pr\u00fcfen<\/span><span style=\"font-size: 14px;\">.<\/span><\/p>","protected":false},"excerpt":{"rendered":"[tp_attributes num_attributes=\"105\"]","protected":false},"featured_media":2552,"comment_status":"closed","ping_status":"closed","template":"","meta":{"themepark_post_bcolor":"#f5f5f5","themepark_post_width":"1022px","themepark_post_img":"","themepark_post_img_po":"left","themepark_post_img_re":false,"themepark_post_img_cover":false,"themepark_post_img_fixed":false,"themepark_post_hide_title":false,"themepark_post_main_b":"","themepark_post_main_p":100,"themepark_paddingblock":false},"product_brand":[],"product_cat":[56,40],"product_tag":[93,104,82,105],"class_list":{"0":"post-772","1":"product","2":"type-product","3":"status-publish","4":"has-post-thumbnail","6":"product_cat-check-scanner-cleaning-kit","7":"product_cat-other-cleaning-kits","8":"product_tag-bill-acceptor-cleaning-card","9":"product_tag-check-scanner-cleaning-card","10":"product_tag-ipa-cleaning-card","11":"product_tag-thermal-printer-cleaning-card","13":"first","14":"instock","15":"product-type-simple"},"_links":{"self":[{"href":"https:\/\/www.meditech.cc\/de\/wp-json\/wp\/v2\/product\/772","targetHints":{"allow":["GET"]}}],"collection":[{"href":"https:\/\/www.meditech.cc\/de\/wp-json\/wp\/v2\/product"}],"about":[{"href":"https:\/\/www.meditech.cc\/de\/wp-json\/wp\/v2\/types\/product"}],"replies":[{"embeddable":true,"href":"https:\/\/www.meditech.cc\/de\/wp-json\/wp\/v2\/comments?post=772"}],"wp:featuredmedia":[{"embeddable":true,"href":"https:\/\/www.meditech.cc\/de\/wp-json\/wp\/v2\/media\/2552"}],"wp:attachment":[{"href":"https:\/\/www.meditech.cc\/de\/wp-json\/wp\/v2\/media?parent=772"}],"wp:term":[{"taxonomy":"product_brand","embeddable":true,"href":"https:\/\/www.meditech.cc\/de\/wp-json\/wp\/v2\/product_brand?post=772"},{"taxonomy":"product_cat","embeddable":true,"href":"https:\/\/www.meditech.cc\/de\/wp-json\/wp\/v2\/product_cat?post=772"},{"taxonomy":"product_tag","embeddable":true,"href":"https:\/\/www.meditech.cc\/de\/wp-json\/wp\/v2\/product_tag?post=772"}],"curies":[{"name":"wp","href":"https:\/\/api.w.org\/{rel}","templated":true}]}}