{"id":780,"date":"2025-06-13T10:35:38","date_gmt":"2025-06-13T02:35:38","guid":{"rendered":"https:\/\/test.themepark.com.cn\/product\/atm-cleaning-wipe\/"},"modified":"2025-07-02T15:32:49","modified_gmt":"2025-07-02T07:32:49","slug":"atm-cleaning-wipe","status":"publish","type":"product","link":"https:\/\/www.meditech.cc\/de\/atm-cleaning-wipe","title":{"rendered":"ATM-Reinigungstuch"},"content":{"rendered":"<p><span style=\"font-size: 14px;\"><strong>Technische Reinigungst\u00fccher<\/strong><br \/>\n<strong>- Vorges\u00e4ttigt mit IPA<\/strong><br \/>\nVerpackung: 40 Reinigungst\u00fccher \/ Box<br \/>\nGr\u00f6\u00dfe der \u00d6ffnung (mm) : 127 x 152<br \/>\nGr\u00f6\u00dfe gefaltet (mm) : 42x 38<br \/>\nTeilenummer: IPA-M3<\/span><\/p>\n<p><strong>Merkmale<\/strong><br \/>\nSpunlace Wipes sind mit 99,9% Electronic Grade IPA-L\u00f6sung vorgetr\u00e4nkt und werden bei der vorbeugenden Wartung von Kartendruckern und Transaktionsger\u00e4ten zur Reinigung der Thermodruckk\u00f6pfe, Druckwalzen und Innenkomponenten des Ger\u00e4ts verwendet.<br \/>\nEs wird allgemein f\u00fcr die Reinigung von LCD-Computerbildschirmen, POS-Terminals, Geldautomaten, Tastaturen, Etikettendruckern und anderen Ger\u00e4ten empfohlen, bei denen Tintenflecken und Klebstoffreste schwer zu entfernen sind.<br \/>\nEs kann die meisten Bakterien abt\u00f6ten.<\/p>\n<p><strong>Anwendungen<\/strong><br \/>\n- Alle Kartenleser.<br \/>\n- ATM\/POS-Terminals.<br \/>\n- ID-Kartendrucker.<br \/>\n- Etiketten- und Barcodedrucker.<br \/>\n- Tintenstrahldrucker.<br \/>\n- LCD-Computerbildschirm.<br \/>\n- Scheck-Scanner oder Scheck-Leseger\u00e4te.<\/p>","protected":false},"excerpt":{"rendered":"[tp_attributes num_attributes=\"105\"]","protected":false},"featured_media":2262,"comment_status":"closed","ping_status":"closed","template":"","meta":{"themepark_post_bcolor":"#f5f5f5","themepark_post_width":"1022px","themepark_post_img":"","themepark_post_img_po":"left","themepark_post_img_re":false,"themepark_post_img_cover":false,"themepark_post_img_fixed":false,"themepark_post_hide_title":false,"themepark_post_main_b":"","themepark_post_main_p":100,"themepark_paddingblock":false},"product_brand":[],"product_cat":[53,40],"product_tag":[],"class_list":{"0":"post-780","1":"product","2":"type-product","3":"status-publish","4":"has-post-thumbnail","6":"product_cat-atm-cleaning-kit","7":"product_cat-other-cleaning-kits","9":"first","10":"instock","11":"product-type-simple"},"_links":{"self":[{"href":"https:\/\/www.meditech.cc\/de\/wp-json\/wp\/v2\/product\/780","targetHints":{"allow":["GET"]}}],"collection":[{"href":"https:\/\/www.meditech.cc\/de\/wp-json\/wp\/v2\/product"}],"about":[{"href":"https:\/\/www.meditech.cc\/de\/wp-json\/wp\/v2\/types\/product"}],"replies":[{"embeddable":true,"href":"https:\/\/www.meditech.cc\/de\/wp-json\/wp\/v2\/comments?post=780"}],"wp:featuredmedia":[{"embeddable":true,"href":"https:\/\/www.meditech.cc\/de\/wp-json\/wp\/v2\/media\/2262"}],"wp:attachment":[{"href":"https:\/\/www.meditech.cc\/de\/wp-json\/wp\/v2\/media?parent=780"}],"wp:term":[{"taxonomy":"product_brand","embeddable":true,"href":"https:\/\/www.meditech.cc\/de\/wp-json\/wp\/v2\/product_brand?post=780"},{"taxonomy":"product_cat","embeddable":true,"href":"https:\/\/www.meditech.cc\/de\/wp-json\/wp\/v2\/product_cat?post=780"},{"taxonomy":"product_tag","embeddable":true,"href":"https:\/\/www.meditech.cc\/de\/wp-json\/wp\/v2\/product_tag?post=780"}],"curies":[{"name":"wp","href":"https:\/\/api.w.org\/{rel}","templated":true}]}}