{"id":782,"date":"2025-06-13T10:35:38","date_gmt":"2025-06-13T02:35:38","guid":{"rendered":"https:\/\/test.themepark.com.cn\/product\/bill-validator-diamond-flocked-cleaning-card-73x185\/"},"modified":"2025-07-18T17:45:29","modified_gmt":"2025-07-18T09:45:29","slug":"bill-validator-diamond-flocked-cleaning-card-73x185","status":"publish","type":"product","link":"https:\/\/www.meditech.cc\/de\/bill-validator-diamond-flocked-cleaning-card-73x185","title":{"rendered":"Geldscheinpr\u00fcfer Diamant beflockt Reinigungskarte - 73x185MM"},"content":{"rendered":"<p><span style=\"font-size: 14px;\"><strong>Geldscheinpr\u00fcfer Diamant beflockt Reinigungskarte<\/strong><br \/>\n<strong>- Vorgetr\u00e4nkt mit alkoholfreiem Reiniger<\/strong><br \/>\nVerpackung: 25 Reinigungskarten pro Box<br \/>\nNenngr\u00f6\u00dfe Abmessungen: 73 X 185 X 0,60 mm<br \/>\nTeilenummer: BVCC-73185FD<\/span><\/p>\n<p><strong>Merkmale und Vorteile<\/strong><br \/>\n- Effiziente Reinigung durch B\u00fcrstenreinigungseffekt.<br \/>\n- Weniger Maschinenausf\u00e4lle durch effektive Schmutzentfernung.<br \/>\n- Einfache und leichte Handhabung<\/p>\n<p><strong>Anwendungen<\/strong><br \/>\nF\u00fcr alle Maschinensysteme mit Banknotenakzeptoren oder Entwertern, reinigt gleichzeitig Antriebsrollen, Riemen und Referenzfl\u00e4chen.<br \/>\nDiamantbeflockte Reinigungskarten sind in verschiedenen Breiten erh\u00e4ltlich, je nach Art der W\u00e4hrung.<\/p>\n<p><strong>Merkmale<\/strong><br \/>\nDie diamantbeflockte Reinigungskarte f\u00fcr Banknotenpr\u00fcfer wird am besten f\u00fcr die vorbeugende Wartung von Banknotenakzeptoren oder -entwertern empfohlen. Sie ist extrem effektiv bei hoher Schmutzaufnahme.<br \/>\nEs kann mit alkoholfreiem Reiniger vorbefeuchtet werden, um einen hohen Grad an Sauberkeit zu erreichen.<br \/>\nUnsere eigens entwickelte alkoholfreie Reinigungsl\u00f6sung ist antimikrobiell, 100% ungiftig, nicht brennbar, umweltfreundlich und RoHS-konform. Siehe Sicherheitsdatenblatt_BVCC-73185-FD<br \/>\nDer alkoholfreie Reiniger ist frei von Iso-Propyl-Alkohol, Ammoniak und Natrium-Lauryl-Sulfat und reinigt sicher, entfernt Staub, schmutzige Flecken und hinterl\u00e4sst keine R\u00fcckst\u00e4nde auf der Oberfl\u00e4che.<\/p>","protected":false},"excerpt":{"rendered":"[tp_attributes num_attributes=\"105\"]","protected":false},"featured_media":2326,"comment_status":"closed","ping_status":"closed","template":"","meta":{"themepark_post_bcolor":"#f5f5f5","themepark_post_width":"1022px","themepark_post_img":"","themepark_post_img_po":"left","themepark_post_img_re":false,"themepark_post_img_cover":false,"themepark_post_img_fixed":false,"themepark_post_hide_title":false,"themepark_post_main_b":"","themepark_post_main_p":100,"themepark_paddingblock":false},"product_brand":[],"product_cat":[54,40],"product_tag":[93,92,94],"class_list":{"0":"post-782","1":"product","2":"type-product","3":"status-publish","4":"has-post-thumbnail","6":"product_cat-bill-validator-cleaning-kit","7":"product_cat-other-cleaning-kits","8":"product_tag-bill-acceptor-cleaning-card","9":"product_tag-bill-validator-cleaning-card","10":"product_tag-cleaning-card","12":"first","13":"instock","14":"product-type-simple"},"_links":{"self":[{"href":"https:\/\/www.meditech.cc\/de\/wp-json\/wp\/v2\/product\/782","targetHints":{"allow":["GET"]}}],"collection":[{"href":"https:\/\/www.meditech.cc\/de\/wp-json\/wp\/v2\/product"}],"about":[{"href":"https:\/\/www.meditech.cc\/de\/wp-json\/wp\/v2\/types\/product"}],"replies":[{"embeddable":true,"href":"https:\/\/www.meditech.cc\/de\/wp-json\/wp\/v2\/comments?post=782"}],"wp:featuredmedia":[{"embeddable":true,"href":"https:\/\/www.meditech.cc\/de\/wp-json\/wp\/v2\/media\/2326"}],"wp:attachment":[{"href":"https:\/\/www.meditech.cc\/de\/wp-json\/wp\/v2\/media?parent=782"}],"wp:term":[{"taxonomy":"product_brand","embeddable":true,"href":"https:\/\/www.meditech.cc\/de\/wp-json\/wp\/v2\/product_brand?post=782"},{"taxonomy":"product_cat","embeddable":true,"href":"https:\/\/www.meditech.cc\/de\/wp-json\/wp\/v2\/product_cat?post=782"},{"taxonomy":"product_tag","embeddable":true,"href":"https:\/\/www.meditech.cc\/de\/wp-json\/wp\/v2\/product_tag?post=782"}],"curies":[{"name":"wp","href":"https:\/\/api.w.org\/{rel}","templated":true}]}}