{"id":786,"date":"2025-06-13T10:35:38","date_gmt":"2025-06-13T02:35:38","guid":{"rendered":"https:\/\/test.themepark.com.cn\/product\/bill-validator-flat-cleaning-card-2-5x6\/"},"modified":"2025-07-24T17:40:24","modified_gmt":"2025-07-24T09:40:24","slug":"bill-validator-flat-cleaning-card-2-5x6","status":"publish","type":"product","link":"https:\/\/www.meditech.cc\/de\/bill-validator-flat-cleaning-card-2-5x6","title":{"rendered":"Geldscheinpr\u00fcfer flache Reinigungskarte - 2,5\u2033x6\u2033"},"content":{"rendered":"<p><span style=\"font-size: 14px;\"><strong>Banknotenleser Reinigungskarte<\/strong><br \/>\n<strong>- Vorges\u00e4ttigt mit IPA<\/strong><br \/>\nVerpackung: 25 Reinigungskarten pro Box<br \/>\nNenngr\u00f6\u00dfe Abmessung: 63,5 X 152,4 X 0,305 mm<br \/>\nTeilenummer: BVCC-250006-IPA<\/span><\/p>\n<p><strong>Merkmale und Vorteile<\/strong><\/p>\n<ul>\n<li>Kosteng\u00fcnstige Wartung Ihres Geldscheinpr\u00fcfers im Rahmen der Routinewartung zur Vermeidung von Lesefehlern oder Leseausf\u00e4llen.<\/li>\n<li>Weniger Maschinenausf\u00e4lle durch effektive Schmutzentfernung.<\/li>\n<li>Einfache Handhabung<\/li>\n<li>Isopropylalkoholreiniger reinigt sicher, entfernt Staub, schmutzige Flecken und hinterl\u00e4sst keine R\u00fcckst\u00e4nde auf der Oberfl\u00e4che. - Siehe Sicherheitsdatenblatt TPCC-250006-IPA<\/li>\n<\/ul>\n<p><strong>Anwendungen<\/strong><br \/>\nDie vorgetr\u00e4nkte IPA-Reinigungskarte f\u00fcr Geldscheinpr\u00fcfer ist ein alternatives Reinigungsmittel f\u00fcr die vorbeugende Wartung von Verkaufsautomaten, Mehrwertautomaten, Banknotenpr\u00fcfger\u00e4ten oder -akzeptoren,<\/p>\n<p><strong>Merkmale<\/strong><br \/>\nGeldscheinpr\u00fcfer erfordern eine vorbeugende Wartung, um die optische Linse sauber und frei von Verunreinigungen zu halten. Es reinigt und revitalisiert die Transportgummirollen, Rollen Wegf\u00fchrung.<br \/>\nVorgetr\u00e4nkte Reinigungskarten sind eine kosteng\u00fcnstige M\u00f6glichkeit, Ihren Geldscheinpr\u00fcfer zu warten und die Lebensdauer der optischen Linse zu verl\u00e4ngern.<\/p>","protected":false},"excerpt":{"rendered":"[tp_attributes num_attributes=\"105\"]","protected":false},"featured_media":1807,"comment_status":"closed","ping_status":"closed","template":"","meta":{"themepark_post_bcolor":"#f5f5f5","themepark_post_width":"1022px","themepark_post_img":"","themepark_post_img_po":"left","themepark_post_img_re":false,"themepark_post_img_cover":false,"themepark_post_img_fixed":false,"themepark_post_hide_title":false,"themepark_post_main_b":"","themepark_post_main_p":100,"themepark_paddingblock":false},"product_brand":[],"product_cat":[54,40],"product_tag":[93,92,94],"class_list":{"0":"post-786","1":"product","2":"type-product","3":"status-publish","4":"has-post-thumbnail","6":"product_cat-bill-validator-cleaning-kit","7":"product_cat-other-cleaning-kits","8":"product_tag-bill-acceptor-cleaning-card","9":"product_tag-bill-validator-cleaning-card","10":"product_tag-cleaning-card","12":"first","13":"instock","14":"product-type-simple"},"_links":{"self":[{"href":"https:\/\/www.meditech.cc\/de\/wp-json\/wp\/v2\/product\/786","targetHints":{"allow":["GET"]}}],"collection":[{"href":"https:\/\/www.meditech.cc\/de\/wp-json\/wp\/v2\/product"}],"about":[{"href":"https:\/\/www.meditech.cc\/de\/wp-json\/wp\/v2\/types\/product"}],"replies":[{"embeddable":true,"href":"https:\/\/www.meditech.cc\/de\/wp-json\/wp\/v2\/comments?post=786"}],"wp:featuredmedia":[{"embeddable":true,"href":"https:\/\/www.meditech.cc\/de\/wp-json\/wp\/v2\/media\/1807"}],"wp:attachment":[{"href":"https:\/\/www.meditech.cc\/de\/wp-json\/wp\/v2\/media?parent=786"}],"wp:term":[{"taxonomy":"product_brand","embeddable":true,"href":"https:\/\/www.meditech.cc\/de\/wp-json\/wp\/v2\/product_brand?post=786"},{"taxonomy":"product_cat","embeddable":true,"href":"https:\/\/www.meditech.cc\/de\/wp-json\/wp\/v2\/product_cat?post=786"},{"taxonomy":"product_tag","embeddable":true,"href":"https:\/\/www.meditech.cc\/de\/wp-json\/wp\/v2\/product_tag?post=786"}],"curies":[{"name":"wp","href":"https:\/\/api.w.org\/{rel}","templated":true}]}}