{"id":792,"date":"2025-06-13T10:35:38","date_gmt":"2025-06-13T02:35:38","guid":{"rendered":"https:\/\/test.themepark.com.cn\/product\/thermal-printer-cleaning-card-4x6\/"},"modified":"2025-09-12T17:19:00","modified_gmt":"2025-09-12T09:19:00","slug":"thermal-printer-cleaning-card-4x6","status":"publish","type":"product","link":"https:\/\/www.meditech.cc\/de\/thermal-printer-cleaning-card-4x6","title":{"rendered":"Thermodrucker-Reinigungskarte 4\u2033x6\u2033"},"content":{"rendered":"<p><span style=\"font-size: 14px;\"><strong>Thermodrucker-Reinigungskarte<br \/>\n- Vorges\u00e4ttigt mit IPA<\/strong><br \/>\nVerpackung: 25 Thermodrucker-Reinigungskarten pro Schachtel<br \/>\nNominal Size Dimension : 101.6 X 152.4 X 0.35 mm,4&#8243;x6&#8243;<br \/>\nTeilenummer: TPCC-400006-IPA<\/span><\/p>\n<p><strong>Merkmale und Vorteile<\/strong><br \/>\n- Kosteng\u00fcnstige Wartung Ihres Thermodruckers in der Routinewartung, um Druckfehler zu vermeiden.<br \/>\n- Weniger Maschinenausf\u00e4lle durch effektive Schmutzentfernung.<br \/>\n- Einfache Handhabung<br \/>\n&#8211; Safely clean , remove dust, dirty stain, and leave no Residue on the surface. &#8211; Refer to MSDS TPCC-400006-IPA<\/p>\n<p><strong>Anwendungen<\/strong><br \/>\nDie mit IPA vorgetr\u00e4nkte Reinigungskarte f\u00fcr Thermodrucker ist eine alternative Reinigungsl\u00f6sung f\u00fcr die vorbeugende Wartung von Thermodruckern, Banknotenakzeptoren, Scheckscannern usw.<\/p>\n<p><strong>Merkmale<\/strong><br \/>\nThermodrucker erfordern eine vorbeugende Wartung, um den Druckkopf sauber und frei von Verunreinigungen zu halten. Es reinigt und revitalisiert die Druckwalze.<br \/>\nVorgetr\u00e4nkte Reinigungskarten f\u00fcr Thermodrucker sind eine kosteng\u00fcnstige M\u00f6glichkeit, Ihre Thermodrucker zu warten und die Lebensdauer des Druckkopfs zu verl\u00e4ngern.<\/p>","protected":false},"excerpt":{"rendered":"[tp_attributes num_attributes=\"105\"]","protected":false},"featured_media":2440,"comment_status":"closed","ping_status":"closed","template":"","meta":{"themepark_post_bcolor":"#f5f5f5","themepark_post_width":"1022px","themepark_post_img":"","themepark_post_img_po":"left","themepark_post_img_re":false,"themepark_post_img_cover":false,"themepark_post_img_fixed":false,"themepark_post_hide_title":false,"themepark_post_main_b":"","themepark_post_main_p":100,"themepark_paddingblock":false},"product_brand":[],"product_cat":[58,46],"product_tag":[93,104,82,102,105],"class_list":{"0":"post-792","1":"product","2":"type-product","3":"status-publish","4":"has-post-thumbnail","6":"product_cat-thermal-pinter-cleaning-card","7":"product_cat-thermal-printer-cleaning-kit","8":"product_tag-bill-acceptor-cleaning-card","9":"product_tag-check-scanner-cleaning-card","10":"product_tag-ipa-cleaning-card","11":"product_tag-isopropyl-alcohol-cleaning-card","12":"product_tag-thermal-printer-cleaning-card","14":"first","15":"instock","16":"product-type-simple"},"_links":{"self":[{"href":"https:\/\/www.meditech.cc\/de\/wp-json\/wp\/v2\/product\/792","targetHints":{"allow":["GET"]}}],"collection":[{"href":"https:\/\/www.meditech.cc\/de\/wp-json\/wp\/v2\/product"}],"about":[{"href":"https:\/\/www.meditech.cc\/de\/wp-json\/wp\/v2\/types\/product"}],"replies":[{"embeddable":true,"href":"https:\/\/www.meditech.cc\/de\/wp-json\/wp\/v2\/comments?post=792"}],"wp:featuredmedia":[{"embeddable":true,"href":"https:\/\/www.meditech.cc\/de\/wp-json\/wp\/v2\/media\/2440"}],"wp:attachment":[{"href":"https:\/\/www.meditech.cc\/de\/wp-json\/wp\/v2\/media?parent=792"}],"wp:term":[{"taxonomy":"product_brand","embeddable":true,"href":"https:\/\/www.meditech.cc\/de\/wp-json\/wp\/v2\/product_brand?post=792"},{"taxonomy":"product_cat","embeddable":true,"href":"https:\/\/www.meditech.cc\/de\/wp-json\/wp\/v2\/product_cat?post=792"},{"taxonomy":"product_tag","embeddable":true,"href":"https:\/\/www.meditech.cc\/de\/wp-json\/wp\/v2\/product_tag?post=792"}],"curies":[{"name":"wp","href":"https:\/\/api.w.org\/{rel}","templated":true}]}}