{"id":806,"date":"2025-06-13T10:36:03","date_gmt":"2025-06-13T02:36:03","guid":{"rendered":"https:\/\/test.themepark.com.cn\/product\/thermal-print-head-cleaning-pen\/"},"modified":"2025-06-13T10:36:03","modified_gmt":"2025-06-13T02:36:03","slug":"thermal-print-head-cleaning-pen","status":"publish","type":"product","link":"https:\/\/www.meditech.cc\/de\/thermal-print-head-cleaning-pen","title":{"rendered":"Thermodruckkopf-Reinigungsstift"},"content":{"rendered":"<p><strong>Thermodruckkopf-Reinigungsstift<\/strong><br \/>\nVerpackung: 12 Stifte \/ Box<br \/>\nTeilenummer: IPACP-03<\/p>\n<p>Der Thermodrucker-Reinigungsstift ist mit 99,9% IPA-Elektronikl\u00f6sung gef\u00fcllt und dient zur effektiven Entfernung von Tintenr\u00fcckst\u00e4nden, eingebrannten Ablagerungen, Schmutz und Verunreinigungen vom Druckkopf. Eine regelm\u00e4\u00dfige Reinigung verl\u00e4ngert die Lebensdauer des Druckkopfes und sorgt f\u00fcr eine bessere grafische Bildqualit\u00e4t.<\/p>\n<p>&nbsp;<\/p>\n<p><strong>Anwendungen<\/strong><br \/>\nVerwenden Sie f\u00fcr die routinem\u00e4\u00dfige vorbeugende Wartung Reinigung auf alle Arten von ID-Kartendrucker und Barcode, Etiketten und Quittung Thermodrucker Druckkopf.<\/p>","protected":false},"excerpt":{"rendered":"[tp_attributes num_attributes=\"105\"]","protected":false},"featured_media":807,"comment_status":"closed","ping_status":"closed","template":"","meta":{"themepark_post_bcolor":"#f5f5f5","themepark_post_width":"1022px","themepark_post_img":"","themepark_post_img_po":"left","themepark_post_img_re":false,"themepark_post_img_cover":false,"themepark_post_img_fixed":false,"themepark_post_hide_title":false,"themepark_post_main_b":"","themepark_post_main_p":100,"themepark_paddingblock":false},"product_brand":[],"product_cat":[46,49],"product_tag":[21,36,42,43,51],"class_list":{"0":"post-806","1":"product","2":"type-product","3":"status-publish","4":"has-post-thumbnail","6":"product_cat-thermal-printer-cleaning-kit","7":"product_cat-thermal-printhead-cleaning-pen","8":"product_tag-card-printer-cleaning-pen","9":"product_tag-ipa-cleaning-pen","10":"product_tag-printer-cleaning-pen","11":"product_tag-printhead-cleaning-pen","12":"product_tag-zebra-cleaning-pen","14":"first","15":"instock","16":"product-type-simple"},"_links":{"self":[{"href":"https:\/\/www.meditech.cc\/de\/wp-json\/wp\/v2\/product\/806","targetHints":{"allow":["GET"]}}],"collection":[{"href":"https:\/\/www.meditech.cc\/de\/wp-json\/wp\/v2\/product"}],"about":[{"href":"https:\/\/www.meditech.cc\/de\/wp-json\/wp\/v2\/types\/product"}],"replies":[{"embeddable":true,"href":"https:\/\/www.meditech.cc\/de\/wp-json\/wp\/v2\/comments?post=806"}],"wp:featuredmedia":[{"embeddable":true,"href":"https:\/\/www.meditech.cc\/de\/wp-json\/wp\/v2\/media\/807"}],"wp:attachment":[{"href":"https:\/\/www.meditech.cc\/de\/wp-json\/wp\/v2\/media?parent=806"}],"wp:term":[{"taxonomy":"product_brand","embeddable":true,"href":"https:\/\/www.meditech.cc\/de\/wp-json\/wp\/v2\/product_brand?post=806"},{"taxonomy":"product_cat","embeddable":true,"href":"https:\/\/www.meditech.cc\/de\/wp-json\/wp\/v2\/product_cat?post=806"},{"taxonomy":"product_tag","embeddable":true,"href":"https:\/\/www.meditech.cc\/de\/wp-json\/wp\/v2\/product_tag?post=806"}],"curies":[{"name":"wp","href":"https:\/\/api.w.org\/{rel}","templated":true}]}}