{"id":879,"date":"2025-06-13T10:37:04","date_gmt":"2025-06-13T02:37:04","guid":{"rendered":"https:\/\/test.themepark.com.cn\/product\/maxicard-idp-series-re-transfer-printer-cleaning-kit\/"},"modified":"2025-06-13T10:37:04","modified_gmt":"2025-06-13T02:37:04","slug":"maxicard-idp-series-re-transfer-printer-cleaning-kit","status":"publish","type":"product","link":"https:\/\/www.meditech.cc\/de\/maxicard-idp-series-re-transfer-printer-cleaning-kit","title":{"rendered":"Maxicard IDP Serie Re-Transfer Drucker Reinigungskit"},"content":{"rendered":"<p><span style=\"font-size: 14px;\"><span style=\"font-family: arial;\"><strong>Maxicard IDP Serie Re-Transfer Drucker Reinigungskit<\/strong><\/p>\n<p>Kompatible Drucker:<\/p>\n<p><strong>Maxicard IDP-Serie<\/strong><br \/>\nIDP 680i, IDP 680i plus, IDP 8400i.<\/p>\n<p><span style=\"font-size: 14px;\"><span style=\"font-family: arial;\">Maxicard IDP Serie Re-Transfer Drucker Reinigungskit<\/span><\/span> enth\u00e4lt: 10 gro\u00dfe Klebstoff-Reinigungskarten, 10 mit IPA vorgetr\u00e4nkte saubere Schaumstofftupfer, 10 IPA-Reinigungst\u00fccher.<\/p>\n<p>Wenn Sie Ihren Drucker sauber halten, wird die Funktionalit\u00e4t des Druckers gew\u00e4hrleistet und seine Lebensdauer verl\u00e4ngert.<\/span><\/span><\/p>","protected":false},"excerpt":{"rendered":"[tp_attributes num_attributes=\"105\"]","protected":false},"featured_media":880,"comment_status":"closed","ping_status":"closed","template":"","meta":{"themepark_post_bcolor":"#f5f5f5","themepark_post_width":"1022px","themepark_post_img":"","themepark_post_img_po":"left","themepark_post_img_re":false,"themepark_post_img_cover":false,"themepark_post_img_fixed":false,"themepark_post_hide_title":false,"themepark_post_main_b":"","themepark_post_main_p":100,"themepark_paddingblock":false},"product_brand":[],"product_cat":[22,44],"product_tag":[],"class_list":{"0":"post-879","1":"product","2":"type-product","3":"status-publish","4":"has-post-thumbnail","6":"product_cat-card-printers-cleaning-kits","7":"product_cat-re-transfer-printers-cleaning-kit","9":"first","10":"instock","11":"product-type-simple"},"_links":{"self":[{"href":"https:\/\/www.meditech.cc\/de\/wp-json\/wp\/v2\/product\/879","targetHints":{"allow":["GET"]}}],"collection":[{"href":"https:\/\/www.meditech.cc\/de\/wp-json\/wp\/v2\/product"}],"about":[{"href":"https:\/\/www.meditech.cc\/de\/wp-json\/wp\/v2\/types\/product"}],"replies":[{"embeddable":true,"href":"https:\/\/www.meditech.cc\/de\/wp-json\/wp\/v2\/comments?post=879"}],"wp:featuredmedia":[{"embeddable":true,"href":"https:\/\/www.meditech.cc\/de\/wp-json\/wp\/v2\/media\/880"}],"wp:attachment":[{"href":"https:\/\/www.meditech.cc\/de\/wp-json\/wp\/v2\/media?parent=879"}],"wp:term":[{"taxonomy":"product_brand","embeddable":true,"href":"https:\/\/www.meditech.cc\/de\/wp-json\/wp\/v2\/product_brand?post=879"},{"taxonomy":"product_cat","embeddable":true,"href":"https:\/\/www.meditech.cc\/de\/wp-json\/wp\/v2\/product_cat?post=879"},{"taxonomy":"product_tag","embeddable":true,"href":"https:\/\/www.meditech.cc\/de\/wp-json\/wp\/v2\/product_tag?post=879"}],"curies":[{"name":"wp","href":"https:\/\/api.w.org\/{rel}","templated":true}]}}