{"id":935,"date":"2025-06-13T10:37:30","date_gmt":"2025-06-13T02:37:30","guid":{"rendered":"https:\/\/test.themepark.com.cn\/product\/evolis-a5002-compatible-cleaning-kit\/"},"modified":"2025-12-11T16:53:44","modified_gmt":"2025-12-11T08:53:44","slug":"evolis-a5002-compatible-cleaning-kit","status":"publish","type":"product","link":"https:\/\/www.meditech.cc\/de\/evolis-a5002-compatible-cleaning-kit","title":{"rendered":"Evolis A5002 Kompatibles Reinigungsset"},"content":{"rendered":"<p>Die <strong data-start=\"182\" data-end=\"217\">MediTech TPCC-CR80 Cleaning Kit<\/strong> is fully compatible with the <strong data-start=\"247\" data-end=\"276\">Evolis A5002 Cleaning Kit<\/strong>, offering a reliable, cost-effective solution for maintaining your Evolis ID card printers. Designed for consistent performance, this cleaning kit helps remove dust, oils, and debris from critical printer components, ensuring optimal print quality and extending printer life.<\/p>\n<p>Das Reinigungsset TPCC-CR80 enth\u00e4lt: Schachtel mit 50 vorgetr\u00e4nkten Reinigungskarten, verpackt in einem einzelnen, aufrei\u00dfbaren Beutel.<br \/>\n<strong>Kompatible Drucker<\/strong>: Evolis Tattoo, TattooRW, Pebble, Dualys, Securion &amp; Quantum<\/p>","protected":false},"excerpt":{"rendered":"[tp_attributes num_attributes=\"105\"]","protected":false},"featured_media":2313,"comment_status":"closed","ping_status":"closed","template":"","meta":{"themepark_post_bcolor":"#f5f5f5","themepark_post_width":"1022px","themepark_post_img":"","themepark_post_img_po":"left","themepark_post_img_re":false,"themepark_post_img_cover":false,"themepark_post_img_fixed":false,"themepark_post_hide_title":false,"themepark_post_main_b":"","themepark_post_main_p":100,"themepark_paddingblock":false},"product_brand":[],"product_cat":[22,29],"product_tag":[199,181,82,200,183,67],"class_list":{"0":"post-935","1":"product","2":"type-product","3":"status-publish","4":"has-post-thumbnail","6":"product_cat-card-printers-cleaning-kits","7":"product_cat-evolis-compatible-cleaning-kit","8":"product_tag-evolis-printer-cleaning-supplies","9":"product_tag-id-card-printer-cleaning-kit","10":"product_tag-ipa-cleaning-card","11":"product_tag-pre-saturated-cleaning-card","12":"product_tag-printer-cleaning-products","13":"product_tag-printer-maintenance-kit","15":"first","16":"instock","17":"product-type-simple"},"_links":{"self":[{"href":"https:\/\/www.meditech.cc\/de\/wp-json\/wp\/v2\/product\/935","targetHints":{"allow":["GET"]}}],"collection":[{"href":"https:\/\/www.meditech.cc\/de\/wp-json\/wp\/v2\/product"}],"about":[{"href":"https:\/\/www.meditech.cc\/de\/wp-json\/wp\/v2\/types\/product"}],"replies":[{"embeddable":true,"href":"https:\/\/www.meditech.cc\/de\/wp-json\/wp\/v2\/comments?post=935"}],"wp:featuredmedia":[{"embeddable":true,"href":"https:\/\/www.meditech.cc\/de\/wp-json\/wp\/v2\/media\/2313"}],"wp:attachment":[{"href":"https:\/\/www.meditech.cc\/de\/wp-json\/wp\/v2\/media?parent=935"}],"wp:term":[{"taxonomy":"product_brand","embeddable":true,"href":"https:\/\/www.meditech.cc\/de\/wp-json\/wp\/v2\/product_brand?post=935"},{"taxonomy":"product_cat","embeddable":true,"href":"https:\/\/www.meditech.cc\/de\/wp-json\/wp\/v2\/product_cat?post=935"},{"taxonomy":"product_tag","embeddable":true,"href":"https:\/\/www.meditech.cc\/de\/wp-json\/wp\/v2\/product_tag?post=935"}],"curies":[{"name":"wp","href":"https:\/\/api.w.org\/{rel}","templated":true}]}}