{"id":977,"date":"2025-06-13T10:37:55","date_gmt":"2025-06-13T02:37:55","guid":{"rendered":"https:\/\/test.themepark.com.cn\/product\/cleanroom-microfiber-swab-ms761\/"},"modified":"2025-08-21T13:56:32","modified_gmt":"2025-08-21T05:56:32","slug":"cleanroom-microfiber-swab-ms761","status":"publish","type":"product","link":"https:\/\/www.meditech.cc\/de\/cleanroom-microfiber-swab-ms761","title":{"rendered":"Reinraum-Mikrofasertupfer MS761"},"content":{"rendered":"<div style=\"margin-left: 40px;\"><span style=\"font-size: 14px;\"><span style=\"font-size: 14px;\"><span style=\"font-family: arial;\"><strong>Reinraum-Mikrofasertupfer MS761<\/strong><br \/>\nMittel <span style=\"color: #000080;\">Mikrofaser-Tupfer<\/span> mit flexiblem Innenpaddelkopf und langem Stiel<\/span><\/span><\/span><\/div>\n<div><\/div>\n<div style=\"margin-left: 40px;\"><strong>Beschreibung:<\/strong><br \/>\nDer mittlere Mikrofasertupfer MS761 von Meditech verf\u00fcgt \u00fcber einen flexiblen inneren Paddelkopf mit langem Griff, der guten Halt und Polsterung bietet.<br \/>\nDer doppellagige, gestrickte Mikrofaser-Polyesterkopf besitzt ein hohes Ma\u00df an Sauberkeit und eine ausgezeichnete L\u00f6sungsmittelbest\u00e4ndigkeit und ist der ideale Tupfer, um Verunreinigungen auf Oberfl\u00e4chen und schwer zug\u00e4nglichen Bereichen effektiv zu beseitigen.<br \/>\nDer mittlere Mikrofasertupfer MS761 ist frei von organischen Verunreinigungen wie Silikon, Amid- und Phthalatester.<br \/>\nEs zeichnet sich durch sehr geringe nichtfl\u00fcchtige R\u00fcckst\u00e4nde (NVR), Ionengehalt und Partikelerzeugung aus.<br \/>\nEs wird f\u00fcr die Validierung von Oberfl\u00e4chenproben und -reinigungen empfohlen.<br \/>\nSein Reinheitsgrad bietet einen neutralen Hintergrund f\u00fcr die gewonnene Probe. Dieser Tupfer ist die ideale Wahl f\u00fcr die kontrollierte Reinigung und Probenahme von gro\u00dfen Fl\u00e4chen<br \/>\nDieser Tupfer kann die typischen langstieligen Wattest\u00e4bchen bei Anwendungen ersetzen, die eine h\u00f6here Sauberkeit erfordern.<\/div>\n<div><\/div>\n<div style=\"margin-left: 40px;\"><strong>Merkmale:<\/strong><br \/>\n- Frei von Silikon, Amid und DOP.<br \/>\n- Geringer Partikel- und Ionengehalt und nicht fl\u00fcchtige R\u00fcckst\u00e4nde.<br \/>\n- ESD-sicherer Griff (optional)<br \/>\n- Thermisch gebundener Kopf aus Mikrofaser-Polyester.<br \/>\n- Weiche und nicht scheuernde Spitze.<br \/>\n- Kompatibel mit den meisten g\u00e4ngigen L\u00f6sungsmitteln.<br \/>\n- Ausf\u00fchrung: Flexibles Kopfpaddel mit langem Griff<br \/>\n- Erh\u00e4ltlich mit 3,4\"-Griff f\u00fcr wirtschaftliche Kosteneinsparungen.<\/div>\n<div><\/div>\n<div style=\"margin-left: 40px;\"><strong>Anwendungen:<\/strong><br \/>\n- Zur Reinigung empfindlicher Oberfl\u00e4chen und zur Aufnahme von mehr submikronischen Partikeln als bei normalen Polyestertupfern.<br \/>\n- Reinigung mit L\u00f6sungsmitteln wie IPA.<br \/>\n- Reinigung von Oberfl\u00e4chen und schwer zug\u00e4nglichen Stellen.<br \/>\n- Auftragen von Schmiermitteln oder anderen Fl\u00fcssigkeiten<br \/>\n- Flussmittelreste und \u00fcbersch\u00fcssige Materialien entfernen.<br \/>\n- F\u00fcr allgemeine Reinigungszwecke.<\/div>\n<div><\/div>\n<div style=\"margin-left: 40px;\"><strong>Verpackung:<\/strong><\/div>\n<div style=\"margin-left: 40px;\">500 Tupfer\/Beutel;<br \/>\n5 Innenbeutel mit 100 Tupfern;<br \/>\n30 Beutel\/Karton&nbsp;<\/p>\n<\/div>","protected":false},"excerpt":{"rendered":"[tp_attributes num_attributes=\"105\"]","protected":false},"featured_media":978,"comment_status":"closed","ping_status":"closed","template":"","meta":{"themepark_post_bcolor":"#f5f5f5","themepark_post_width":"1022px","themepark_post_img":"","themepark_post_img_po":"left","themepark_post_img_re":false,"themepark_post_img_cover":false,"themepark_post_img_fixed":false,"themepark_post_hide_title":false,"themepark_post_main_b":"","themepark_post_main_p":100,"themepark_paddingblock":false},"product_brand":[],"product_cat":[26,39],"product_tag":[74,71,121,79,81,110],"class_list":{"0":"post-977","1":"product","2":"type-product","3":"status-publish","4":"has-post-thumbnail","6":"product_cat-cleanroom-swabs","7":"product_cat-microfiber-swabs","8":"product_tag-cleaning-swab","9":"product_tag-cleanroom-swab","10":"product_tag-cotton-swabs","11":"product_tag-lint-free-swab","12":"product_tag-microfiber-swab","13":"product_tag-purification-swab","15":"first","16":"instock","17":"product-type-simple"},"_links":{"self":[{"href":"https:\/\/www.meditech.cc\/de\/wp-json\/wp\/v2\/product\/977","targetHints":{"allow":["GET"]}}],"collection":[{"href":"https:\/\/www.meditech.cc\/de\/wp-json\/wp\/v2\/product"}],"about":[{"href":"https:\/\/www.meditech.cc\/de\/wp-json\/wp\/v2\/types\/product"}],"replies":[{"embeddable":true,"href":"https:\/\/www.meditech.cc\/de\/wp-json\/wp\/v2\/comments?post=977"}],"wp:featuredmedia":[{"embeddable":true,"href":"https:\/\/www.meditech.cc\/de\/wp-json\/wp\/v2\/media\/978"}],"wp:attachment":[{"href":"https:\/\/www.meditech.cc\/de\/wp-json\/wp\/v2\/media?parent=977"}],"wp:term":[{"taxonomy":"product_brand","embeddable":true,"href":"https:\/\/www.meditech.cc\/de\/wp-json\/wp\/v2\/product_brand?post=977"},{"taxonomy":"product_cat","embeddable":true,"href":"https:\/\/www.meditech.cc\/de\/wp-json\/wp\/v2\/product_cat?post=977"},{"taxonomy":"product_tag","embeddable":true,"href":"https:\/\/www.meditech.cc\/de\/wp-json\/wp\/v2\/product_tag?post=977"}],"curies":[{"name":"wp","href":"https:\/\/api.w.org\/{rel}","templated":true}]}}