{"id":979,"date":"2025-06-13T10:37:55","date_gmt":"2025-06-13T02:37:55","guid":{"rendered":"https:\/\/test.themepark.com.cn\/product\/cleanroom-microfiber-swab-ms759\/"},"modified":"2025-08-14T11:02:56","modified_gmt":"2025-08-14T03:02:56","slug":"cleanroom-microfiber-swab-ms759","status":"publish","type":"product","link":"https:\/\/www.meditech.cc\/de\/cleanroom-microfiber-swab-ms759","title":{"rendered":"Reinraum-Mikrofasertupfer MS759"},"content":{"rendered":"<div style=\"margin-left: 40px;\"><span style=\"font-size: 14px;\"><span style=\"font-size: 14px;\"><span style=\"font-family: arial;\"><strong>Reinraum-Mikrofasertupfer MS759<\/strong><br \/>\nMikrofasertupfer mit flexiblem Paddelkopf und kompaktem Handgriff<\/span><\/span><\/span><\/div>\n<div><\/div>\n<div style=\"margin-left: 40px;\"><strong>Beschreibung:<\/strong><br \/>\n<a href=\"https:\/\/www.meditech.cc\/de\/cleanroom-swabs\/microfiber-swabs\/\"><span style=\"color: #000080;\">Mikrofasertupfer von Meditech<\/span><\/a> MS759 ist ein hervorragender Tupfer f\u00fcr die Reinigung von Teilen und Baugruppen in engen, d\u00fcnnen Nuten, bei denen die H\u00f6he der Schichtdicke eine gro\u00dfe Rolle spielt.<br \/>\nDer einlagige Kopf aus gestricktem Mikrofaserpolyester besitzt ein hohes Ma\u00df an Sauberkeit und eine ausgezeichnete L\u00f6sungsmittelbest\u00e4ndigkeit und ist der ideale Tupfer f\u00fcr die effektive Beseitigung von Verunreinigungen auf Oberfl\u00e4chen und die Reinigung kleiner geschlitzter und gerillter Bereiche.<br \/>\nDie Mikrofasertupfer MS759 sind frei von organischen Verunreinigungen wie Silikon, Amid- oder Phthalatester. Sie zeichnen sich durch sehr geringe nichtfl\u00fcchtige R\u00fcckst\u00e4nde (NVR), Ionengehalt und Partikelbildung aus. <span style=\"font-size: 14px;\"><span style=\"font-family: arial;\">Mikrofasertupfer MS759<\/span><\/span> ist f\u00fcr allgemeine Reinigungszwecke geeignet.<\/div>\n<div><\/div>\n<div style=\"margin-left: 40px;\"><strong>Merkmale:<\/strong><br \/>\n- Frei von Silikon, Amid und DOP.<br \/>\n- Geringer Partikel- und Ionengehalt und nicht fl\u00fcchtige R\u00fcckst\u00e4nde.<br \/>\n- ESD-sicherer Griff (optional)<br \/>\n- Thermisch gebundener Kopf aus Mikrofaser-Polyester.<br \/>\n- Flexibles Kopfpaddel.<br \/>\n- Hohe L\u00f6sungskapazit\u00e4t, weich und nicht scheuernd.<br \/>\n- Kompatibel mit den meisten g\u00e4ngigen L\u00f6sungsmitteln.<br \/>\n- Keine kontaminierenden Beschichtungen.<br \/>\n- Konstruktion: Flexibles Kopfpaddel mit kompaktem Griff.<\/div>\n<div><\/div>\n<div style=\"margin-left: 40px;\"><strong>Anwendungen:<\/strong><br \/>\n- Zur Reinigung empfindlicher Oberfl\u00e4chen und zur Aufnahme von mehr submikronischen Partikeln als bei normalen Polyestertupfern.<br \/>\n- Reinigung mit L\u00f6sungsmitteln wie IPA.<br \/>\n- Reinigung kleiner und begrenzter Bereiche.<br \/>\n- Auftragen von Schmiermitteln oder anderen Fl\u00fcssigkeiten.<br \/>\n- Flussmittelreste und \u00fcbersch\u00fcssige Materialien entfernen.<br \/>\n- F\u00fcr allgemeine Reinigungszwecke.<\/div>\n<div><\/div>\n<div style=\"margin-left: 40px;\"><strong>Verpackung:<\/strong><br \/>\n500 Tupfer\/Beutel;<br \/>\n5 Innenbeutel mit 100 Tupfern;<br \/>\n100 Beutel\/Karton<\/div>","protected":false},"excerpt":{"rendered":"[tp_attributes num_attributes=\"105\"]","protected":false},"featured_media":980,"comment_status":"closed","ping_status":"closed","template":"","meta":{"themepark_post_bcolor":"#f5f5f5","themepark_post_width":"1022px","themepark_post_img":"","themepark_post_img_po":"left","themepark_post_img_re":false,"themepark_post_img_cover":false,"themepark_post_img_fixed":false,"themepark_post_hide_title":false,"themepark_post_main_b":"","themepark_post_main_p":100,"themepark_paddingblock":false},"product_brand":[],"product_cat":[26,39],"product_tag":[74,71,79,95],"class_list":{"0":"post-979","1":"product","2":"type-product","3":"status-publish","4":"has-post-thumbnail","6":"product_cat-cleanroom-swabs","7":"product_cat-microfiber-swabs","8":"product_tag-cleaning-swab","9":"product_tag-cleanroom-swab","10":"product_tag-lint-free-swab","11":"product_tag-swab-sticks","13":"first","14":"instock","15":"product-type-simple"},"_links":{"self":[{"href":"https:\/\/www.meditech.cc\/de\/wp-json\/wp\/v2\/product\/979","targetHints":{"allow":["GET"]}}],"collection":[{"href":"https:\/\/www.meditech.cc\/de\/wp-json\/wp\/v2\/product"}],"about":[{"href":"https:\/\/www.meditech.cc\/de\/wp-json\/wp\/v2\/types\/product"}],"replies":[{"embeddable":true,"href":"https:\/\/www.meditech.cc\/de\/wp-json\/wp\/v2\/comments?post=979"}],"wp:featuredmedia":[{"embeddable":true,"href":"https:\/\/www.meditech.cc\/de\/wp-json\/wp\/v2\/media\/980"}],"wp:attachment":[{"href":"https:\/\/www.meditech.cc\/de\/wp-json\/wp\/v2\/media?parent=979"}],"wp:term":[{"taxonomy":"product_brand","embeddable":true,"href":"https:\/\/www.meditech.cc\/de\/wp-json\/wp\/v2\/product_brand?post=979"},{"taxonomy":"product_cat","embeddable":true,"href":"https:\/\/www.meditech.cc\/de\/wp-json\/wp\/v2\/product_cat?post=979"},{"taxonomy":"product_tag","embeddable":true,"href":"https:\/\/www.meditech.cc\/de\/wp-json\/wp\/v2\/product_tag?post=979"}],"curies":[{"name":"wp","href":"https:\/\/api.w.org\/{rel}","templated":true}]}}