{"id":991,"date":"2025-06-13T10:43:25","date_gmt":"2025-06-13T02:43:25","guid":{"rendered":"https:\/\/test.themepark.com.cn\/product\/cleanroom-polyester-swab-ps743\/"},"modified":"2025-08-11T17:32:32","modified_gmt":"2025-08-11T09:32:32","slug":"cleanroom-polyester-swab-ps743","status":"publish","type":"product","link":"https:\/\/www.meditech.cc\/de\/cleanroom-polyester-swab-ps743","title":{"rendered":"Reinraum-Polyester-Tupfer PS743"},"content":{"rendered":"<div style=\"margin-left: 40px;\"><span style=\"font-size: 14px;\"><span style=\"font-size: 14px;\"><span style=\"font-family: arial;\"><strong>Polyester-Tupfer PS743<\/strong><br \/>\nDer Kern des Kopfes aus Polyester ist fest mit dem kompakten Griff verbunden.<br \/>\n<\/span><\/span><\/span><br \/>\n<a href=\"https:\/\/www.meditech.cc\/de\/cleanroom-swabs\/polyester-swabs\/\">Polyester-Tupfer von Meditech<\/a> PS743 ist ein idealer Tupfer f\u00fcr die Reinigung kleiner geschlitzter und gerillter Bereiche. Er hat einen starren Polyester-Kopfkern f\u00fcr Halt und Kontrolle.<br \/>\nPolyestertupfer PS743 ist frei von organischen Verunreinigungen wie Silikon, Amid oder Phthalatester. Es weist sehr geringe nichtfl\u00fcchtige R\u00fcckst\u00e4nde (NVR), Ionengehalt und Partikelbildung auf.<br \/>\nDer doppellagige, gestrickte Polyesterkopf besitzt einen hohen Reinheitsgrad und eine ausgezeichnete L\u00f6sungsmittelbest\u00e4ndigkeit.<br \/>\nDer Polyestertupfer PS743 eignet sich hervorragend f\u00fcr allgemeine Reinigungszwecke.<\/div>\n<div><\/div>\n<div style=\"margin-left: 40px;\"><strong>Merkmale:<\/strong><br \/>\n- Frei von Silikon, Amid und DOP.<br \/>\n- Geringer Partikel- und Ionengehalt und nicht fl\u00fcchtige R\u00fcckst\u00e4nde.<br \/>\n- ESD-sicherer Griff (optional)<br \/>\n- Rigid Polyester Kopf Kern Unterst\u00fctzung f\u00fcr die Kontrolle der Nutzung.<br \/>\n- Thermisch gebundener Polyesterkopf.<br \/>\n- Hohe L\u00f6sungskapazit\u00e4t, weiche und nicht scheuernde Spitze.<br \/>\n- Kompatibel mit den meisten g\u00e4ngigen L\u00f6sungsmitteln.<br \/>\n- Ausf\u00fchrung: Flexibles Kopfpaddel mit langem Griff<strong>Anwendungen:<\/strong><br \/>\n- Reinigung mit L\u00f6sungsmitteln wie IPA.<br \/>\n- Reinigung von Oberfl\u00e4chen und schwer zug\u00e4nglichen Stellen.<br \/>\n- Auftragen von Schmiermitteln oder anderen Fl\u00fcssigkeiten<br \/>\n- Flussmittelreste und \u00fcbersch\u00fcssige Materialien entfernen.<br \/>\n- F\u00fcr allgemeine Reinigungszwecke.<br \/>\n- Keine kontaminierenden Beschichtungen.<br \/>\n- Ausf\u00fchrung: mit kompaktem Griff.<\/p>\n<p><strong>Verpackung:<\/strong><br \/>\n500 Tupfer\/Beutel;<br \/>\n5 Innenbeutel mit 100 Tupfern;<br \/>\n100 Beutel\/Karton<\/p>\n<\/div>","protected":false},"excerpt":{"rendered":"[tp_attributes num_attributes=\"105\"]","protected":false},"featured_media":992,"comment_status":"closed","ping_status":"closed","template":"","meta":{"themepark_post_bcolor":"#f5f5f5","themepark_post_width":"1022px","themepark_post_img":"","themepark_post_img_po":"left","themepark_post_img_re":false,"themepark_post_img_cover":false,"themepark_post_img_fixed":false,"themepark_post_hide_title":false,"themepark_post_main_b":"","themepark_post_main_p":100,"themepark_paddingblock":false},"product_brand":[],"product_cat":[26,41],"product_tag":[74,71,79,110],"class_list":{"0":"post-991","1":"product","2":"type-product","3":"status-publish","4":"has-post-thumbnail","6":"product_cat-cleanroom-swabs","7":"product_cat-polyester-swabs","8":"product_tag-cleaning-swab","9":"product_tag-cleanroom-swab","10":"product_tag-lint-free-swab","11":"product_tag-purification-swab","13":"first","14":"instock","15":"product-type-simple"},"_links":{"self":[{"href":"https:\/\/www.meditech.cc\/de\/wp-json\/wp\/v2\/product\/991","targetHints":{"allow":["GET"]}}],"collection":[{"href":"https:\/\/www.meditech.cc\/de\/wp-json\/wp\/v2\/product"}],"about":[{"href":"https:\/\/www.meditech.cc\/de\/wp-json\/wp\/v2\/types\/product"}],"replies":[{"embeddable":true,"href":"https:\/\/www.meditech.cc\/de\/wp-json\/wp\/v2\/comments?post=991"}],"wp:featuredmedia":[{"embeddable":true,"href":"https:\/\/www.meditech.cc\/de\/wp-json\/wp\/v2\/media\/992"}],"wp:attachment":[{"href":"https:\/\/www.meditech.cc\/de\/wp-json\/wp\/v2\/media?parent=991"}],"wp:term":[{"taxonomy":"product_brand","embeddable":true,"href":"https:\/\/www.meditech.cc\/de\/wp-json\/wp\/v2\/product_brand?post=991"},{"taxonomy":"product_cat","embeddable":true,"href":"https:\/\/www.meditech.cc\/de\/wp-json\/wp\/v2\/product_cat?post=991"},{"taxonomy":"product_tag","embeddable":true,"href":"https:\/\/www.meditech.cc\/de\/wp-json\/wp\/v2\/product_tag?post=991"}],"curies":[{"name":"wp","href":"https:\/\/api.w.org\/{rel}","templated":true}]}}