{"id":999,"date":"2025-06-13T10:43:39","date_gmt":"2025-06-13T02:43:39","guid":{"rendered":"https:\/\/test.themepark.com.cn\/product\/cleanroom-polyester-swab-ps714\/"},"modified":"2025-08-11T17:24:02","modified_gmt":"2025-08-11T09:24:02","slug":"cleanroom-polyester-swab-ps714","status":"publish","type":"product","link":"https:\/\/www.meditech.cc\/de\/cleanroom-polyester-swab-ps714","title":{"rendered":"Reinraum-Polyester-Tupfer PS714"},"content":{"rendered":"<div style=\"margin-left: 40px;\"><span style=\"font-size: 14px;\"><span style=\"font-size: 14px;\"><span style=\"font-family: arial;\"><strong>Reinraum-Polyester-Tupfer PS714<\/strong><br \/>\nGro\u00dfer rechteckiger Kopf, der fest mit dem langen inneren Paddelgriff verbunden ist.<\/span><\/span><\/span>Meditech's <a href=\"http:\/\/www.meditech.cc\/de\/products\/cleanroom-swabs\/polyester-swabs\/c-37\/\"><span style=\"color: #000080;\">Reinraum-Polyester-Tupfer<\/span><\/a> PS714 verf\u00fcgt \u00fcber einen gro\u00dfen rechteckigen Kopf, der f\u00fcr die Reinigung gro\u00dfer Fl\u00e4chen und flacher Bereiche konzipiert ist. Eine lange, starre und gro\u00dfe interne Kopf Paddel Polyproylen Griff bietet eine gute Kontrolle und Benutzerfreundlichkeit.<br \/>\nSein doppellagig gestrickter Polyesterkopf besitzt ein hohes Ma\u00df an Sauberkeit und eine ausgezeichnete L\u00f6sungsmittelbest\u00e4ndigkeit.<br \/>\nEs wird f\u00fcr die Validierung von Oberfl\u00e4chenproben und -reinigungen empfohlen.<br \/>\nSein Reinheitsgrad bietet einen neutralen Hintergrund f\u00fcr die gewonnene Probe. Dieser Tupfer ist die ideale Wahl f\u00fcr die kontrollierte Reinigung und Probenahme von gro\u00dfen Fl\u00e4chen<\/p>\n<p><strong>Merkmale:<\/strong><br \/>\n<strong>&#8211;<\/strong>\u00a0 Frei von organischen Verunreinigungen wie Silikon, Amid und DOP.<br \/>\n- Geringer nichtfl\u00fcchtiger R\u00fcckstand, NVR<br \/>\n- Geringer Gehalt an Partikeln und Ionen.<br \/>\n- ESD-sicherer Griff (optional)<br \/>\n- Langer, hellgr\u00fcner Stiel aus Polypropylen<br \/>\n- Thermisch gebundener Polyesterkopf.<br \/>\n- Weiche und nicht scheuernde Spitze.<br \/>\n- Kompatibel mit den meisten g\u00e4ngigen L\u00f6sungsmitteln.<br \/>\n- Ausf\u00fchrung : Gro\u00dfer, rechteckiger Kopf mit langem, innenliegendem Paddelgriff<\/p>\n<p><strong>Anwendungen:<\/strong><br \/>\n- F\u00fcr Reinigungsvalidierungsproben<br \/>\n- Auftragen von Schmiermitteln oder anderen Fl\u00fcssigkeiten<br \/>\n- Flussmittelreste und \u00fcbersch\u00fcssige Materialien entfernen.<br \/>\n- F\u00fcr allgemeine Reinigungszwecke.<br \/>\n<strong><br \/>\n<\/strong><strong>Verpackung:<\/strong><br \/>\n100 Tupfer\/Beutel;<br \/>\n2 Innenbeutel mit 50 Tupfern;<br \/>\n50 Beutel\/Karton<\/p>\n<p>&nbsp;<\/p>\n<\/div>","protected":false},"excerpt":{"rendered":"[tp_attributes num_attributes=\"105\"]","protected":false},"featured_media":1000,"comment_status":"closed","ping_status":"closed","template":"","meta":{"themepark_post_bcolor":"#f5f5f5","themepark_post_width":"1022px","themepark_post_img":"","themepark_post_img_po":"left","themepark_post_img_re":false,"themepark_post_img_cover":false,"themepark_post_img_fixed":false,"themepark_post_hide_title":false,"themepark_post_main_b":"","themepark_post_main_p":100,"themepark_paddingblock":false},"product_brand":[],"product_cat":[26,41],"product_tag":[74,71,109,79,110],"class_list":{"0":"post-999","1":"product","2":"type-product","3":"status-publish","4":"has-post-thumbnail","6":"product_cat-cleanroom-swabs","7":"product_cat-polyester-swabs","8":"product_tag-cleaning-swab","9":"product_tag-cleanroom-swab","10":"product_tag-dust-free-cotton-swab","11":"product_tag-lint-free-swab","12":"product_tag-purification-swab","14":"first","15":"instock","16":"product-type-simple"},"_links":{"self":[{"href":"https:\/\/www.meditech.cc\/de\/wp-json\/wp\/v2\/product\/999","targetHints":{"allow":["GET"]}}],"collection":[{"href":"https:\/\/www.meditech.cc\/de\/wp-json\/wp\/v2\/product"}],"about":[{"href":"https:\/\/www.meditech.cc\/de\/wp-json\/wp\/v2\/types\/product"}],"replies":[{"embeddable":true,"href":"https:\/\/www.meditech.cc\/de\/wp-json\/wp\/v2\/comments?post=999"}],"wp:featuredmedia":[{"embeddable":true,"href":"https:\/\/www.meditech.cc\/de\/wp-json\/wp\/v2\/media\/1000"}],"wp:attachment":[{"href":"https:\/\/www.meditech.cc\/de\/wp-json\/wp\/v2\/media?parent=999"}],"wp:term":[{"taxonomy":"product_brand","embeddable":true,"href":"https:\/\/www.meditech.cc\/de\/wp-json\/wp\/v2\/product_brand?post=999"},{"taxonomy":"product_cat","embeddable":true,"href":"https:\/\/www.meditech.cc\/de\/wp-json\/wp\/v2\/product_cat?post=999"},{"taxonomy":"product_tag","embeddable":true,"href":"https:\/\/www.meditech.cc\/de\/wp-json\/wp\/v2\/product_tag?post=999"}],"curies":[{"name":"wp","href":"https:\/\/api.w.org\/{rel}","templated":true}]}}