{"id":1593,"date":"2025-06-16T09:29:51","date_gmt":"2025-06-16T01:29:51","guid":{"rendered":"https:\/\/test.themepark.com.cn\/?page_id=1593"},"modified":"2025-07-01T09:12:34","modified_gmt":"2025-07-01T01:12:34","slug":"faq","status":"publish","type":"page","link":"https:\/\/www.meditech.cc\/es\/faq","title":{"rendered":"PREGUNTAS FRECUENTES"},"content":{"rendered":"<section class=\"wp-block-themepark-block-themepark-area block_layout thempark-block undefined bom10 top50\" id=\"\" style=\"padding-bottom:8px;padding-top:262px;\" data-swiper-parallax=\"-700\"><div class=\"block_layout_in\" style=\"max-width:1403px;\">\n<div class=\"wp-block-column is-vertically-aligned-top block_layout_in is-layout-flow wp-block-column-is-layout-flow\">\n<h2 class=\"wp-block-heading has-text-align-center has-monte-white-color has-text-color has-link-color has-bonkers-font-size wp-elements-93907f979769a2a30703f986deaa0b40\">PREGUNTAS FRECUENTES<\/h2>\n\n\n\n<div class=\"wp-block-themepark-block-themepark-xian theme_fang_out  top20\" style=\"text-align:left;padding-top:68px;\"><div class=\"fangbox\" style=\"width:undefinedpx;\"><\/div><\/div>\n\n\n\n<div class=\"wp-block-themepark-block-themepark-wright content-super-p\" style=\"font-size:16px;line-height:20px;color:#ffffff;padding:10px 10px;\">\n<div class=\"wp-block-column is-layout-flow wp-block-column-is-layout-flow\">\n <div class=\"block_breadcrumbs\"><div class=\"breadcrumbs\"><nav> <a itemprop=\"breadcrumb\" href=\"https:\/\/www.meditech.cc\/es\">Inicio<\/a> \/ <span class=\"current\">P\u00e1gina<\/span><\/nav><\/div><\/div>\n<\/div>\n<\/div>\n<\/div>\n<\/div><div class=\"layout_badh\"><div class=\"shizhezhao\" style=\"opacity:0.5;background-color:#000000;\"><\/div><div class=\"PcOnly themepark-block_layout_ba lazyload swiper-lazy\" style=\"background-size:cover;background-position:center top;\" data-background=\"https:\/\/www.meditech.cc\/wp-content\/uploads\/2025\/06\/Discuss-.jpg\"><\/div><div class=\"MovePnly themepark-block_layout_ba lazyload swiper-move-lazy\" style=\"background-size:cover;background-position:center top;\" data-background=\"https:\/\/www.meditech.cc\/wp-content\/uploads\/2025\/06\/3196481.jpg\"><\/div><\/div><\/section>\n\n\n\n<section class=\"wp-block-themepark-block-themepark-area block_layout thempark-block undefined bom15 top15\" id=\"\" style=\"background-color:#ffffff;padding-bottom:63px;padding-top:54px;\" data-swiper-parallax=\"-700\"><div class=\"block_layout_in\" style=\"\">\n<div class=\"wp-block-column block_layout_in is-layout-flow wp-block-column-is-layout-flow\">\n<div class=\"wp-block-columns is-layout-flex wp-container-core-columns-is-layout-9d6595d7 wp-block-columns-is-layout-flex\">\n<div class=\"wp-block-column is-layout-flow wp-block-column-is-layout-flow\">\n<div class=\"wp-block-themepark-block-themepark-wright content-super-p\" style=\"font-size:14px;line-height:25px;color:#666666;background-color:#f0f0f0;padding:10px 10px;\"><b class=\"content-super-p-title\" style=\"font-size:16px;color:#ffffff;background-color:#e21f2f;padding:10px 5px;\"><i class=\"fas fa-question-circle\"><\/i>\u00bfEs usted una empresa comercial o un fabricante?<\/b>\n<div class=\"wp-block-column is-layout-flow wp-block-column-is-layout-flow\">\n<p><\/p>\n\n\n\n<p>A\uff1aSomos fabricantes profesionales especializados en hisopos para salas limpias y kits de limpieza para impresoras. Y comerciamos nuestros productos con nuestros clientes directamente.<\/p>\n<\/div>\n<\/div>\n\n\n\n<p><\/p>\n\n\n\n<div class=\"wp-block-themepark-block-themepark-wright content-super-p\" style=\"font-size:14px;line-height:25px;color:#666666;background-color:#f0f0f0;padding:10px 10px;\"><b class=\"content-super-p-title\" style=\"font-size:16px;color:#ffffff;background-color:#e21f2f;padding:10px 5px;\"><i class=\"fas fa-question-circle\"><\/i>\u00bfCu\u00e1les son sus condiciones de entrega?<\/b>\n<div class=\"wp-block-column is-layout-flow wp-block-column-is-layout-flow\">\n<p><\/p>\n\n\n\n<p>R: Aceptamos EXW, FOB, CFR, CIF, etc. Puede elegir el que le resulte m\u00e1s conveniente o rentable.<\/p>\n<\/div>\n<\/div>\n<\/div>\n\n\n\n<div class=\"wp-block-column is-layout-flow wp-block-column-is-layout-flow\">\n<div class=\"wp-block-themepark-block-themepark-wright content-super-p\" style=\"font-size:14px;line-height:25px;color:#666666;background-color:#f0f0f0;padding:10px 10px;\"><b class=\"content-super-p-title\" style=\"font-size:16px;color:#ffffff;background-color:#e21f2f;padding:10px 5px;\"><i class=\"fas fa-question-circle\"><\/i>\u00bfPodemos imprimir nuestro propio logotipo?<\/b>\n<div class=\"wp-block-column is-layout-flow wp-block-column-is-layout-flow\">\n<p><\/p>\n\n\n\n<p>A\uff1aS\u00ed, ofrecemos servicio OEM. El material, el color, el estilo puede modificar para requisitos particulares, la cantidad b\u00e1sica que aconsejaremos despu\u00e9s de que discutamos.<\/p>\n<\/div>\n<\/div>\n\n\n\n<p><\/p>\n\n\n\n<div class=\"wp-block-themepark-block-themepark-wright content-super-p\" style=\"font-size:14px;line-height:25px;color:#666666;background-color:#f0f0f0;padding:10px 10px;\"><b class=\"content-super-p-title\" style=\"font-size:16px;color:#ffffff;background-color:#e21f2f;padding:10px 5px;\"><i class=\"fas fa-question-circle\"><\/i>\u00bfCu\u00e1l es el plazo de entrega?<\/b>\n<div class=\"wp-block-column is-layout-flow wp-block-column-is-layout-flow\">\n<p><\/p>\n\n\n\n<p>R: El plazo de entrega general es de 7-15 d\u00edas despu\u00e9s de recibir su confirmaci\u00f3n de pedido. Anther, si tenemos las mercanc\u00edas en la acci\u00f3n, tardar\u00e1 solamente 3-7 d\u00edas.<\/p>\n<\/div>\n<\/div>\n<\/div>\n\n\n\n<div class=\"wp-block-column is-layout-flow wp-block-column-is-layout-flow\">\n<div class=\"wp-block-themepark-block-themepark-wright content-super-p\" style=\"font-size:14px;line-height:25px;color:#666666;background-color:#f0f0f0;padding:10px 10px;\"><b class=\"content-super-p-title\" style=\"font-size:16px;color:#ffffff;background-color:#e21f2f;padding:10px 5px;\"><i class=\"fas fa-question-circle\"><\/i>\u00bfProporcionan muestras?<\/b>\n<div class=\"wp-block-column is-layout-flow wp-block-column-is-layout-flow\">\n<p><\/p>\n\n\n\n<p>A\uff1a S\u00ed, proporcionamos la muestra y el coste de la muestra ser\u00e1 reback a usted cuando confirma la orden.<\/p>\n<\/div>\n<\/div>\n\n\n\n<p><\/p>\n\n\n\n<div class=\"wp-block-themepark-block-themepark-wright content-super-p\" style=\"font-size:14px;line-height:25px;color:#666666;background-color:#f0f0f0;padding:10px 10px;\"><b class=\"content-super-p-title\" style=\"font-size:16px;color:#ffffff;background-color:#e21f2f;padding:10px 5px;\"><i class=\"fas fa-question-circle\"><\/i>\u00bfPodemos visitar su f\u00e1brica antes de hacer el pedido?<\/b>\n<div class=\"wp-block-column is-layout-flow wp-block-column-is-layout-flow\">\n<p><\/p>\n\n\n\n<p>R: S\u00ed, bienvenido, ser\u00e1 un placer establecer buenas relaciones comerciales.<\/p>\n<\/div>\n<\/div>\n<\/div>\n<\/div>\n<\/div>\n<a class=\"bttombtn2\" href=\"https:\/\/www.meditech.cc\/es\/contact-us\/\"><span style=\"background:#e21f2f;\">Si tiene m\u00e1s preguntas, p\u00f3ngase en contacto con nosotros.<\/span><\/a><\/div><div class=\"layout_badh\"><\/div><\/section>\n\n\n\n<p><\/p>","protected":false},"excerpt":{"rendered":"","protected":false},"author":1,"featured_media":0,"parent":0,"menu_order":0,"comment_status":"closed","ping_status":"closed","template":"","meta":{"themepark_post_bcolor":"#f5f5f5","themepark_post_width":"100%","themepark_post_img":"","themepark_post_img_po":"left","themepark_post_img_re":false,"themepark_post_img_cover":false,"themepark_post_img_fixed":false,"themepark_post_hide_title":true,"themepark_post_main_b":"","themepark_post_main_p":100,"themepark_paddingblock":true,"footnotes":""},"class_list":["post-1593","page","type-page","status-publish","hentry"],"_links":{"self":[{"href":"https:\/\/www.meditech.cc\/es\/wp-json\/wp\/v2\/pages\/1593","targetHints":{"allow":["GET"]}}],"collection":[{"href":"https:\/\/www.meditech.cc\/es\/wp-json\/wp\/v2\/pages"}],"about":[{"href":"https:\/\/www.meditech.cc\/es\/wp-json\/wp\/v2\/types\/page"}],"author":[{"embeddable":true,"href":"https:\/\/www.meditech.cc\/es\/wp-json\/wp\/v2\/users\/1"}],"replies":[{"embeddable":true,"href":"https:\/\/www.meditech.cc\/es\/wp-json\/wp\/v2\/comments?post=1593"}],"version-history":[{"count":2,"href":"https:\/\/www.meditech.cc\/es\/wp-json\/wp\/v2\/pages\/1593\/revisions"}],"predecessor-version":[{"id":2605,"href":"https:\/\/www.meditech.cc\/es\/wp-json\/wp\/v2\/pages\/1593\/revisions\/2605"}],"wp:attachment":[{"href":"https:\/\/www.meditech.cc\/es\/wp-json\/wp\/v2\/media?parent=1593"}],"curies":[{"name":"wp","href":"https:\/\/api.w.org\/{rel}","templated":true}]}}