{"id":1001,"date":"2025-06-13T10:43:39","date_gmt":"2025-06-13T02:43:39","guid":{"rendered":"https:\/\/test.themepark.com.cn\/product\/cleanroom-polyester-swab-ps707\/"},"modified":"2026-03-02T15:35:15","modified_gmt":"2026-03-02T07:35:15","slug":"cleanroom-polyester-swab-ps707","status":"publish","type":"product","link":"https:\/\/www.meditech.cc\/es\/cleanroom-polyester-swab-ps707","title":{"rendered":"Hisopo de poli\u00e9ster para sala limpia PS707"},"content":{"rendered":"<div>Cabezal rectangular grande sellado r\u00edgidamente al mango interno largo de la pala.<a href=\"https:\/\/www.meditech.cc\/es\/cleanroom-swabs\/polyester-swabs\/\">Hisopo de poli\u00e9ster para sala limpia de Meditech<\/a> PS707 dispone de un gran cabezal rectangular dise\u00f1ado para limpiar superficies amplias y \u00e1reas planas. Un mango de polipropileno con cabeza interna larga, r\u00edgida y de gran tama\u00f1o proporciona un buen control y facilidad de uso.<br \/>\nSu cabezal de poli\u00e9ster tricotado de doble capa posee un alto nivel de limpieza y una excelente resistencia a los disolventes...<br \/>\nSe recomienda para el muestreo de superficies y la validaci\u00f3n de la limpieza.<br \/>\nSus niveles de limpieza proporcionan un fondo neutro para la muestra obtenida. Este hisopo es ideal para la limpieza controlada y la toma de muestras de grandes superficies.<\/div>\n<h2><span style=\"font-size: 14pt;\"><strong>Caracter\u00edsticas:<\/strong><\/span><\/h2>\n<div>- Libre de contaminaci\u00f3n org\u00e1nica como silicona, amida y DOP.<br \/>\n- Bajo residuo no vol\u00e1til, NVR<br \/>\n- Bajo contenido tanto en part\u00edculas como en iones.<br \/>\n- Asa de seguridad ESD ( Opcional )<br \/>\n- Mango largo de polipropileno verde claro<br \/>\n- Cabezal de poli\u00e9ster unido t\u00e9rmicamente.<br \/>\n- Punta suave y no abrasiva.<br \/>\n- Compatible con los disolventes m\u00e1s comunes.<br \/>\n&#8211;\u00a0 Design: Large Rectangular head with long internal paddle handleApplications:<br \/>\n- Para el muestreo de validaci\u00f3n de la limpieza<br \/>\n- Aplicar lubricantes u otros l\u00edquidos<br \/>\n- Elimine los restos de fundente y los materiales sobrantes.<br \/>\n- Para limpieza general.<\/div>\n<h2><span style=\"font-size: 14pt;\"><strong>Embalaje:<\/strong><\/span><\/h2>\n<div>100 bastoncillos \/ bolsa;<br \/>\n2 bolsas interiores de 50 bastoncillos;<br \/>\n50 bolsas \/ caja<\/div>","protected":false},"excerpt":{"rendered":"[tp_attributes num_attributes=\"105\"]","protected":false},"featured_media":1002,"comment_status":"closed","ping_status":"closed","template":"","meta":{"themepark_post_bcolor":"#f5f5f5","themepark_post_width":"1022px","themepark_post_img":"","themepark_post_img_po":"left","themepark_post_img_re":false,"themepark_post_img_cover":false,"themepark_post_img_fixed":false,"themepark_post_hide_title":false,"themepark_post_main_b":"","themepark_post_main_p":100,"themepark_paddingblock":false},"product_brand":[],"product_cat":[26,41],"product_tag":[74,71,79,95],"class_list":{"0":"post-1001","1":"product","2":"type-product","3":"status-publish","4":"has-post-thumbnail","6":"product_cat-cleanroom-swabs","7":"product_cat-polyester-swabs","8":"product_tag-cleaning-swab","9":"product_tag-cleanroom-swab","10":"product_tag-lint-free-swab","11":"product_tag-swab-sticks","13":"first","14":"instock","15":"product-type-simple"},"_links":{"self":[{"href":"https:\/\/www.meditech.cc\/es\/wp-json\/wp\/v2\/product\/1001","targetHints":{"allow":["GET"]}}],"collection":[{"href":"https:\/\/www.meditech.cc\/es\/wp-json\/wp\/v2\/product"}],"about":[{"href":"https:\/\/www.meditech.cc\/es\/wp-json\/wp\/v2\/types\/product"}],"replies":[{"embeddable":true,"href":"https:\/\/www.meditech.cc\/es\/wp-json\/wp\/v2\/comments?post=1001"}],"wp:featuredmedia":[{"embeddable":true,"href":"https:\/\/www.meditech.cc\/es\/wp-json\/wp\/v2\/media\/1002"}],"wp:attachment":[{"href":"https:\/\/www.meditech.cc\/es\/wp-json\/wp\/v2\/media?parent=1001"}],"wp:term":[{"taxonomy":"product_brand","embeddable":true,"href":"https:\/\/www.meditech.cc\/es\/wp-json\/wp\/v2\/product_brand?post=1001"},{"taxonomy":"product_cat","embeddable":true,"href":"https:\/\/www.meditech.cc\/es\/wp-json\/wp\/v2\/product_cat?post=1001"},{"taxonomy":"product_tag","embeddable":true,"href":"https:\/\/www.meditech.cc\/es\/wp-json\/wp\/v2\/product_tag?post=1001"}],"curies":[{"name":"wp","href":"https:\/\/api.w.org\/{rel}","templated":true}]}}