{"id":1003,"date":"2025-06-13T10:43:39","date_gmt":"2025-06-13T02:43:39","guid":{"rendered":"https:\/\/test.themepark.com.cn\/product\/cleanroom-foam-swab-fs750\/"},"modified":"2025-08-19T10:19:27","modified_gmt":"2025-08-19T02:19:27","slug":"cleanroom-foam-swab-fs750","status":"publish","type":"product","link":"https:\/\/www.meditech.cc\/es\/cleanroom-foam-swab-fs750","title":{"rendered":"Espuma para salas limpias FS750"},"content":{"rendered":"<div>El bastoncillo de espuma FS750 para salas blancas de Meditech est\u00e1 fabricado con espuma de poliuretano de c\u00e9lula abierta comprimida de 100 ppi (Z) libre de contaminantes org\u00e1nicos. La espuma est\u00e1 unida t\u00e9rmicamente al mango, eliminando as\u00ed el uso de adhesivos contaminantes. Dispone de un cabezal compacto de espuma mini comprimida que posee firmeza y una punta puntiaguda.<\/div>\n<div>Es un hisopo excelente y popular para limpiar peque\u00f1as ranuras, surcos y esquinas en \u00e1ngulo recto en los deslizadores y el brazo accionador del conjunto de la pila de cabezales magn\u00e9ticos en la industria de las unidades de disco duro. El mango ESD seguro, r\u00edgido disipador de est\u00e1tica y compacto est\u00e1 disponible como opci\u00f3n. Presentan muy bajo contenido de residuos no vol\u00e1tiles (NVR), iones y generaci\u00f3n de part\u00edculas.<\/div>\n<div>Los bastoncillos de espuma FS750E, dise\u00f1ados para la limpieza general, con mango ESD seguro opcional, son los bastoncillos ideales para la limpieza de componentes sensibles a la electricidad est\u00e1tica y proporcionan una protecci\u00f3n ESD limpia y permanente que contribuye a la contaminaci\u00f3n por part\u00edculas.<\/div>\n<div><\/div>\n<div><\/div>\n<div><strong>Caracter\u00edsticas:<\/strong><\/div>\n<div>- Libre de contaminaci\u00f3n org\u00e1nica como silicona, amida y DOP.<br \/>\n- Bajo residuo no vol\u00e1til, NVR<br \/>\n- Bajo contenido tanto en part\u00edculas como en iones.<br \/>\n- Opci\u00f3n de asa disipadora de est\u00e1tica permanente a prueba de ESD<br \/>\n- Cabezal de espuma unido t\u00e9rmicamente.<br \/>\n- Gran capacidad disolvente, punta compacta y no abrasiva.<br \/>\n- Compatible con los disolventes m\u00e1s comunes.<br \/>\n- Dise\u00f1o : Peque\u00f1o cabezal puntiagudo c\u00f3nico con mango r\u00edgido y compacto<\/div>\n<div><\/div>\n<div><strong>Aplicaciones:<\/strong><br \/>\n- Limpieza de peque\u00f1os orificios ranurados, ranuras y zonas de dif\u00edcil acceso con IPA.<br \/>\n- Limpieza micromec\u00e1nica.<br \/>\n- Aplicar lubricantes u otros l\u00edquidos<br \/>\n- Elimine los restos de fundente y los materiales sobrantes.<br \/>\n- Para limpieza general.<\/div>\n<div><\/div>\n<div>\n<p><strong>Embalaje:<\/strong><\/p>\n<p>500 bastoncillos \/ bolsa;<br \/>\n5 bolsas interiores de 100 bastoncillos;<br \/>\n100 bolsas \/ caja<\/p>\n<\/div>","protected":false},"excerpt":{"rendered":"[tp_attributes num_attributes=\"105\"]","protected":false},"featured_media":1004,"comment_status":"closed","ping_status":"closed","template":"","meta":{"themepark_post_bcolor":"#f5f5f5","themepark_post_width":"1022px","themepark_post_img":"","themepark_post_img_po":"left","themepark_post_img_re":false,"themepark_post_img_cover":false,"themepark_post_img_fixed":false,"themepark_post_hide_title":false,"themepark_post_main_b":"","themepark_post_main_p":100,"themepark_paddingblock":false},"product_brand":[],"product_cat":[26,33],"product_tag":[74,78,71,79],"class_list":{"0":"post-1003","1":"product","2":"type-product","3":"status-publish","4":"has-post-thumbnail","6":"product_cat-cleanroom-swabs","7":"product_cat-foam-swabs","8":"product_tag-cleaning-swab","9":"product_tag-cleanroom-foam-swabs","10":"product_tag-cleanroom-swab","11":"product_tag-lint-free-swab","13":"first","14":"instock","15":"product-type-simple"},"_links":{"self":[{"href":"https:\/\/www.meditech.cc\/es\/wp-json\/wp\/v2\/product\/1003","targetHints":{"allow":["GET"]}}],"collection":[{"href":"https:\/\/www.meditech.cc\/es\/wp-json\/wp\/v2\/product"}],"about":[{"href":"https:\/\/www.meditech.cc\/es\/wp-json\/wp\/v2\/types\/product"}],"replies":[{"embeddable":true,"href":"https:\/\/www.meditech.cc\/es\/wp-json\/wp\/v2\/comments?post=1003"}],"wp:featuredmedia":[{"embeddable":true,"href":"https:\/\/www.meditech.cc\/es\/wp-json\/wp\/v2\/media\/1004"}],"wp:attachment":[{"href":"https:\/\/www.meditech.cc\/es\/wp-json\/wp\/v2\/media?parent=1003"}],"wp:term":[{"taxonomy":"product_brand","embeddable":true,"href":"https:\/\/www.meditech.cc\/es\/wp-json\/wp\/v2\/product_brand?post=1003"},{"taxonomy":"product_cat","embeddable":true,"href":"https:\/\/www.meditech.cc\/es\/wp-json\/wp\/v2\/product_cat?post=1003"},{"taxonomy":"product_tag","embeddable":true,"href":"https:\/\/www.meditech.cc\/es\/wp-json\/wp\/v2\/product_tag?post=1003"}],"curies":[{"name":"wp","href":"https:\/\/api.w.org\/{rel}","templated":true}]}}