{"id":1009,"date":"2025-06-13T10:43:39","date_gmt":"2025-06-13T02:43:39","guid":{"rendered":"https:\/\/test.themepark.com.cn\/product\/cleanroom-foam-swab-fs712\/"},"modified":"2025-08-19T10:10:16","modified_gmt":"2025-08-19T02:10:16","slug":"cleanroom-foam-swab-fs712","status":"publish","type":"product","link":"https:\/\/www.meditech.cc\/es\/cleanroom-foam-swab-fs712","title":{"rendered":"Hisopo de espuma para salas limpias FS712"},"content":{"rendered":"<div style=\"margin-left: 40px;\">\n<p><span style=\"font-size: 14px;\"><span style=\"font-family: arial;\"><strong>Espuma para salas limpias FS712 con<\/strong> <strong>Cabeza rectangular sellada r\u00edgidamente a un mango largo, delgado y compacto<\/strong><\/span><\/span><\/p>\n<p><strong>Meditech\u2019s Cleanroom Foam Swab FS712 <\/strong>Presenta una cabeza rectangular r\u00edgidamente sellada a un mango largo, delgado y compacto que forma un soporte firme al amortiguar la espuma. Su cabeza de espuma de poliuretano de c\u00e9lula cerrada posee una excelente capacidad de retenci\u00f3n de disolventes y durabilidad.<br \/>\n<span style=\"font-size: 14px;\"><span style=\"font-family: arial;\">Hisopo de espuma para salas limpias FS712<\/span><\/span> est\u00e1 dise\u00f1ado espec\u00edficamente para la limpieza general de grandes superficies. Excelente elecci\u00f3n para la limpieza de cabezales de impresi\u00f3n t\u00e9rmica, rodillos de transporte de lectores o esc\u00e1neres de cheques, sensores optoelectr\u00f3nicos y cabezales de impresi\u00f3n de inyecci\u00f3n de tinta.<br \/>\nTambi\u00e9n puede utilizarse en la aplicaci\u00f3n de hisopos m\u00e9dicos antis\u00e9pticos.<br \/>\nEl mango largo y r\u00edgido de polipropileno proporciona un buen control y facilidad de uso.<\/p>\n<h2>Caracter\u00edsticas:<\/h2>\n<p>- Libre de contaminaci\u00f3n org\u00e1nica como silicona, amida y DOP.<br \/>\n- Bajo residuo no vol\u00e1til, NVR<br \/>\n- Bajo contenido tanto en part\u00edculas como en iones.<br \/>\n- Opci\u00f3n de asa disipadora de est\u00e1tica permanente a prueba de ESD<br \/>\n- Cabezal de espuma unido t\u00e9rmicamente.<br \/>\n- Gran capacidad de retenci\u00f3n de disolventes, punta compacta y no abrasiva.<br \/>\n- Compatible con los disolventes m\u00e1s comunes.<br \/>\n- Dise\u00f1o : Cabezal rectangular grande con mango largo, r\u00edgido y compacto<\/p>\n<p>&nbsp;<\/p>\n<h2>Aplicaciones:<\/h2>\n<p>- Limpieza de grandes superficies, especialmente en cabezal de impresi\u00f3n t\u00e9rmica, cabezal de impresi\u00f3n de inyecci\u00f3n de tinta, rodillos de transporte del esc\u00e1ner\/lector de cheques y sensores optoelectr\u00f3nicos.<br \/>\n- Aplicar lubricantes u otros l\u00edquidos<br \/>\n- Elimine los restos de fundente y los materiales sobrantes.<br \/>\n- Para limpieza general.<\/p>\n<p>&nbsp;<\/p>\n<h2>Embalaje:<\/h2>\n<p>100 bastoncillos\/bolsa;<br \/>\n2 bolsas interiores de 50 bastoncillos;<br \/>\n50 bolsas\/caja<\/p>\n<\/div>","protected":false},"excerpt":{"rendered":"[tp_attributes num_attributes=\"105\"]","protected":false},"featured_media":1010,"comment_status":"closed","ping_status":"closed","template":"","meta":{"themepark_post_bcolor":"#f5f5f5","themepark_post_width":"1022px","themepark_post_img":"","themepark_post_img_po":"left","themepark_post_img_re":false,"themepark_post_img_cover":false,"themepark_post_img_fixed":false,"themepark_post_hide_title":false,"themepark_post_main_b":"","themepark_post_main_p":100,"themepark_paddingblock":false},"product_brand":[],"product_cat":[26,33],"product_tag":[73,71,70,72],"class_list":{"0":"post-1009","1":"product","2":"type-product","3":"status-publish","4":"has-post-thumbnail","6":"product_cat-cleanroom-swabs","7":"product_cat-foam-swabs","8":"product_tag-cleanroom-foam-swab","9":"product_tag-cleanroom-swab","10":"product_tag-dust-free-swab","11":"product_tag-foam-swab","13":"first","14":"instock","15":"product-type-simple"},"_links":{"self":[{"href":"https:\/\/www.meditech.cc\/es\/wp-json\/wp\/v2\/product\/1009","targetHints":{"allow":["GET"]}}],"collection":[{"href":"https:\/\/www.meditech.cc\/es\/wp-json\/wp\/v2\/product"}],"about":[{"href":"https:\/\/www.meditech.cc\/es\/wp-json\/wp\/v2\/types\/product"}],"replies":[{"embeddable":true,"href":"https:\/\/www.meditech.cc\/es\/wp-json\/wp\/v2\/comments?post=1009"}],"wp:featuredmedia":[{"embeddable":true,"href":"https:\/\/www.meditech.cc\/es\/wp-json\/wp\/v2\/media\/1010"}],"wp:attachment":[{"href":"https:\/\/www.meditech.cc\/es\/wp-json\/wp\/v2\/media?parent=1009"}],"wp:term":[{"taxonomy":"product_brand","embeddable":true,"href":"https:\/\/www.meditech.cc\/es\/wp-json\/wp\/v2\/product_brand?post=1009"},{"taxonomy":"product_cat","embeddable":true,"href":"https:\/\/www.meditech.cc\/es\/wp-json\/wp\/v2\/product_cat?post=1009"},{"taxonomy":"product_tag","embeddable":true,"href":"https:\/\/www.meditech.cc\/es\/wp-json\/wp\/v2\/product_tag?post=1009"}],"curies":[{"name":"wp","href":"https:\/\/api.w.org\/{rel}","templated":true}]}}