{"id":1013,"date":"2025-06-13T10:44:37","date_gmt":"2025-06-13T02:44:37","guid":{"rendered":"https:\/\/test.themepark.com.cn\/product\/cleanroom-foam-swab-fs746\/"},"modified":"2025-08-19T10:17:58","modified_gmt":"2025-08-19T02:17:58","slug":"cleanroom-foam-swab-fs746","status":"publish","type":"product","link":"https:\/\/www.meditech.cc\/es\/cleanroom-foam-swab-fs746","title":{"rendered":"Hisopo de espuma para salas limpias FS746"},"content":{"rendered":"<div style=\"margin-left: 40px;\"><span style=\"font-size: 14px;\"><span style=\"font-size: 14px;\"><span style=\"font-family: arial;\"><strong>Hisopo de espuma para salas limpias FS746<\/strong><br \/>\nHisopo de espuma mediano con cabeza de paleta interna flexible y mango de 3,4\" de longitud.<\/span><\/span><\/span><\/div>\n<div><\/div>\n<div style=\"margin-left: 40px;\"><strong>Descripci\u00f3n:<\/strong><br \/>\n<span style=\"color: #000080;\">Hisopo de espuma mediano de Meditech<\/span> FS746 dispone de un cabezal de pala interno flexible con un mango de 3,4\" de longitud que proporciona un buen soporte y amortiguaci\u00f3n. Est\u00e1 fabricado con espuma de poliuretano de c\u00e9lula abierta de 100 ppi y es el bastoncillo ideal para eliminar eficazmente la contaminaci\u00f3n en superficies y zonas de dif\u00edcil acceso. Su cabeza de espuma lavada en sala limpia posee una alta capacidad disolvente.<br \/>\nFlexible Paddle Foam Swab FS746 no contiene contaminantes org\u00e1nicos como silicona, amida y \u00e9steres de ftalato.<br \/>\nSe caracteriza por un residuo no vol\u00e1til (RNV), un contenido de iones y una generaci\u00f3n de part\u00edculas muy bajos.<\/div>\n<div><\/div>\n<div style=\"margin-left: 40px;\"><strong>Caracter\u00edsticas:<\/strong><br \/>\n- Sin silicona, amida ni DOP.<br \/>\n- Bajo contenido en part\u00edculas, iones y residuos no vol\u00e1tiles.<br \/>\n- Mango disipador de est\u00e1tica permanente seguro ESD disponible como opci\u00f3n.<br \/>\n- Cabezal de espuma unido t\u00e9rmicamente.<br \/>\n- Alta capacidad disolvente, suave y no abrasiva.<br \/>\n- Compatible con los disolventes m\u00e1s comunes.<br \/>\n- Dise\u00f1o: Pala de cabeza flexible con mango econ\u00f3mico de 3,4\" de largo<\/div>\n<div><\/div>\n<div style=\"margin-left: 40px;\"><strong>Aplicaciones:<\/strong><br \/>\n- Limpieza con disolventes como IPA.<br \/>\n- Limpieza de superficies y zonas de dif\u00edcil acceso.<br \/>\n- Aplicar lubricantes u otros l\u00edquidos<br \/>\n- Elimine los restos de fundente y los materiales sobrantes.<br \/>\n- Para limpieza general.<\/div>\n<div><\/div>\n<div style=\"margin-left: 40px;\"><strong>Embalaje:<\/strong><br \/>\n500 bastoncillos\/bolsa;<br \/>\n5 bolsas interiores de 100 bastoncillos;<br \/>\n30 bolsas\/caja&nbsp;<\/p>\n<\/div>","protected":false},"excerpt":{"rendered":"[tp_attributes num_attributes=\"105\"]","protected":false},"featured_media":1014,"comment_status":"closed","ping_status":"closed","template":"","meta":{"themepark_post_bcolor":"#f5f5f5","themepark_post_width":"1022px","themepark_post_img":"","themepark_post_img_po":"left","themepark_post_img_re":false,"themepark_post_img_cover":false,"themepark_post_img_fixed":false,"themepark_post_hide_title":false,"themepark_post_main_b":"","themepark_post_main_p":100,"themepark_paddingblock":false},"product_brand":[],"product_cat":[26,33],"product_tag":[74,71,79],"class_list":{"0":"post-1013","1":"product","2":"type-product","3":"status-publish","4":"has-post-thumbnail","6":"product_cat-cleanroom-swabs","7":"product_cat-foam-swabs","8":"product_tag-cleaning-swab","9":"product_tag-cleanroom-swab","10":"product_tag-lint-free-swab","12":"first","13":"instock","14":"product-type-simple"},"_links":{"self":[{"href":"https:\/\/www.meditech.cc\/es\/wp-json\/wp\/v2\/product\/1013","targetHints":{"allow":["GET"]}}],"collection":[{"href":"https:\/\/www.meditech.cc\/es\/wp-json\/wp\/v2\/product"}],"about":[{"href":"https:\/\/www.meditech.cc\/es\/wp-json\/wp\/v2\/types\/product"}],"replies":[{"embeddable":true,"href":"https:\/\/www.meditech.cc\/es\/wp-json\/wp\/v2\/comments?post=1013"}],"wp:featuredmedia":[{"embeddable":true,"href":"https:\/\/www.meditech.cc\/es\/wp-json\/wp\/v2\/media\/1014"}],"wp:attachment":[{"href":"https:\/\/www.meditech.cc\/es\/wp-json\/wp\/v2\/media?parent=1013"}],"wp:term":[{"taxonomy":"product_brand","embeddable":true,"href":"https:\/\/www.meditech.cc\/es\/wp-json\/wp\/v2\/product_brand?post=1013"},{"taxonomy":"product_cat","embeddable":true,"href":"https:\/\/www.meditech.cc\/es\/wp-json\/wp\/v2\/product_cat?post=1013"},{"taxonomy":"product_tag","embeddable":true,"href":"https:\/\/www.meditech.cc\/es\/wp-json\/wp\/v2\/product_tag?post=1013"}],"curies":[{"name":"wp","href":"https:\/\/api.w.org\/{rel}","templated":true}]}}