{"id":1017,"date":"2025-06-13T10:44:41","date_gmt":"2025-06-13T02:44:41","guid":{"rendered":"https:\/\/test.themepark.com.cn\/product\/cleanroom-foam-swab-fs742\/"},"modified":"2025-08-19T10:16:05","modified_gmt":"2025-08-19T02:16:05","slug":"cleanroom-foam-swab-fs742","status":"publish","type":"product","link":"https:\/\/www.meditech.cc\/es\/cleanroom-foam-swab-fs742","title":{"rendered":"Hisopo de espuma para salas limpias FS742"},"content":{"rendered":"<div style=\"margin-left: 40px;\"><span style=\"font-size: 14px;\"><span style=\"font-size: 14px;\"><span style=\"font-family: arial;\"><strong>Hisopo de espuma para salas limpias FS742<\/strong><br \/>\nHisopo de espuma universal con mango firme, compacto y de n\u00facleo redondo.<\/span><\/span><\/span><\/div>\n<div><\/div>\n<div style=\"margin-left: 40px;\">Meditech\u2019s Universal Foam Swab FS742 is an excellent general purpose cleaning swab.It features cleanroom laundered, 100 ppi (Z) open cell polyurethane foam head that possesses high solvent capacity and good cushioning. It has a compact and firm handle with a round internal core providing stable support in cleaning small and confined areas.<br \/>\nUniversal Foam Swabs FS742 no contiene contaminantes org\u00e1nicos como silicona, amida y \u00e9steres de ftalato.<br \/>\nSe caracteriza por un residuo no vol\u00e1til (RNV), un contenido de iones y una generaci\u00f3n de part\u00edculas muy bajos.<br \/>\nLos bastoncillos universales FS742E opcionales son excelentes para limpiar componentes sensibles a la electricidad est\u00e1tica.<\/p>\n<h2><span style=\"font-size: 14pt;\">Caracter\u00edsticas:<\/span><\/h2>\n<p>- Sin silicona, amida ni DOP.<br \/>\n- Bajo contenido tanto en part\u00edculas como en iones.<br \/>\n- Asa de seguridad ESD (opcional)<br \/>\n- Cabezal de espuma unido t\u00e9rmicamente.<br \/>\n- Alta capacidad disolvente, suave y no abrasivo..<br \/>\n- Compatible con los disolventes m\u00e1s comunes<br \/>\n- Dise\u00f1o: Cabezal r\u00edgido con mango compacto<\/p>\n<h2><span style=\"font-size: 14pt;\">Aplicaciones:<\/span><\/h2>\n<p>- Limpieza con disolventes como IPA.<br \/>\n- Limpieza de \u00e1reas peque\u00f1as y confinadas.<br \/>\n- Aplicar lubricantes u otros l\u00edquidos<br \/>\n- Elimine los restos de fundente y los materiales sobrantes.<br \/>\n- Para limpieza general.<\/p>\n<h2><span style=\"font-size: 14pt;\">Embalaje:<\/span><\/h2>\n<p>500 bastoncillos\/bolsa;<br \/>\n5 bolsas interiores de 100 bastoncillos;<br \/>\n100 bolsas\/caja<\/p>\n<\/div>","protected":false},"excerpt":{"rendered":"[tp_attributes num_attributes=\"105\"]","protected":false},"featured_media":1018,"comment_status":"closed","ping_status":"closed","template":"","meta":{"themepark_post_bcolor":"#f5f5f5","themepark_post_width":"1022px","themepark_post_img":"","themepark_post_img_po":"left","themepark_post_img_re":false,"themepark_post_img_cover":false,"themepark_post_img_fixed":false,"themepark_post_hide_title":false,"themepark_post_main_b":"","themepark_post_main_p":100,"themepark_paddingblock":false},"product_brand":[],"product_cat":[26,33],"product_tag":[74,78,72,79],"class_list":{"0":"post-1017","1":"product","2":"type-product","3":"status-publish","4":"has-post-thumbnail","6":"product_cat-cleanroom-swabs","7":"product_cat-foam-swabs","8":"product_tag-cleaning-swab","9":"product_tag-cleanroom-foam-swabs","10":"product_tag-foam-swab","11":"product_tag-lint-free-swab","13":"first","14":"instock","15":"product-type-simple"},"_links":{"self":[{"href":"https:\/\/www.meditech.cc\/es\/wp-json\/wp\/v2\/product\/1017","targetHints":{"allow":["GET"]}}],"collection":[{"href":"https:\/\/www.meditech.cc\/es\/wp-json\/wp\/v2\/product"}],"about":[{"href":"https:\/\/www.meditech.cc\/es\/wp-json\/wp\/v2\/types\/product"}],"replies":[{"embeddable":true,"href":"https:\/\/www.meditech.cc\/es\/wp-json\/wp\/v2\/comments?post=1017"}],"wp:featuredmedia":[{"embeddable":true,"href":"https:\/\/www.meditech.cc\/es\/wp-json\/wp\/v2\/media\/1018"}],"wp:attachment":[{"href":"https:\/\/www.meditech.cc\/es\/wp-json\/wp\/v2\/media?parent=1017"}],"wp:term":[{"taxonomy":"product_brand","embeddable":true,"href":"https:\/\/www.meditech.cc\/es\/wp-json\/wp\/v2\/product_brand?post=1017"},{"taxonomy":"product_cat","embeddable":true,"href":"https:\/\/www.meditech.cc\/es\/wp-json\/wp\/v2\/product_cat?post=1017"},{"taxonomy":"product_tag","embeddable":true,"href":"https:\/\/www.meditech.cc\/es\/wp-json\/wp\/v2\/product_tag?post=1017"}],"curies":[{"name":"wp","href":"https:\/\/api.w.org\/{rel}","templated":true}]}}