{"id":1019,"date":"2025-06-13T10:44:41","date_gmt":"2025-06-13T02:44:41","guid":{"rendered":"https:\/\/test.themepark.com.cn\/product\/cleanroom-foam-swab-fs741\/"},"modified":"2025-08-19T10:13:41","modified_gmt":"2025-08-19T02:13:41","slug":"cleanroom-foam-swab-fs741","status":"publish","type":"product","link":"https:\/\/www.meditech.cc\/es\/cleanroom-foam-swab-fs741","title":{"rendered":"Hisopo de espuma para salas limpias FS741"},"content":{"rendered":"<div style=\"margin-left: 40px;\"><span style=\"font-size: 14px;\"><span style=\"font-size: 14px;\"><span style=\"font-family: arial;\"><strong>Hisopo de espuma para salas limpias FS741<\/strong><br \/>\nHisopo de espuma peque\u00f1o con cabeza interna flexible y mango r\u00edgido compacto.<\/span><\/span><\/span><\/div>\n<div><\/div>\n<div style=\"margin-left: 40px;\"><strong>Descripci\u00f3n:<\/strong><br \/>\nMeditech es peque\u00f1o <a href=\"https:\/\/www.meditech.cc\/es\/cleanroom-swabs\/foam-swabs\/\"><span style=\"color: #000080;\">Hisopo con punta de espuma<\/span><\/a> El FS741 es un excelente bastoncillo de limpieza de uso general. Cuenta con una cabeza de espuma de poliuretano de c\u00e9lula abierta de 100 ppi (Z) lavada en sala limpia que posee una alta capacidad disolvente y una buena amortiguaci\u00f3n. <span style=\"font-size: 14px;\"><span style=\"font-family: arial;\">Hisopo de espuma para salas limpias FS741<\/span><\/span> tiene un mango r\u00edgido compacto con un cabezal de pala flexible que proporciona un apoyo estable en la limpieza de \u00e1reas peque\u00f1as y confinadas.<br \/>\nUniversal Cleanroom Foam Swabs FS741 no contiene contaminantes org\u00e1nicos como silicona, amida y \u00e9steres de ftalato.<br \/>\nSe caracteriza por un residuo no vol\u00e1til (RNV), un contenido de iones y una generaci\u00f3n de part\u00edculas muy bajos.<br \/>\nLos bastoncillos universales FS741E opcionales son excelentes para limpiar componentes sensibles a la electricidad est\u00e1tica.<\/div>\n<div><\/div>\n<div style=\"margin-left: 40px;\"><strong>Caracter\u00edsticas:<\/strong><br \/>\n- Sin silicona, amida ni DOP.<br \/>\n- Bajo contenido tanto en part\u00edculas como en iones.<br \/>\n- Asa de seguridad ESD (opcional)<br \/>\n- Cabezal de espuma unido t\u00e9rmicamente.<br \/>\n- Alta capacidad disolvente, suave y no abrasivo..<br \/>\n- Compatible con los disolventes m\u00e1s comunes<br \/>\n- Dise\u00f1o: Cabezal r\u00edgido con mango compacto<\/div>\n<div><\/div>\n<div style=\"margin-left: 40px;\"><strong>Aplicaciones:<\/strong><br \/>\n- Limpieza con disolventes como IPA.<br \/>\n- Limpieza de \u00e1reas peque\u00f1as y confinadas.<br \/>\n- Aplicar lubricantes u otros l\u00edquidos<br \/>\n- Elimine los restos de fundente y los materiales sobrantes.<br \/>\n- Para limpieza general.<\/div>\n<div><\/div>\n<div style=\"margin-left: 40px;\"><strong>Embalaje:<\/strong><br \/>\n500 bastoncillos\/bolsa;<br \/>\n5 bolsas interiores de 100 bastoncillos;<br \/>\n100 bolsas\/caja<\/div>","protected":false},"excerpt":{"rendered":"[tp_attributes num_attributes=\"105\"]","protected":false},"featured_media":1020,"comment_status":"closed","ping_status":"closed","template":"","meta":{"themepark_post_bcolor":"#f5f5f5","themepark_post_width":"1022px","themepark_post_img":"","themepark_post_img_po":"left","themepark_post_img_re":false,"themepark_post_img_cover":false,"themepark_post_img_fixed":false,"themepark_post_hide_title":false,"themepark_post_main_b":"","themepark_post_main_p":100,"themepark_paddingblock":false},"product_brand":[],"product_cat":[26,33],"product_tag":[],"class_list":{"0":"post-1019","1":"product","2":"type-product","3":"status-publish","4":"has-post-thumbnail","6":"product_cat-cleanroom-swabs","7":"product_cat-foam-swabs","9":"first","10":"instock","11":"product-type-simple"},"_links":{"self":[{"href":"https:\/\/www.meditech.cc\/es\/wp-json\/wp\/v2\/product\/1019","targetHints":{"allow":["GET"]}}],"collection":[{"href":"https:\/\/www.meditech.cc\/es\/wp-json\/wp\/v2\/product"}],"about":[{"href":"https:\/\/www.meditech.cc\/es\/wp-json\/wp\/v2\/types\/product"}],"replies":[{"embeddable":true,"href":"https:\/\/www.meditech.cc\/es\/wp-json\/wp\/v2\/comments?post=1019"}],"wp:featuredmedia":[{"embeddable":true,"href":"https:\/\/www.meditech.cc\/es\/wp-json\/wp\/v2\/media\/1020"}],"wp:attachment":[{"href":"https:\/\/www.meditech.cc\/es\/wp-json\/wp\/v2\/media?parent=1019"}],"wp:term":[{"taxonomy":"product_brand","embeddable":true,"href":"https:\/\/www.meditech.cc\/es\/wp-json\/wp\/v2\/product_brand?post=1019"},{"taxonomy":"product_cat","embeddable":true,"href":"https:\/\/www.meditech.cc\/es\/wp-json\/wp\/v2\/product_cat?post=1019"},{"taxonomy":"product_tag","embeddable":true,"href":"https:\/\/www.meditech.cc\/es\/wp-json\/wp\/v2\/product_tag?post=1019"}],"curies":[{"name":"wp","href":"https:\/\/api.w.org\/{rel}","templated":true}]}}