{"id":735,"date":"2025-06-13T10:35:04","date_gmt":"2025-06-13T02:35:04","guid":{"rendered":"https:\/\/test.themepark.com.cn\/product\/atm-cr80-full-textured-flocked-cleaning-card\/"},"modified":"2025-07-16T15:43:49","modified_gmt":"2025-07-16T07:43:49","slug":"atm-cr80-full-textured-flocked-cleaning-card","status":"publish","type":"product","link":"https:\/\/www.meditech.cc\/es\/atm-cr80-full-textured-flocked-cleaning-card","title":{"rendered":"Tarjeta de limpieza ATM CR80 Full Textured Flocked"},"content":{"rendered":"<div><span style=\"font-size: 14px;\"><strong>Tarjeta de limpieza ATM CR80 Full Textured Flocked<\/strong><\/span><\/div>\n<p><span style=\"font-size: 14px;\">Ambas caras flocadas en textura completa, presaturadas con limpiador sin alcohol<br \/>\nEmbalaje : 50 tarjetas de limpieza por caja<br \/>\nDimensi\u00f3n nominal : 54 X 86 X 1,10 mm<br \/>\nN\u00famero de pieza : CRCC-CR80F-AF<\/span><\/p>\n<p><strong>Caracter\u00edsticas y ventajas<\/strong><br \/>\n- Limpieza eficaz gracias al efecto de limpieza del cepillo.<br \/>\n- Menos aver\u00edas de la m\u00e1quina gracias a la eliminaci\u00f3n eficaz de la suciedad.<br \/>\n- Manejo sencillo y f\u00e1cil<br \/>\n- Limpia eficazmente el cabezal magn\u00e9tico oculto en zonas de dif\u00edcil acceso.<\/p>\n<p><strong>Aplicaciones<\/strong><br \/>\nPara todos los cajeros autom\u00e1ticos con lectores de tarjetas de inserci\u00f3n mec\u00e1nicos y motorizados pero sin obturador.<br \/>\nLimpieza de las clavijas de contacto del CI en los lectores de tarjetas inteligentes y del cabezal magn\u00e9tico en los lectores de tarjetas magn\u00e9ticas.<\/p>\n<p><strong>Caracter\u00edsticas<\/strong><br \/>\nCard Reader Flocked Cleaning Card se recomienda para el mantenimiento preventivo de cajeros autom\u00e1ticos, m\u00e1quinas tragaperras y lectores de tarjetas inteligentes. Es extremadamente eficaz en la recogida de suciedad de alto nivel.<br \/>\nSe puede humedecer previamente con limpiador sin alcohol para conseguir un alto grado de limpieza.<br \/>\nNuestra soluci\u00f3n limpiadora sin alcohol de f\u00f3rmula patentada es antimicrobiana, 100% no t\u00f3xica, no inflamable, respetuosa con el medio ambiente y conforme a RoHS. Consulte MSDS-CRCC-CR80F-AF<br \/>\nEl limpiador sin alcohol no contiene alcohol isoprop\u00edlico, amon\u00edaco ni lauril sulfato s\u00f3dico y limpia de forma segura, elimina el polvo, las manchas de suciedad y no deja residuos en la superficie.<\/p>","protected":false},"excerpt":{"rendered":"[tp_attributes num_attributes=\"105\"]","protected":false},"featured_media":2310,"comment_status":"closed","ping_status":"closed","template":"","meta":{"themepark_post_bcolor":"#f5f5f5","themepark_post_width":"1022px","themepark_post_img":"","themepark_post_img_po":"left","themepark_post_img_re":false,"themepark_post_img_cover":false,"themepark_post_img_fixed":false,"themepark_post_hide_title":false,"themepark_post_main_b":"","themepark_post_main_p":100,"themepark_paddingblock":false},"product_brand":[],"product_cat":[53,40],"product_tag":[86,87,83],"class_list":{"0":"post-735","1":"product","2":"type-product","3":"status-publish","4":"has-post-thumbnail","6":"product_cat-atm-cleaning-kit","7":"product_cat-other-cleaning-kits","8":"product_tag-atm-cleaning-card","9":"product_tag-card-reader-cleaning-card","10":"product_tag-cr80-cleaning-card","12":"first","13":"instock","14":"product-type-simple"},"_links":{"self":[{"href":"https:\/\/www.meditech.cc\/es\/wp-json\/wp\/v2\/product\/735","targetHints":{"allow":["GET"]}}],"collection":[{"href":"https:\/\/www.meditech.cc\/es\/wp-json\/wp\/v2\/product"}],"about":[{"href":"https:\/\/www.meditech.cc\/es\/wp-json\/wp\/v2\/types\/product"}],"replies":[{"embeddable":true,"href":"https:\/\/www.meditech.cc\/es\/wp-json\/wp\/v2\/comments?post=735"}],"wp:featuredmedia":[{"embeddable":true,"href":"https:\/\/www.meditech.cc\/es\/wp-json\/wp\/v2\/media\/2310"}],"wp:attachment":[{"href":"https:\/\/www.meditech.cc\/es\/wp-json\/wp\/v2\/media?parent=735"}],"wp:term":[{"taxonomy":"product_brand","embeddable":true,"href":"https:\/\/www.meditech.cc\/es\/wp-json\/wp\/v2\/product_brand?post=735"},{"taxonomy":"product_cat","embeddable":true,"href":"https:\/\/www.meditech.cc\/es\/wp-json\/wp\/v2\/product_cat?post=735"},{"taxonomy":"product_tag","embeddable":true,"href":"https:\/\/www.meditech.cc\/es\/wp-json\/wp\/v2\/product_tag?post=735"}],"curies":[{"name":"wp","href":"https:\/\/api.w.org\/{rel}","templated":true}]}}