{"id":741,"date":"2025-06-13T10:35:04","date_gmt":"2025-06-13T02:35:04","guid":{"rendered":"https:\/\/test.themepark.com.cn\/product\/atm-cr80-flat-cleaning-card\/"},"modified":"2025-07-16T15:49:12","modified_gmt":"2025-07-16T07:49:12","slug":"atm-cr80-flat-cleaning-card","status":"publish","type":"product","link":"https:\/\/www.meditech.cc\/es\/atm-cr80-flat-cleaning-card","title":{"rendered":"Tarjeta plana de limpieza ATM CR80"},"content":{"rendered":"<p><span style=\"font-size: 14px;\"><strong>Tarjeta de limpieza CR80 gen\u00e9rica - Pre-saturada con IPA<\/strong><br \/>\nEmbalaje : 50 tarjetas de limpieza presaturadas por caja<br \/>\nDimensi\u00f3n nominal : 54 X 86 X 0,711 mm<br \/>\nN\u00famero de pieza : TPCC-CR80<\/span><\/p>\n<p>&nbsp;<\/p>\n<h2>Caracter\u00edsticas y ventajas<\/h2>\n<p><span style=\"font-size: 14px;\">- Costes econ\u00f3micos para mantener sus Lectores de Tarjetas en Mantenimiento de Rutina para evitar errores de lectura o fallos de lectura.<br \/>\n- Menos aver\u00edas de la m\u00e1quina gracias a la eliminaci\u00f3n eficaz de la suciedad.<br \/>\n- F\u00e1cil manejo<br \/>\n- El limpiador de alcohol isoprop\u00edlico limpia de forma segura, elimina el polvo, las manchas de suciedad y no deja residuos en la superficie. - Consulte la hoja de datos de seguridad TPCC-CR80<\/span><\/p>\n<p>&nbsp;<\/p>\n<h2>Aplicaciones<\/h2>\n<p><span style=\"font-size: 14px;\">La tarjeta de limpieza CR80 pre-saturada con IPA es un limpiador alternativo para el mantenimiento preventivo de cajeros autom\u00e1ticos, terminales de punto de venta, lectores de tarjetas magn\u00e9ticas, lectores de tarjetas inteligentes, lectores de cerraduras de hoteles, gasolineras, m\u00e1quinas tragaperras, m\u00e1quinas expendedoras e impresoras de tarjetas de identificaci\u00f3n.<\/span><\/p>\n<h2><span style=\"font-size: 14px;\"><br \/>\n<\/span>Caracter\u00edsticas<\/h2>\n<p><span style=\"font-size: 14px;\">Los Lectores de Tarjetas requieren un mantenimiento preventivo para mantener las Cabezas Magn\u00e9ticas limpias y libres de suciedad acumulada. Limpia y revitaliza los rodillos de goma de transporte, la gu\u00eda de la trayectoria de los rodillos.<br \/>\nLas tarjetas de limpieza presaturadas son una forma rentable de mantener sus lectores de tarjetas y aumentar la vida \u00fatil de los cabezales magn\u00e9ticos.<\/span><\/p>","protected":false},"excerpt":{"rendered":"[tp_attributes num_attributes=\"105\"]","protected":false},"featured_media":2313,"comment_status":"closed","ping_status":"closed","template":"","meta":{"themepark_post_bcolor":"#f5f5f5","themepark_post_width":"1022px","themepark_post_img":"","themepark_post_img_po":"left","themepark_post_img_re":false,"themepark_post_img_cover":false,"themepark_post_img_fixed":false,"themepark_post_hide_title":false,"themepark_post_main_b":"","themepark_post_main_p":100,"themepark_paddingblock":false},"product_brand":[],"product_cat":[53,40],"product_tag":[83,82],"class_list":{"0":"post-741","1":"product","2":"type-product","3":"status-publish","4":"has-post-thumbnail","6":"product_cat-atm-cleaning-kit","7":"product_cat-other-cleaning-kits","8":"product_tag-cr80-cleaning-card","9":"product_tag-ipa-cleaning-card","11":"first","12":"instock","13":"product-type-simple"},"_links":{"self":[{"href":"https:\/\/www.meditech.cc\/es\/wp-json\/wp\/v2\/product\/741","targetHints":{"allow":["GET"]}}],"collection":[{"href":"https:\/\/www.meditech.cc\/es\/wp-json\/wp\/v2\/product"}],"about":[{"href":"https:\/\/www.meditech.cc\/es\/wp-json\/wp\/v2\/types\/product"}],"replies":[{"embeddable":true,"href":"https:\/\/www.meditech.cc\/es\/wp-json\/wp\/v2\/comments?post=741"}],"wp:featuredmedia":[{"embeddable":true,"href":"https:\/\/www.meditech.cc\/es\/wp-json\/wp\/v2\/media\/2313"}],"wp:attachment":[{"href":"https:\/\/www.meditech.cc\/es\/wp-json\/wp\/v2\/media?parent=741"}],"wp:term":[{"taxonomy":"product_brand","embeddable":true,"href":"https:\/\/www.meditech.cc\/es\/wp-json\/wp\/v2\/product_brand?post=741"},{"taxonomy":"product_cat","embeddable":true,"href":"https:\/\/www.meditech.cc\/es\/wp-json\/wp\/v2\/product_cat?post=741"},{"taxonomy":"product_tag","embeddable":true,"href":"https:\/\/www.meditech.cc\/es\/wp-json\/wp\/v2\/product_tag?post=741"}],"curies":[{"name":"wp","href":"https:\/\/api.w.org\/{rel}","templated":true}]}}