{"id":749,"date":"2025-06-13T10:35:04","date_gmt":"2025-06-13T02:35:04","guid":{"rendered":"https:\/\/test.themepark.com.cn\/product\/esd-safe-spiral-pointed-foam-swab-fs52\/"},"modified":"2026-03-13T16:47:51","modified_gmt":"2026-03-13T08:47:51","slug":"esd-safe-spiral-pointed-foam-swab-fs52","status":"publish","type":"product","link":"https:\/\/www.meditech.cc\/es\/esd-safe-spiral-pointed-foam-swab-fs52","title":{"rendered":"ESD-Safe Spiral Pointed Foam Swab FS752"},"content":{"rendered":"<p>ESD-Safe Spiral Pointed Foam Swab FS752 is an excellent and popular cleaning foam swab for cleaning small slots, grooves, and right angle corners on the sliders and actuator arm of the magnetic head stack assembly in hard disk drive industry.<\/p>\n<p>Este tipo de bastoncillo de espuma de punta peque\u00f1a puede recoger de forma muy eficaz el polvo y otros contaminantes. Los bastoncillos de espuma antiest\u00e1ticos FS752 tambi\u00e9n son ideales para limpiar componentes o piezas sensibles a la electricidad est\u00e1tica.<\/p>\n<p>Los materiales disponibles para el mango antiest\u00e1tico son: Mango antiest\u00e1tico de polipropileno verde y mango antiest\u00e1tico de ABS.<\/p>\n<p>Su espuma de poliuretano de c\u00e9lula abierta de 100 ppi (Z) lavada en sala blanca de alta calidad combina una limpieza excepcional con capacidad para atrapar part\u00edculas y no contiene contaminantes org\u00e1nicos.<\/p>\n<p>Su dise\u00f1o de cabezal estriado mejora a\u00fan m\u00e1s la eficacia de la limpieza. El peque\u00f1o mango c\u00f3nico y la punta r\u00edgida proporcionan el m\u00e1ximo control.<\/p>\n<p>Los bastoncillos de espuma FS752 con mangos ESD eliminan los da\u00f1os causados por la electricidad est\u00e1tica y son eficaces en todo tipo de humedades.<\/p>\n<p>La uni\u00f3n t\u00e9rmica elimina el uso de adhesivos y revestimientos contaminantes y aerosoles.<\/p>\n<p>Todos los bastoncillos de espuma para salas blancas se envasan en bolsas sin silicona ni amida.<\/p>\n<h2><span style=\"font-size: 14pt;\"><strong>Aplicaciones e industrias<\/strong><\/span><\/h2>\n<ul>\n<li>Cleaning with compatible solutions and solvents such as IPA<\/li>\n<li>Effectively clean small hole, tight, hard to reach areas<\/li>\n<li>Remove flux residue and excess material<\/li>\n<li>Use in any static sensitive application<\/li>\n<li>Micro-mechanical Cleaning<\/li>\n<li>Used in the electronics, semiconductor, hard disk drive, Optics-electronic, LCD,PCB,SMT, IC, medical field and biotech industries.<\/li>\n<\/ul>\n<h2><span style=\"font-size: 14pt;\"><strong>Embalaje<\/strong><\/span><\/h2>\n<p>500 torundas\/bolsa<br \/>\n5 bolsas interiores de 100 bastoncillos<br \/>\n50 Bolsas\/Cart\u00f3n<\/p>","protected":false},"excerpt":{"rendered":"[tp_attributes num_attributes=\"105\"]","protected":false},"featured_media":750,"comment_status":"closed","ping_status":"closed","template":"","meta":{"themepark_post_bcolor":"#f5f5f5","themepark_post_width":"1022px","themepark_post_img":"","themepark_post_img_po":"left","themepark_post_img_re":false,"themepark_post_img_cover":false,"themepark_post_img_fixed":false,"themepark_post_hide_title":false,"themepark_post_main_b":"","themepark_post_main_p":100,"themepark_paddingblock":false},"product_brand":[],"product_cat":[26,33],"product_tag":[89,71,120,72,79,95],"class_list":{"0":"post-749","1":"product","2":"type-product","3":"status-publish","4":"has-post-thumbnail","6":"product_cat-cleanroom-swabs","7":"product_cat-foam-swabs","8":"product_tag-clean-swab","9":"product_tag-cleanroom-swab","10":"product_tag-esd-safe-swab","11":"product_tag-foam-swab","12":"product_tag-lint-free-swab","13":"product_tag-swab-sticks","15":"first","16":"instock","17":"product-type-simple"},"_links":{"self":[{"href":"https:\/\/www.meditech.cc\/es\/wp-json\/wp\/v2\/product\/749","targetHints":{"allow":["GET"]}}],"collection":[{"href":"https:\/\/www.meditech.cc\/es\/wp-json\/wp\/v2\/product"}],"about":[{"href":"https:\/\/www.meditech.cc\/es\/wp-json\/wp\/v2\/types\/product"}],"replies":[{"embeddable":true,"href":"https:\/\/www.meditech.cc\/es\/wp-json\/wp\/v2\/comments?post=749"}],"wp:featuredmedia":[{"embeddable":true,"href":"https:\/\/www.meditech.cc\/es\/wp-json\/wp\/v2\/media\/750"}],"wp:attachment":[{"href":"https:\/\/www.meditech.cc\/es\/wp-json\/wp\/v2\/media?parent=749"}],"wp:term":[{"taxonomy":"product_brand","embeddable":true,"href":"https:\/\/www.meditech.cc\/es\/wp-json\/wp\/v2\/product_brand?post=749"},{"taxonomy":"product_cat","embeddable":true,"href":"https:\/\/www.meditech.cc\/es\/wp-json\/wp\/v2\/product_cat?post=749"},{"taxonomy":"product_tag","embeddable":true,"href":"https:\/\/www.meditech.cc\/es\/wp-json\/wp\/v2\/product_tag?post=749"}],"curies":[{"name":"wp","href":"https:\/\/api.w.org\/{rel}","templated":true}]}}