{"id":752,"date":"2025-06-12T16:34:39","date_gmt":"2025-06-12T08:34:39","guid":{"rendered":"https:\/\/test.themepark.com.cn\/product\/popule-swab-4-5\/"},"modified":"2025-10-21T15:31:00","modified_gmt":"2025-10-21T07:31:00","slug":"popule-swab-4-5","status":"publish","type":"product","link":"https:\/\/www.meditech.cc\/es\/popule-swab-4-5","title":{"rendered":"Hisopo Popule - 4.5''"},"content":{"rendered":"<p><span style=\"font-size: 14px;\"><strong>Hisopo Popule - 4.5''<\/strong><br \/>\nEmbalaje : 25 bastoncillos por bolsa Zip-lock ; 50 bastoncillos\/caja<br \/>\nDimensi\u00f3n nominal : 4.5''<br \/>\nN\u00famero de pieza : IPASS-4.5<\/span><\/p>\n<p><strong>Caracter\u00edsticas y ventajas<\/strong><br \/>\n- 100 ppi , punta de espuma rectangular de poliuretano de c\u00e9lula abierta.<br \/>\n- No abrasivo.<br \/>\n- La espuma se sella directamente sobre el asa de pl\u00e1stico sin utilizar adhesivo para que sea m\u00e1s respetuosa con el medio ambiente.<br \/>\n- F\u00e1cil manejo<br \/>\n- Excelente para eliminar manchas de tinta, restos de adhesivo y suciedad en el cabezal de impresi\u00f3n.<\/p>\n<p><strong>Aplicaciones<\/strong><br \/>\n- Teclados de ordenador.<br \/>\n- Dispositivos de cabezal \u00f3ptico y magn\u00e9tico.<br \/>\n- Componentes electr\u00f3nicos.<br \/>\n- Impresoras t\u00e9rmicas (impresoras de tarjetas, impresoras de c\u00f3digos de barras, impresoras de etiquetas, impresoras de recibos)<br \/>\n- Impresoras de inyecci\u00f3n de tinta<\/p>\n<p><strong>Caracter\u00edsticas<\/strong><br \/>\nEl mango de pl\u00e1stico del bastoncillo est\u00e1 lleno de soluci\u00f3n IPA 99,9%.<br \/>\nBasta con apretar o encajar el mango de pl\u00e1stico para que el cabezal de espuma se sature con la cantidad justa de soluci\u00f3n limpiadora.<br \/>\nLimpie el cabezal de impresi\u00f3n t\u00e9rmica mediante un movimiento de vaiv\u00e9n para eliminar eficazmente la suciedad y los residuos acumulados en el cabezal de impresi\u00f3n, prolongando as\u00ed su vida \u00fatil y manteniendo una imagen legible.<\/p>","protected":false},"excerpt":{"rendered":"[tp_attributes num_attributes=\"105\"]","protected":false},"featured_media":2318,"comment_status":"closed","ping_status":"closed","template":"","meta":{"themepark_post_bcolor":"#f5f5f5","themepark_post_width":"1022px","themepark_post_img":"","themepark_post_img_po":"left","themepark_post_img_re":false,"themepark_post_img_cover":false,"themepark_post_img_fixed":false,"themepark_post_hide_title":false,"themepark_post_main_b":"","themepark_post_main_p":100,"themepark_paddingblock":false},"product_brand":[],"product_cat":[46,47],"product_tag":[136,91,156,157,158],"class_list":{"0":"post-752","1":"product","2":"type-product","3":"status-publish","4":"has-post-thumbnail","6":"product_cat-thermal-printer-cleaning-kit","7":"product_cat-thermal-printer-cleaning-swabs","8":"product_tag-ipa-clean-swab","9":"product_tag-ipa-snap-swab","10":"product_tag-printhead-cleaning-swab","11":"product_tag-thermal-printer-cleaning-supplies","12":"product_tag-thermal-printer-cleaning-swab","14":"first","15":"instock","16":"product-type-simple"},"_links":{"self":[{"href":"https:\/\/www.meditech.cc\/es\/wp-json\/wp\/v2\/product\/752","targetHints":{"allow":["GET"]}}],"collection":[{"href":"https:\/\/www.meditech.cc\/es\/wp-json\/wp\/v2\/product"}],"about":[{"href":"https:\/\/www.meditech.cc\/es\/wp-json\/wp\/v2\/types\/product"}],"replies":[{"embeddable":true,"href":"https:\/\/www.meditech.cc\/es\/wp-json\/wp\/v2\/comments?post=752"}],"wp:featuredmedia":[{"embeddable":true,"href":"https:\/\/www.meditech.cc\/es\/wp-json\/wp\/v2\/media\/2318"}],"wp:attachment":[{"href":"https:\/\/www.meditech.cc\/es\/wp-json\/wp\/v2\/media?parent=752"}],"wp:term":[{"taxonomy":"product_brand","embeddable":true,"href":"https:\/\/www.meditech.cc\/es\/wp-json\/wp\/v2\/product_brand?post=752"},{"taxonomy":"product_cat","embeddable":true,"href":"https:\/\/www.meditech.cc\/es\/wp-json\/wp\/v2\/product_cat?post=752"},{"taxonomy":"product_tag","embeddable":true,"href":"https:\/\/www.meditech.cc\/es\/wp-json\/wp\/v2\/product_tag?post=752"}],"curies":[{"name":"wp","href":"https:\/\/api.w.org\/{rel}","templated":true}]}}