{"id":768,"date":"2025-06-12T16:35:22","date_gmt":"2025-06-12T08:35:22","guid":{"rendered":"https:\/\/test.themepark.com.cn\/product\/check-scanner-snap-swab-4-5\/"},"modified":"2025-11-04T09:56:41","modified_gmt":"2025-11-04T01:56:41","slug":"check-scanner-snap-swab-4-5","status":"publish","type":"product","link":"https:\/\/www.meditech.cc\/es\/check-scanner-snap-swab-4-5","title":{"rendered":"Check Scanner Snap Swab 4.5\u2019\u2019"},"content":{"rendered":"<p><span style=\"font-size: 14px;\">The MediTech Check Scanner Snap Swab 4.5\u2019\u2019 is a specialized cleaning tool designed for precise and efficient maintenance of sensitive electronic components and printing devices. Each swab features a 100 ppi open-cell polyurethane foam tip that ensures thorough yet gentle cleaning without scratching or leaving lint behind. The innovative snap-handle design is filled with 99.9% Isopropyl Alcohol (IPA) solution\u2014simply snap the handle to release the cleaning liquid into the foam tip for instant use. Perfect for maintaining device performance and extending the lifespan of printheads, scanners, and other precision instruments.<\/span><\/p>\n<p><strong>Caracter\u00edsticas y ventajas<\/strong><br \/>\n- 100 ppi , punta de espuma rectangular de poliuretano de c\u00e9lula abierta.<br \/>\n- No abrasivo.<br \/>\n- La espuma se sella directamente sobre el asa de pl\u00e1stico sin utilizar adhesivo para que sea m\u00e1s respetuosa con el medio ambiente.<br \/>\n- F\u00e1cil manejo<br \/>\n- Excelente para eliminar manchas de tinta, restos de adhesivo y suciedad en el cabezal de impresi\u00f3n.<\/p>\n<p><strong>Aplicaciones<\/strong><br \/>\n- Teclados de ordenador.<br \/>\n- Dispositivos de cabezal \u00f3ptico y magn\u00e9tico.<br \/>\n- Componentes electr\u00f3nicos.<br \/>\n- Impresoras t\u00e9rmicas (impresoras de tarjetas, impresoras de c\u00f3digos de barras, impresoras de etiquetas, impresoras de recibos)<br \/>\n- Impresoras de inyecci\u00f3n de tinta<\/p>\n<p><strong>Caracter\u00edsticas<\/strong><br \/>\nEl mango de pl\u00e1stico del bastoncillo est\u00e1 lleno de soluci\u00f3n IPA 99,9%.<br \/>\nBasta con apretar o encajar el mango de pl\u00e1stico para que el cabezal de espuma se sature con la cantidad justa de soluci\u00f3n limpiadora.<br \/>\nLimpie el cabezal de impresi\u00f3n t\u00e9rmica mediante un movimiento de vaiv\u00e9n para eliminar eficazmente la suciedad y los residuos acumulados en el cabezal de impresi\u00f3n, prolongando as\u00ed su vida \u00fatil y manteniendo una imagen legible.<\/p>","protected":false},"excerpt":{"rendered":"[tp_attributes num_attributes=\"105\"]","protected":false},"featured_media":2424,"comment_status":"closed","ping_status":"closed","template":"","meta":{"themepark_post_bcolor":"#f5f5f5","themepark_post_width":"1022px","themepark_post_img":"","themepark_post_img_po":"left","themepark_post_img_re":false,"themepark_post_img_cover":false,"themepark_post_img_fixed":false,"themepark_post_hide_title":false,"themepark_post_main_b":"","themepark_post_main_p":100,"themepark_paddingblock":false},"product_brand":[],"product_cat":[56,40],"product_tag":[174,173,176,177,91,175,178,157],"class_list":{"0":"post-768","1":"product","2":"type-product","3":"status-publish","4":"has-post-thumbnail","6":"product_cat-check-scanner-cleaning-kit","7":"product_cat-other-cleaning-kits","8":"product_tag-check-scanner-cleaning-swab","9":"product_tag-check-scanner-maintenance-kit","10":"product_tag-electronic-cleaning-tool","11":"product_tag-foam-tip-swab","12":"product_tag-ipa-snap-swab","13":"product_tag-isopropyl-alcohol-swab","14":"product_tag-professional-cleaning-supplies","15":"product_tag-thermal-printer-cleaning-supplies","17":"first","18":"instock","19":"product-type-simple"},"_links":{"self":[{"href":"https:\/\/www.meditech.cc\/es\/wp-json\/wp\/v2\/product\/768","targetHints":{"allow":["GET"]}}],"collection":[{"href":"https:\/\/www.meditech.cc\/es\/wp-json\/wp\/v2\/product"}],"about":[{"href":"https:\/\/www.meditech.cc\/es\/wp-json\/wp\/v2\/types\/product"}],"replies":[{"embeddable":true,"href":"https:\/\/www.meditech.cc\/es\/wp-json\/wp\/v2\/comments?post=768"}],"wp:featuredmedia":[{"embeddable":true,"href":"https:\/\/www.meditech.cc\/es\/wp-json\/wp\/v2\/media\/2424"}],"wp:attachment":[{"href":"https:\/\/www.meditech.cc\/es\/wp-json\/wp\/v2\/media?parent=768"}],"wp:term":[{"taxonomy":"product_brand","embeddable":true,"href":"https:\/\/www.meditech.cc\/es\/wp-json\/wp\/v2\/product_brand?post=768"},{"taxonomy":"product_cat","embeddable":true,"href":"https:\/\/www.meditech.cc\/es\/wp-json\/wp\/v2\/product_cat?post=768"},{"taxonomy":"product_tag","embeddable":true,"href":"https:\/\/www.meditech.cc\/es\/wp-json\/wp\/v2\/product_tag?post=768"}],"curies":[{"name":"wp","href":"https:\/\/api.w.org\/{rel}","templated":true}]}}