{"id":782,"date":"2025-06-13T10:35:38","date_gmt":"2025-06-13T02:35:38","guid":{"rendered":"https:\/\/test.themepark.com.cn\/product\/bill-validator-diamond-flocked-cleaning-card-73x185\/"},"modified":"2025-07-18T17:45:29","modified_gmt":"2025-07-18T09:45:29","slug":"bill-validator-diamond-flocked-cleaning-card-73x185","status":"publish","type":"product","link":"https:\/\/www.meditech.cc\/es\/bill-validator-diamond-flocked-cleaning-card-73x185","title":{"rendered":"Validador de billetes Diamond Flocked Tarjeta de limpieza - 73x185MM"},"content":{"rendered":"<p><span style=\"font-size: 14px;\"><strong>Validador de billetes Diamond Flocked Tarjeta de limpieza<\/strong><br \/>\n<strong>- Pre-saturado con limpiador sin alcohol<\/strong><br \/>\nEmbalaje : 25 tarjetas de limpieza por caja<br \/>\nDimensi\u00f3n nominal : 73 X 185 X 0,60 mm<br \/>\nN\u00famero de pieza : BVCC-73185FD<\/span><\/p>\n<p><strong>Caracter\u00edsticas y ventajas<\/strong><br \/>\n- Limpieza eficaz gracias al efecto de limpieza del cepillo.<br \/>\n- Menos aver\u00edas de la m\u00e1quina gracias a la eliminaci\u00f3n eficaz de la suciedad.<br \/>\n- Manejo sencillo y f\u00e1cil<\/p>\n<p><strong>Aplicaciones<\/strong><br \/>\nPara todos los sistemas de m\u00e1quinas con aceptadores o validadores de billetes, limpia simult\u00e1neamente los rodillos de accionamiento, las correas y las superficies de referencia.<br \/>\nLas tarjetas de limpieza Diamond Flocked est\u00e1n disponibles en varios anchos en funci\u00f3n del tipo de moneda.<\/p>\n<p><strong>Caracter\u00edsticas<\/strong><br \/>\nLa Tarjeta de Limpieza Diamond Flocked del Validador de Billetes es la m\u00e1s recomendada para el Mantenimiento Preventivo de los Aceptadores de Billetes o Validadores. Es extremadamente eficaz en la recogida de suciedad de alto nivel.<br \/>\nSe puede humedecer previamente con limpiador sin alcohol para conseguir un alto grado de limpieza.<br \/>\nNuestra soluci\u00f3n limpiadora sin alcohol de f\u00f3rmula patentada es antimicrobiana, 100% no t\u00f3xica, no inflamable, respetuosa con el medio ambiente y conforme a RoHS. Consulte MSDS_BVCC-73185-FD<br \/>\nEl limpiador sin alcohol no contiene alcohol isoprop\u00edlico, amon\u00edaco ni lauril sulfato s\u00f3dico y limpia de forma segura, elimina el polvo, las manchas de suciedad y no deja residuos en la superficie.<\/p>","protected":false},"excerpt":{"rendered":"[tp_attributes num_attributes=\"105\"]","protected":false},"featured_media":2326,"comment_status":"closed","ping_status":"closed","template":"","meta":{"themepark_post_bcolor":"#f5f5f5","themepark_post_width":"1022px","themepark_post_img":"","themepark_post_img_po":"left","themepark_post_img_re":false,"themepark_post_img_cover":false,"themepark_post_img_fixed":false,"themepark_post_hide_title":false,"themepark_post_main_b":"","themepark_post_main_p":100,"themepark_paddingblock":false},"product_brand":[],"product_cat":[54,40],"product_tag":[93,92,94],"class_list":{"0":"post-782","1":"product","2":"type-product","3":"status-publish","4":"has-post-thumbnail","6":"product_cat-bill-validator-cleaning-kit","7":"product_cat-other-cleaning-kits","8":"product_tag-bill-acceptor-cleaning-card","9":"product_tag-bill-validator-cleaning-card","10":"product_tag-cleaning-card","12":"first","13":"instock","14":"product-type-simple"},"_links":{"self":[{"href":"https:\/\/www.meditech.cc\/es\/wp-json\/wp\/v2\/product\/782","targetHints":{"allow":["GET"]}}],"collection":[{"href":"https:\/\/www.meditech.cc\/es\/wp-json\/wp\/v2\/product"}],"about":[{"href":"https:\/\/www.meditech.cc\/es\/wp-json\/wp\/v2\/types\/product"}],"replies":[{"embeddable":true,"href":"https:\/\/www.meditech.cc\/es\/wp-json\/wp\/v2\/comments?post=782"}],"wp:featuredmedia":[{"embeddable":true,"href":"https:\/\/www.meditech.cc\/es\/wp-json\/wp\/v2\/media\/2326"}],"wp:attachment":[{"href":"https:\/\/www.meditech.cc\/es\/wp-json\/wp\/v2\/media?parent=782"}],"wp:term":[{"taxonomy":"product_brand","embeddable":true,"href":"https:\/\/www.meditech.cc\/es\/wp-json\/wp\/v2\/product_brand?post=782"},{"taxonomy":"product_cat","embeddable":true,"href":"https:\/\/www.meditech.cc\/es\/wp-json\/wp\/v2\/product_cat?post=782"},{"taxonomy":"product_tag","embeddable":true,"href":"https:\/\/www.meditech.cc\/es\/wp-json\/wp\/v2\/product_tag?post=782"}],"curies":[{"name":"wp","href":"https:\/\/api.w.org\/{rel}","templated":true}]}}