{"id":788,"date":"2025-06-13T10:35:38","date_gmt":"2025-06-13T02:35:38","guid":{"rendered":"https:\/\/test.themepark.com.cn\/product\/thermal-printer-cleaning-wipe\/"},"modified":"2025-06-13T10:35:38","modified_gmt":"2025-06-13T02:35:38","slug":"thermal-printer-cleaning-wipe","status":"publish","type":"product","link":"https:\/\/www.meditech.cc\/es\/thermal-printer-cleaning-wipe","title":{"rendered":"Toallitas de limpieza para impresoras t\u00e9rmicas"},"content":{"rendered":"<p><span style=\"font-size: 14px;\"><strong>Toallitas de limpieza t\u00e9cnica<\/strong><br \/>\n<strong>- Pre-saturado con IPA<\/strong><br \/>\nEmbalaje : 40 toallitas \/ caja<br \/>\nTama\u00f1o de apertura (mm) : 127 x 152<br \/>\nTama\u00f1o plegado (mm) : 42x 38<br \/>\nN\u00famero de pieza : IPA-M3<\/span><\/p>\n<p><strong>Caracter\u00edsticas<\/strong><br \/>\nLas toallitas Spunlace est\u00e1n presaturadas con soluci\u00f3n IPA de grado electr\u00f3nico 99,9% utilizada en el mantenimiento preventivo de impresoras de tarjetas y dispositivos de transacci\u00f3n para limpiar los cabezales de impresi\u00f3n t\u00e9rmica, los rodillos de la platina y los componentes interiores del dispositivo.<br \/>\nSe recomienda ampliamente para la limpieza de pantallas LCD de ordenador, terminales de punto de venta, terminales de cajeros autom\u00e1ticos, teclados, impresoras de etiquetas y otros equipos en los que las manchas de tinta y los residuos adhesivos son dif\u00edciles de eliminar.<br \/>\nPuede matar la mayor\u00eda de las bacterias.<\/p>\n<p><strong>Aplicaciones<\/strong><br \/>\n- Todos los lectores de tarjetas.<br \/>\n- Terminales ATM\/POS.<br \/>\n- Impresoras de tarjetas de identificaci\u00f3n.<br \/>\n- Impresoras de etiquetas y c\u00f3digos de barras.<br \/>\n- Impresoras de inyecci\u00f3n de tinta.<br \/>\n- Pantalla de ordenador LCD.<br \/>\n- Esc\u00e1neres de cheques o lectores de cheques.<\/p>","protected":false},"excerpt":{"rendered":"[tp_attributes num_attributes=\"105\"]","protected":false},"featured_media":1893,"comment_status":"closed","ping_status":"closed","template":"","meta":{"themepark_post_bcolor":"#f5f5f5","themepark_post_width":"1022px","themepark_post_img":"","themepark_post_img_po":"left","themepark_post_img_re":false,"themepark_post_img_cover":false,"themepark_post_img_fixed":false,"themepark_post_hide_title":false,"themepark_post_main_b":"","themepark_post_main_p":100,"themepark_paddingblock":false},"product_brand":[],"product_cat":[46,48],"product_tag":[23,24,25,27,35,37,45,50],"class_list":{"0":"post-788","1":"product","2":"type-product","3":"status-publish","4":"has-post-thumbnail","6":"product_cat-thermal-printer-cleaning-kit","7":"product_cat-thermal-printer-cleaning-wipes","8":"product_tag-cleaning-cloth","9":"product_tag-cleaning-wipe","10":"product_tag-cleaning-wipe-for-electronics","11":"product_tag-cleanroom-wiper","12":"product_tag-industrial-wipe","13":"product_tag-ipa-cleaning-wipe","14":"product_tag-technical-cleaning-wipes","15":"product_tag-wipe-cloth","17":"first","18":"instock","19":"product-type-simple"},"_links":{"self":[{"href":"https:\/\/www.meditech.cc\/es\/wp-json\/wp\/v2\/product\/788","targetHints":{"allow":["GET"]}}],"collection":[{"href":"https:\/\/www.meditech.cc\/es\/wp-json\/wp\/v2\/product"}],"about":[{"href":"https:\/\/www.meditech.cc\/es\/wp-json\/wp\/v2\/types\/product"}],"replies":[{"embeddable":true,"href":"https:\/\/www.meditech.cc\/es\/wp-json\/wp\/v2\/comments?post=788"}],"wp:featuredmedia":[{"embeddable":true,"href":"https:\/\/www.meditech.cc\/es\/wp-json\/wp\/v2\/media\/1893"}],"wp:attachment":[{"href":"https:\/\/www.meditech.cc\/es\/wp-json\/wp\/v2\/media?parent=788"}],"wp:term":[{"taxonomy":"product_brand","embeddable":true,"href":"https:\/\/www.meditech.cc\/es\/wp-json\/wp\/v2\/product_brand?post=788"},{"taxonomy":"product_cat","embeddable":true,"href":"https:\/\/www.meditech.cc\/es\/wp-json\/wp\/v2\/product_cat?post=788"},{"taxonomy":"product_tag","embeddable":true,"href":"https:\/\/www.meditech.cc\/es\/wp-json\/wp\/v2\/product_tag?post=788"}],"curies":[{"name":"wp","href":"https:\/\/api.w.org\/{rel}","templated":true}]}}