{"id":907,"date":"2025-06-13T10:37:04","date_gmt":"2025-06-13T02:37:04","guid":{"rendered":"https:\/\/test.themepark.com.cn\/product\/edi-secure-xid-idx-series-re-transfer-printer-large-adhesive-cleaning-kit\/"},"modified":"2026-04-24T16:28:41","modified_gmt":"2026-04-24T08:28:41","slug":"edi-secure-xid-idx-series-re-transfer-printer-large-adhesive-cleaning-kit","status":"publish","type":"product","link":"https:\/\/www.meditech.cc\/es\/edi-secure-xid-idx-series-re-transfer-printer-large-adhesive-cleaning-kit","title":{"rendered":"EDI Secure XID &#038; IDX Series Re-transfer Printer Large Adhesive Cleaning Card Kit"},"content":{"rendered":"<p><strong>EDI Secure XID &amp; IDX Series Re-transfer Printer Large Adhesive Cleaning Card Kit<\/strong><\/p>\n<p><strong>Compatible Printers:<\/strong><\/p>\n<p><span style=\"font-size: 10pt;\">Serie EDI Secure XID &amp; IDX<\/span><br \/>\n<span style=\"font-size: 10pt;\">IDX3xx, DIS XID 430\/440\/450, XID 560\/570\/580\/590ie,<\/span><br \/>\n<span style=\"font-size: 10pt;\">XID 8300, XID 9300\/9330<\/span><\/p>\n<p>EDI Secure XID &amp; IDX Series Re-transfer Printer Cleaning Kit includes: 10 large adhesive cleaning cards, 85 x 150 mm.<\/p>\n<p>Mantener limpia la impresora garantizar\u00e1 su funcionamiento y prolongar\u00e1 su vida \u00fatil.<\/p>","protected":false},"excerpt":{"rendered":"[tp_attributes num_attributes=\"105\"]","protected":false},"featured_media":2510,"comment_status":"closed","ping_status":"closed","template":"","meta":{"themepark_post_bcolor":"#f5f5f5","themepark_post_width":"1022px","themepark_post_img":"","themepark_post_img_po":"left","themepark_post_img_re":false,"themepark_post_img_cover":false,"themepark_post_img_fixed":false,"themepark_post_hide_title":false,"themepark_post_main_b":"","themepark_post_main_p":100,"themepark_paddingblock":false},"product_brand":[],"product_cat":[22,44],"product_tag":[222,221,126,215,183,182,67,208],"class_list":{"0":"post-907","1":"product","2":"type-product","3":"status-publish","4":"has-post-thumbnail","6":"product_cat-card-printers-cleaning-kits","7":"product_cat-re-transfer-printers-cleaning-kit","8":"product_tag-edi-secure-idx-cleaning-kit","9":"product_tag-edi-secure-xid-cleaning-kit","10":"product_tag-printer-cleaning-card","11":"product_tag-printer-cleaning-kit","12":"product_tag-printer-cleaning-products","13":"product_tag-printer-cleaning-supplies","14":"product_tag-printer-maintenance-kit","15":"product_tag-re-transfer-printer-cleaning-kit","17":"first","18":"instock","19":"product-type-simple"},"_links":{"self":[{"href":"https:\/\/www.meditech.cc\/es\/wp-json\/wp\/v2\/product\/907","targetHints":{"allow":["GET"]}}],"collection":[{"href":"https:\/\/www.meditech.cc\/es\/wp-json\/wp\/v2\/product"}],"about":[{"href":"https:\/\/www.meditech.cc\/es\/wp-json\/wp\/v2\/types\/product"}],"replies":[{"embeddable":true,"href":"https:\/\/www.meditech.cc\/es\/wp-json\/wp\/v2\/comments?post=907"}],"wp:featuredmedia":[{"embeddable":true,"href":"https:\/\/www.meditech.cc\/es\/wp-json\/wp\/v2\/media\/2510"}],"wp:attachment":[{"href":"https:\/\/www.meditech.cc\/es\/wp-json\/wp\/v2\/media?parent=907"}],"wp:term":[{"taxonomy":"product_brand","embeddable":true,"href":"https:\/\/www.meditech.cc\/es\/wp-json\/wp\/v2\/product_brand?post=907"},{"taxonomy":"product_cat","embeddable":true,"href":"https:\/\/www.meditech.cc\/es\/wp-json\/wp\/v2\/product_cat?post=907"},{"taxonomy":"product_tag","embeddable":true,"href":"https:\/\/www.meditech.cc\/es\/wp-json\/wp\/v2\/product_tag?post=907"}],"curies":[{"name":"wp","href":"https:\/\/api.w.org\/{rel}","templated":true}]}}