{"id":977,"date":"2025-06-13T10:37:55","date_gmt":"2025-06-13T02:37:55","guid":{"rendered":"https:\/\/test.themepark.com.cn\/product\/cleanroom-microfiber-swab-ms761\/"},"modified":"2025-08-21T13:56:32","modified_gmt":"2025-08-21T05:56:32","slug":"cleanroom-microfiber-swab-ms761","status":"publish","type":"product","link":"https:\/\/www.meditech.cc\/es\/cleanroom-microfiber-swab-ms761","title":{"rendered":"Bayeta de microfibra para sala limpia MS761"},"content":{"rendered":"<div style=\"margin-left: 40px;\"><span style=\"font-size: 14px;\"><span style=\"font-size: 14px;\"><span style=\"font-family: arial;\"><strong>Bayeta de microfibra para sala limpia MS761<\/strong><br \/>\nMedio <span style=\"color: #000080;\">Hisopo de microfibra<\/span> con cabeza de paleta interna flexible mango largo<\/span><\/span><\/span><\/div>\n<div><\/div>\n<div style=\"margin-left: 40px;\"><strong>Descripci\u00f3n:<\/strong><br \/>\nLa torunda de microfibra mediana MS761 de Meditech presenta un cabezal de pala interna flexible con un mango largo que proporciona un buen soporte y amortiguaci\u00f3n.<br \/>\nSu cabezal de microfibra de poli\u00e9ster tricotada de doble capa posee un alto nivel de limpieza y una excelente resistencia a los disolventes, por lo que es el bastoncillo ideal para eliminar eficazmente la contaminaci\u00f3n en superficies y zonas de dif\u00edcil acceso.<br \/>\nLa torunda de microfibra mediana MS761 no contiene contaminantes org\u00e1nicos como silicona, amida y \u00e9steres de ftalato.<br \/>\nSe caracteriza por un residuo no vol\u00e1til (RNV), un contenido de iones y una generaci\u00f3n de part\u00edculas muy bajos.<br \/>\nSe recomienda para el muestreo de superficies y la validaci\u00f3n de la limpieza.<br \/>\nSus niveles de limpieza proporcionan un fondo neutro para la muestra obtenida. Este hisopo es una opci\u00f3n ideal para la limpieza controlada y la toma de muestras de grandes \u00e1reas.<br \/>\nEste bastoncillo puede sustituir a los t\u00edpicos bastoncillos de algod\u00f3n de mango largo en aplicaciones que requieran una limpieza superior.<\/div>\n<div><\/div>\n<div style=\"margin-left: 40px;\"><strong>Caracter\u00edsticas:<\/strong><br \/>\n- Sin silicona, amida ni DOP.<br \/>\n- Bajo contenido en part\u00edculas, iones y residuos no vol\u00e1tiles.<br \/>\n- Asa de seguridad ESD ( Opcional )<br \/>\n- Cabezal de microfibra de poli\u00e9ster termosellada.<br \/>\n- Punta suave y no abrasiva.<br \/>\n- Compatible con los disolventes m\u00e1s comunes.<br \/>\n- Dise\u00f1o: Pala de cabeza flexible con mango largo<br \/>\n- Disponible con mango de 3,4\" para ahorrar costes.<\/div>\n<div><\/div>\n<div style=\"margin-left: 40px;\"><strong>Aplicaciones:<\/strong><br \/>\n- Para limpiar superficies delicadas y sensibles y recoger m\u00e1s part\u00edculas submicr\u00f3nicas que los bastoncillos de poli\u00e9ster normales.<br \/>\n- Limpieza con disolventes como IPA.<br \/>\n- Limpieza de superficies y zonas de dif\u00edcil acceso.<br \/>\n- Aplicar lubricantes u otros l\u00edquidos<br \/>\n- Elimine los restos de fundente y los materiales sobrantes.<br \/>\n- Para limpieza general.<\/div>\n<div><\/div>\n<div style=\"margin-left: 40px;\"><strong>Embalaje:<\/strong><\/div>\n<div style=\"margin-left: 40px;\">500 bastoncillos\/bolsa;<br \/>\n5 bolsas interiores de 100 bastoncillos;<br \/>\n30 bolsas\/caja&nbsp;<\/p>\n<\/div>","protected":false},"excerpt":{"rendered":"[tp_attributes num_attributes=\"105\"]","protected":false},"featured_media":978,"comment_status":"closed","ping_status":"closed","template":"","meta":{"themepark_post_bcolor":"#f5f5f5","themepark_post_width":"1022px","themepark_post_img":"","themepark_post_img_po":"left","themepark_post_img_re":false,"themepark_post_img_cover":false,"themepark_post_img_fixed":false,"themepark_post_hide_title":false,"themepark_post_main_b":"","themepark_post_main_p":100,"themepark_paddingblock":false},"product_brand":[],"product_cat":[26,39],"product_tag":[74,71,121,79,81,110],"class_list":{"0":"post-977","1":"product","2":"type-product","3":"status-publish","4":"has-post-thumbnail","6":"product_cat-cleanroom-swabs","7":"product_cat-microfiber-swabs","8":"product_tag-cleaning-swab","9":"product_tag-cleanroom-swab","10":"product_tag-cotton-swabs","11":"product_tag-lint-free-swab","12":"product_tag-microfiber-swab","13":"product_tag-purification-swab","15":"first","16":"instock","17":"product-type-simple"},"_links":{"self":[{"href":"https:\/\/www.meditech.cc\/es\/wp-json\/wp\/v2\/product\/977","targetHints":{"allow":["GET"]}}],"collection":[{"href":"https:\/\/www.meditech.cc\/es\/wp-json\/wp\/v2\/product"}],"about":[{"href":"https:\/\/www.meditech.cc\/es\/wp-json\/wp\/v2\/types\/product"}],"replies":[{"embeddable":true,"href":"https:\/\/www.meditech.cc\/es\/wp-json\/wp\/v2\/comments?post=977"}],"wp:featuredmedia":[{"embeddable":true,"href":"https:\/\/www.meditech.cc\/es\/wp-json\/wp\/v2\/media\/978"}],"wp:attachment":[{"href":"https:\/\/www.meditech.cc\/es\/wp-json\/wp\/v2\/media?parent=977"}],"wp:term":[{"taxonomy":"product_brand","embeddable":true,"href":"https:\/\/www.meditech.cc\/es\/wp-json\/wp\/v2\/product_brand?post=977"},{"taxonomy":"product_cat","embeddable":true,"href":"https:\/\/www.meditech.cc\/es\/wp-json\/wp\/v2\/product_cat?post=977"},{"taxonomy":"product_tag","embeddable":true,"href":"https:\/\/www.meditech.cc\/es\/wp-json\/wp\/v2\/product_tag?post=977"}],"curies":[{"name":"wp","href":"https:\/\/api.w.org\/{rel}","templated":true}]}}