{"id":979,"date":"2025-06-13T10:37:55","date_gmt":"2025-06-13T02:37:55","guid":{"rendered":"https:\/\/test.themepark.com.cn\/product\/cleanroom-microfiber-swab-ms759\/"},"modified":"2025-08-14T11:02:56","modified_gmt":"2025-08-14T03:02:56","slug":"cleanroom-microfiber-swab-ms759","status":"publish","type":"product","link":"https:\/\/www.meditech.cc\/es\/cleanroom-microfiber-swab-ms759","title":{"rendered":"Bayeta de microfibra para sala limpia MS759"},"content":{"rendered":"<div style=\"margin-left: 40px;\"><span style=\"font-size: 14px;\"><span style=\"font-size: 14px;\"><span style=\"font-family: arial;\"><strong>Bayeta de microfibra para sala limpia MS759<\/strong><br \/>\nHisopo de microfibra con pala de cabeza flexible y mango compacto<\/span><\/span><\/span><\/div>\n<div><\/div>\n<div style=\"margin-left: 40px;\"><strong>Descripci\u00f3n:<\/strong><br \/>\n<a href=\"https:\/\/www.meditech.cc\/es\/cleanroom-swabs\/microfiber-swabs\/\"><span style=\"color: #000080;\">Hisopo de microfibra de Meditech<\/span><\/a> El MS759 es un hisopo excelente para la limpieza de piezas y ensamblajes en espacios reducidos de ranuras finas donde la altura de espesor es una preocupaci\u00f3n importante.<br \/>\nSu cabezal de microfibra de poli\u00e9ster tricotada de una sola capa posee un alto nivel de limpieza y una excelente resistencia a los disolventes, y es el bastoncillo ideal para utilizar de forma eficaz en la eliminaci\u00f3n de la contaminaci\u00f3n en superficies y en la limpieza de peque\u00f1as zonas ranuradas y acanaladas.<br \/>\nEl hisopo de microfibra MS759 no contiene contaminantes org\u00e1nicos como silicona, amida o \u00e9steres de ftalato. Presentan muy bajo contenido de residuos no vol\u00e1tiles (NVR), iones y generaci\u00f3n de part\u00edculas. <span style=\"font-size: 14px;\"><span style=\"font-family: arial;\">Hisopo de microfibra MS759<\/span><\/span> es aplicable para la limpieza de uso general.<\/div>\n<div><\/div>\n<div style=\"margin-left: 40px;\"><strong>Caracter\u00edsticas:<\/strong><br \/>\n- Sin silicona, amida ni DOP.<br \/>\n- Bajo contenido en part\u00edculas, iones y residuos no vol\u00e1tiles.<br \/>\n- Asa de seguridad ESD ( Opcional )<br \/>\n- Cabezal de microfibra de poli\u00e9ster termosellada.<br \/>\n- Pala de cabeza flexible.<br \/>\n- Alta capacidad disolvente, suave y no abrasiva.<br \/>\n- Compatible con los disolventes m\u00e1s comunes.<br \/>\n- Sin revestimientos contaminantes.<br \/>\n- Dise\u00f1o: Pala de cabeza flexible con mango compacto.<\/div>\n<div><\/div>\n<div style=\"margin-left: 40px;\"><strong>Aplicaciones:<\/strong><br \/>\n- Para limpiar superficies delicadas y sensibles y recoger m\u00e1s part\u00edculas submicr\u00f3nicas que los bastoncillos de poli\u00e9ster normales.<br \/>\n- Limpieza con disolventes como IPA.<br \/>\n- Limpieza de \u00e1reas peque\u00f1as y confinadas.<br \/>\n- Aplicar lubricantes u otros l\u00edquidos.<br \/>\n- Elimine los restos de fundente y los materiales sobrantes.<br \/>\n- Para limpieza general.<\/div>\n<div><\/div>\n<div style=\"margin-left: 40px;\"><strong>Embalaje:<\/strong><br \/>\n500 bastoncillos\/bolsa;<br \/>\nBolsa interior de 5 de 100 bastoncillos;<br \/>\n100 bolsas\/caja<\/div>","protected":false},"excerpt":{"rendered":"[tp_attributes num_attributes=\"105\"]","protected":false},"featured_media":980,"comment_status":"closed","ping_status":"closed","template":"","meta":{"themepark_post_bcolor":"#f5f5f5","themepark_post_width":"1022px","themepark_post_img":"","themepark_post_img_po":"left","themepark_post_img_re":false,"themepark_post_img_cover":false,"themepark_post_img_fixed":false,"themepark_post_hide_title":false,"themepark_post_main_b":"","themepark_post_main_p":100,"themepark_paddingblock":false},"product_brand":[],"product_cat":[26,39],"product_tag":[74,71,79,95],"class_list":{"0":"post-979","1":"product","2":"type-product","3":"status-publish","4":"has-post-thumbnail","6":"product_cat-cleanroom-swabs","7":"product_cat-microfiber-swabs","8":"product_tag-cleaning-swab","9":"product_tag-cleanroom-swab","10":"product_tag-lint-free-swab","11":"product_tag-swab-sticks","13":"first","14":"instock","15":"product-type-simple"},"_links":{"self":[{"href":"https:\/\/www.meditech.cc\/es\/wp-json\/wp\/v2\/product\/979","targetHints":{"allow":["GET"]}}],"collection":[{"href":"https:\/\/www.meditech.cc\/es\/wp-json\/wp\/v2\/product"}],"about":[{"href":"https:\/\/www.meditech.cc\/es\/wp-json\/wp\/v2\/types\/product"}],"replies":[{"embeddable":true,"href":"https:\/\/www.meditech.cc\/es\/wp-json\/wp\/v2\/comments?post=979"}],"wp:featuredmedia":[{"embeddable":true,"href":"https:\/\/www.meditech.cc\/es\/wp-json\/wp\/v2\/media\/980"}],"wp:attachment":[{"href":"https:\/\/www.meditech.cc\/es\/wp-json\/wp\/v2\/media?parent=979"}],"wp:term":[{"taxonomy":"product_brand","embeddable":true,"href":"https:\/\/www.meditech.cc\/es\/wp-json\/wp\/v2\/product_brand?post=979"},{"taxonomy":"product_cat","embeddable":true,"href":"https:\/\/www.meditech.cc\/es\/wp-json\/wp\/v2\/product_cat?post=979"},{"taxonomy":"product_tag","embeddable":true,"href":"https:\/\/www.meditech.cc\/es\/wp-json\/wp\/v2\/product_tag?post=979"}],"curies":[{"name":"wp","href":"https:\/\/api.w.org\/{rel}","templated":true}]}}