{"id":985,"date":"2025-06-13T10:37:55","date_gmt":"2025-06-13T02:37:55","guid":{"rendered":"https:\/\/test.themepark.com.cn\/product\/cleanroom-microfiber-swab-ms713\/"},"modified":"2025-08-07T17:41:04","modified_gmt":"2025-08-07T09:41:04","slug":"cleanroom-microfiber-swab-ms713","status":"publish","type":"product","link":"https:\/\/www.meditech.cc\/es\/cleanroom-microfiber-swab-ms713","title":{"rendered":"Bayeta de microfibra para sala limpia MS713"},"content":{"rendered":"<div style=\"margin-left: 40px;\"><span style=\"font-size: 14px;\"><span style=\"font-family: arial;\"><strong>Sala blanca <span style=\"font-size: 14px;\"><span style=\"font-family: arial;\">Microfibra<\/span><\/span> Hisopo MS713<\/strong><br \/>\nCabezal rectangular grande sellado r\u00edgidamente al mango interno largo de la pala<\/p>\n<p>Meditech <a href=\"http:\/\/www.meditech.cc\/es\/products\/cleanroom-swabs\/microfiber-swabs\/c-35\/\"><span style=\"color: #000080;\">Sala blanca <span style=\"font-size: 14px;\"><span style=\"font-family: arial;\">Microfibra<\/span><\/span> Hisopo<\/span><\/a> MS713 cuenta con un cabezal rectangular grande dise\u00f1ado para limpiar superficies amplias y \u00e1reas planas. El mango interno de polipropileno, largo, r\u00edgido y de gran tama\u00f1o, proporciona un buen control y facilidad de uso.<br \/>\nSu cabezal de poli\u00e9ster tricotado de doble capa posee un alto nivel de limpieza y una excelente resistencia a los disolventes...<br \/>\nSe recomienda para el muestreo de superficies y la validaci\u00f3n de la limpieza.<br \/>\nSus niveles de limpieza proporcionan un fondo neutro para la muestra obtenida. Este hisopo es una opci\u00f3n ideal para la limpieza controlada y la toma de muestras de grandes \u00e1reas.<\/p>\n<p><strong>Caracter\u00edsticas:<\/strong><br \/>\n- Libre de contaminaci\u00f3n org\u00e1nica como silicona, amida y DOP.<br \/>\n- Bajo residuo no vol\u00e1til, NVR<br \/>\n- Bajo contenido tanto en part\u00edculas como en iones.<br \/>\n- Asa de seguridad ESD ( Opcional )<br \/>\n- Mango largo de polipropileno verde claro<br \/>\n- Cabezal de microfibra de poli\u00e9ster termosellada.<br \/>\n- Punta suave y no abrasiva.<br \/>\n- Compatible con los disolventes m\u00e1s comunes.<br \/>\n- Dise\u00f1o : Cabezal rectangular grande con mango de pala interno largo<\/p>\n<p><strong>Aplicaciones:<\/strong><br \/>\n- Para el muestreo de validaci\u00f3n de la limpieza<br \/>\n- Aplicar lubricantes u otros l\u00edquidos<br \/>\n- Elimine los restos de fundente y los materiales sobrantes.<br \/>\n- Para limpieza general.<\/p>\n<p><strong>Embalaje:<\/strong><br \/>\n100 bastoncillos\/bolsa;<br \/>\n2 bolsas interiores de 50 bastoncillos;<br \/>\n50 bolsas\/caja<\/p>\n<p><\/span><\/span><\/div>","protected":false},"excerpt":{"rendered":"[tp_attributes num_attributes=\"105\"]","protected":false},"featured_media":986,"comment_status":"closed","ping_status":"closed","template":"","meta":{"themepark_post_bcolor":"#f5f5f5","themepark_post_width":"1022px","themepark_post_img":"","themepark_post_img_po":"left","themepark_post_img_re":false,"themepark_post_img_cover":false,"themepark_post_img_fixed":false,"themepark_post_hide_title":false,"themepark_post_main_b":"","themepark_post_main_p":100,"themepark_paddingblock":false},"product_brand":[],"product_cat":[26,39],"product_tag":[74,107,106,71,79],"class_list":{"0":"post-985","1":"product","2":"type-product","3":"status-publish","4":"has-post-thumbnail","6":"product_cat-cleanroom-swabs","7":"product_cat-microfiber-swabs","8":"product_tag-cleaning-swab","9":"product_tag-cleanroom-microfiber-swab","10":"product_tag-cleanroom-polyester-swab","11":"product_tag-cleanroom-swab","12":"product_tag-lint-free-swab","14":"first","15":"instock","16":"product-type-simple"},"_links":{"self":[{"href":"https:\/\/www.meditech.cc\/es\/wp-json\/wp\/v2\/product\/985","targetHints":{"allow":["GET"]}}],"collection":[{"href":"https:\/\/www.meditech.cc\/es\/wp-json\/wp\/v2\/product"}],"about":[{"href":"https:\/\/www.meditech.cc\/es\/wp-json\/wp\/v2\/types\/product"}],"replies":[{"embeddable":true,"href":"https:\/\/www.meditech.cc\/es\/wp-json\/wp\/v2\/comments?post=985"}],"wp:featuredmedia":[{"embeddable":true,"href":"https:\/\/www.meditech.cc\/es\/wp-json\/wp\/v2\/media\/986"}],"wp:attachment":[{"href":"https:\/\/www.meditech.cc\/es\/wp-json\/wp\/v2\/media?parent=985"}],"wp:term":[{"taxonomy":"product_brand","embeddable":true,"href":"https:\/\/www.meditech.cc\/es\/wp-json\/wp\/v2\/product_brand?post=985"},{"taxonomy":"product_cat","embeddable":true,"href":"https:\/\/www.meditech.cc\/es\/wp-json\/wp\/v2\/product_cat?post=985"},{"taxonomy":"product_tag","embeddable":true,"href":"https:\/\/www.meditech.cc\/es\/wp-json\/wp\/v2\/product_tag?post=985"}],"curies":[{"name":"wp","href":"https:\/\/api.w.org\/{rel}","templated":true}]}}