{"id":991,"date":"2025-06-13T10:43:25","date_gmt":"2025-06-13T02:43:25","guid":{"rendered":"https:\/\/test.themepark.com.cn\/product\/cleanroom-polyester-swab-ps743\/"},"modified":"2025-08-11T17:32:32","modified_gmt":"2025-08-11T09:32:32","slug":"cleanroom-polyester-swab-ps743","status":"publish","type":"product","link":"https:\/\/www.meditech.cc\/es\/cleanroom-polyester-swab-ps743","title":{"rendered":"Hisopo de poli\u00e9ster para sala limpia PS743"},"content":{"rendered":"<div style=\"margin-left: 40px;\"><span style=\"font-size: 14px;\"><span style=\"font-size: 14px;\"><span style=\"font-family: arial;\"><strong>Hisopo de poli\u00e9ster PS743<\/strong><br \/>\nN\u00facleo del cabezal de poli\u00e9ster sellado r\u00edgidamente al mango compacto.<br \/>\n<\/span><\/span><\/span><br \/>\n<a href=\"https:\/\/www.meditech.cc\/es\/cleanroom-swabs\/polyester-swabs\/\">Torunda de poli\u00e9ster de Meditech<\/a> PS743 es un bastoncillo ideal para limpiar peque\u00f1as zonas ranuradas y acanaladas. Tiene un n\u00facleo de cabeza de poli\u00e9ster r\u00edgido para mayor soporte y control.<br \/>\nLa torunda de poli\u00e9ster PS743 no contiene contaminantes org\u00e1nicos como silicona, amidas o \u00e9steres de ftalato. Presenta muy bajo residuo no vol\u00e1til (NVR), contenido i\u00f3nico y generaci\u00f3n de part\u00edculas.<br \/>\nSu cabezal de poli\u00e9ster tricotado de doble capa posee un alto nivel de limpieza y una excelente resistencia a los disolventes.<br \/>\nEl bastoncillo de poli\u00e9ster PS743 es excelente para la limpieza general.<\/div>\n<div><\/div>\n<div style=\"margin-left: 40px;\"><strong>Caracter\u00edsticas:<\/strong><br \/>\n- Sin silicona, amida ni DOP.<br \/>\n- Bajo contenido en part\u00edculas, iones y residuos no vol\u00e1tiles.<br \/>\n- Asa de seguridad ESD ( Opcional )<br \/>\n- Soporte de cabeza de poli\u00e9ster r\u00edgido para controlar el uso.<br \/>\n- Cabezal de poli\u00e9ster unido t\u00e9rmicamente.<br \/>\n- Alta capacidad disolvente, punta suave y no abrasiva.<br \/>\n- Compatible con los disolventes m\u00e1s comunes.<br \/>\n- Dise\u00f1o: Pala de cabeza flexible con mango largo<strong>Aplicaciones:<\/strong><br \/>\n- Limpieza con disolventes como IPA.<br \/>\n- Limpieza de superficies y zonas de dif\u00edcil acceso.<br \/>\n- Aplicar lubricantes u otros l\u00edquidos<br \/>\n- Elimine los restos de fundente y los materiales sobrantes.<br \/>\n- Para limpieza general.<br \/>\n- Sin revestimientos contaminantes.<br \/>\n- Dise\u00f1o: con asa compacta.<\/p>\n<p><strong>Embalaje:<\/strong><br \/>\n500 bastoncillos \/ bolsa;<br \/>\nBolsa interior de 5 de 100 bastoncillos;<br \/>\n100 bolsas \/ caja<\/p>\n<\/div>","protected":false},"excerpt":{"rendered":"[tp_attributes num_attributes=\"105\"]","protected":false},"featured_media":992,"comment_status":"closed","ping_status":"closed","template":"","meta":{"themepark_post_bcolor":"#f5f5f5","themepark_post_width":"1022px","themepark_post_img":"","themepark_post_img_po":"left","themepark_post_img_re":false,"themepark_post_img_cover":false,"themepark_post_img_fixed":false,"themepark_post_hide_title":false,"themepark_post_main_b":"","themepark_post_main_p":100,"themepark_paddingblock":false},"product_brand":[],"product_cat":[26,41],"product_tag":[74,71,79,110],"class_list":{"0":"post-991","1":"product","2":"type-product","3":"status-publish","4":"has-post-thumbnail","6":"product_cat-cleanroom-swabs","7":"product_cat-polyester-swabs","8":"product_tag-cleaning-swab","9":"product_tag-cleanroom-swab","10":"product_tag-lint-free-swab","11":"product_tag-purification-swab","13":"first","14":"instock","15":"product-type-simple"},"_links":{"self":[{"href":"https:\/\/www.meditech.cc\/es\/wp-json\/wp\/v2\/product\/991","targetHints":{"allow":["GET"]}}],"collection":[{"href":"https:\/\/www.meditech.cc\/es\/wp-json\/wp\/v2\/product"}],"about":[{"href":"https:\/\/www.meditech.cc\/es\/wp-json\/wp\/v2\/types\/product"}],"replies":[{"embeddable":true,"href":"https:\/\/www.meditech.cc\/es\/wp-json\/wp\/v2\/comments?post=991"}],"wp:featuredmedia":[{"embeddable":true,"href":"https:\/\/www.meditech.cc\/es\/wp-json\/wp\/v2\/media\/992"}],"wp:attachment":[{"href":"https:\/\/www.meditech.cc\/es\/wp-json\/wp\/v2\/media?parent=991"}],"wp:term":[{"taxonomy":"product_brand","embeddable":true,"href":"https:\/\/www.meditech.cc\/es\/wp-json\/wp\/v2\/product_brand?post=991"},{"taxonomy":"product_cat","embeddable":true,"href":"https:\/\/www.meditech.cc\/es\/wp-json\/wp\/v2\/product_cat?post=991"},{"taxonomy":"product_tag","embeddable":true,"href":"https:\/\/www.meditech.cc\/es\/wp-json\/wp\/v2\/product_tag?post=991"}],"curies":[{"name":"wp","href":"https:\/\/api.w.org\/{rel}","templated":true}]}}