{"id":993,"date":"2025-06-13T10:43:25","date_gmt":"2025-06-13T02:43:25","guid":{"rendered":"https:\/\/test.themepark.com.cn\/product\/cleanroom-polyester-swab-ps758\/"},"modified":"2025-08-12T17:57:45","modified_gmt":"2025-08-12T09:57:45","slug":"cleanroom-polyester-swab-ps758","status":"publish","type":"product","link":"https:\/\/www.meditech.cc\/es\/cleanroom-polyester-swab-ps758","title":{"rendered":"Hisopo de poli\u00e9ster para sala limpia PS758"},"content":{"rendered":"<div style=\"margin-left: 40px;\"><span style=\"font-size: 14px;\"><span style=\"font-family: arial;\"><strong>Hisopo de poli\u00e9ster PS758<\/strong><br \/>\nHisopo de poli\u00e9ster con pala de cabeza flexible y mango compacto<\/p>\n<p><strong>Descripci\u00f3n:<\/strong><br \/>\n<a href=\"https:\/\/www.meditech.cc\/es\/cleanroom-swabs\/polyester-swabs\/\"><span style=\"color: #000080;\">Torunda de poli\u00e9ster de Meditech<\/span><\/a> PS758 es un hisopo excelente para la limpieza de piezas y ensamblajes en espacios reducidos de ranuras finas donde la altura de espesor es una preocupaci\u00f3n importante.<br \/>\nSu cabezal de poli\u00e9ster tricotado de doble capa posee un alto nivel de limpieza y una excelente resistencia a los disolventes, por lo que es el bastoncillo ideal para eliminar eficazmente la contaminaci\u00f3n en superficies y limpiar peque\u00f1as zonas ranuradas y acanaladas.<br \/>\nLos bastoncillos de poli\u00e9ster PS758 no contienen contaminantes org\u00e1nicos como silicona, amida o \u00e9steres de ftalato. Presentan un residuo no vol\u00e1til (RNV), un contenido i\u00f3nico y una generaci\u00f3n de part\u00edculas muy bajos. Los bastoncillos de poli\u00e9ster PS758 son excelentes para la limpieza general.<\/p>\n<p><strong>Caracter\u00edsticas:<\/strong><br \/>\n- Sin silicona, amida ni DOP.<br \/>\n- Bajo contenido en part\u00edculas, iones y residuos no vol\u00e1tiles.<br \/>\n&#8211;\u00a0 Compact ESD safe handle.<br \/>\n- Pala de cabeza flexible.<br \/>\n- Alta capacidad disolvente, suave y no abrasiva.<br \/>\n- Compatible con los disolventes m\u00e1s comunes.<br \/>\n- Sin revestimientos contaminantes.<br \/>\n- Dise\u00f1o: Pala de cabeza flexible con mango compacto.<\/p>\n<p><strong>Aplicaciones:<\/strong><br \/>\n- Limpieza con disolventes como IPA.<br \/>\n- Limpieza de \u00e1reas peque\u00f1as y confinadas.<br \/>\n- Aplicar lubricantes u otros l\u00edquidos.<br \/>\n- Elimine los restos de fundente y los materiales sobrantes.<br \/>\n- Para limpieza general.<\/p>\n<p><strong>Embalaje:<\/strong><br \/>\n500 bastoncillos \/ bolsa;<br \/>\nBolsa interior de 5 de 100 bastoncillos;<br \/>\n100 bolsas \/ caja<\/span><\/span><\/div>","protected":false},"excerpt":{"rendered":"[tp_attributes num_attributes=\"105\"]","protected":false},"featured_media":994,"comment_status":"closed","ping_status":"closed","template":"","meta":{"themepark_post_bcolor":"#f5f5f5","themepark_post_width":"1022px","themepark_post_img":"","themepark_post_img_po":"left","themepark_post_img_re":false,"themepark_post_img_cover":false,"themepark_post_img_fixed":false,"themepark_post_hide_title":false,"themepark_post_main_b":"","themepark_post_main_p":100,"themepark_paddingblock":false},"product_brand":[],"product_cat":[26,41],"product_tag":[74,106,71,79,95],"class_list":{"0":"post-993","1":"product","2":"type-product","3":"status-publish","4":"has-post-thumbnail","6":"product_cat-cleanroom-swabs","7":"product_cat-polyester-swabs","8":"product_tag-cleaning-swab","9":"product_tag-cleanroom-polyester-swab","10":"product_tag-cleanroom-swab","11":"product_tag-lint-free-swab","12":"product_tag-swab-sticks","14":"first","15":"instock","16":"product-type-simple"},"_links":{"self":[{"href":"https:\/\/www.meditech.cc\/es\/wp-json\/wp\/v2\/product\/993","targetHints":{"allow":["GET"]}}],"collection":[{"href":"https:\/\/www.meditech.cc\/es\/wp-json\/wp\/v2\/product"}],"about":[{"href":"https:\/\/www.meditech.cc\/es\/wp-json\/wp\/v2\/types\/product"}],"replies":[{"embeddable":true,"href":"https:\/\/www.meditech.cc\/es\/wp-json\/wp\/v2\/comments?post=993"}],"wp:featuredmedia":[{"embeddable":true,"href":"https:\/\/www.meditech.cc\/es\/wp-json\/wp\/v2\/media\/994"}],"wp:attachment":[{"href":"https:\/\/www.meditech.cc\/es\/wp-json\/wp\/v2\/media?parent=993"}],"wp:term":[{"taxonomy":"product_brand","embeddable":true,"href":"https:\/\/www.meditech.cc\/es\/wp-json\/wp\/v2\/product_brand?post=993"},{"taxonomy":"product_cat","embeddable":true,"href":"https:\/\/www.meditech.cc\/es\/wp-json\/wp\/v2\/product_cat?post=993"},{"taxonomy":"product_tag","embeddable":true,"href":"https:\/\/www.meditech.cc\/es\/wp-json\/wp\/v2\/product_tag?post=993"}],"curies":[{"name":"wp","href":"https:\/\/api.w.org\/{rel}","templated":true}]}}