{"id":1009,"date":"2025-06-13T10:43:39","date_gmt":"2025-06-13T02:43:39","guid":{"rendered":"https:\/\/test.themepark.com.cn\/product\/cleanroom-foam-swab-fs712\/"},"modified":"2025-08-19T10:10:16","modified_gmt":"2025-08-19T02:10:16","slug":"cleanroom-foam-swab-fs712","status":"publish","type":"product","link":"https:\/\/www.meditech.cc\/fr\/cleanroom-foam-swab-fs712","title":{"rendered":"\u00c9couvillon en mousse pour salle blanche FS712"},"content":{"rendered":"<div style=\"margin-left: 40px;\">\n<p><span style=\"font-size: 14px;\"><span style=\"font-family: arial;\"><strong>Ecouvillon en mousse pour salle blanche FS712 avec<\/strong> <strong>T\u00eate rectangulaire rigidement scell\u00e9e \u00e0 la poign\u00e9e compacte longue et mince<\/strong><\/span><\/span><\/p>\n<p><strong>Meditech\u2019s Cleanroom Foam Swab FS712 <\/strong>La t\u00eate rectangulaire est rigidement scell\u00e9e \u00e0 un long manche mince et compact formant un support ferme sur le rembourrage de la mousse. Sa t\u00eate en mousse de polyur\u00e9thane \u00e0 cellules ferm\u00e9es poss\u00e8de une excellente capacit\u00e9 de r\u00e9tention des solvants et une grande durabilit\u00e9.<br \/>\n<span style=\"font-size: 14px;\"><span style=\"font-family: arial;\">\u00c9couvillon en mousse pour salle blanche FS712<\/span><\/span> est sp\u00e9cialement con\u00e7u pour le nettoyage g\u00e9n\u00e9ral de grandes surfaces. Excellent choix pour le nettoyage des t\u00eates d'impression thermique, des rouleaux de transport des scanners ou lecteurs de ch\u00e8ques, des capteurs opto\u00e9lectroniques et des t\u00eates d'impression \u00e0 jet d'encre.<br \/>\nIl peut \u00e9galement \u00eatre utilis\u00e9 pour l'application d'\u00e9couvillons m\u00e9dicaux antiseptiques.<br \/>\nLe long manche rigide en polypropyl\u00e8ne offre un bon contr\u00f4le et une grande facilit\u00e9 d'utilisation.<\/p>\n<h2>Caract\u00e9ristiques :<\/h2>\n<p>- Exempt de contamination organique telle que silicone, amide et DOP.<br \/>\n- Faible r\u00e9sidu non volatil, NVR<br \/>\n- Faible teneur en particules et en ions.<br \/>\n- Poign\u00e9e permanente dissipatrice d'\u00e9lectricit\u00e9 statique en s\u00e9curit\u00e9 ESD disponible en option<br \/>\n- T\u00eate en mousse thermocoll\u00e9e.<br \/>\n- Grande capacit\u00e9 de r\u00e9tention des solvants, pointe compacte et non abrasive.<br \/>\n- Compatible avec la plupart des solvants courants.<br \/>\n- Conception : Grande t\u00eate rectangulaire avec un long manche rigide et compact<\/p>\n<p>&nbsp;<\/p>\n<h2>Applications :<\/h2>\n<p>- Nettoyage de grandes surfaces, en particulier sur la t\u00eate d'impression thermique, la t\u00eate d'impression \u00e0 jet d'encre, les rouleaux de transport des scanners\/lecteurs de ch\u00e8ques et les capteurs opto\u00e9lectroniques.<br \/>\n- Application de lubrifiants ou d'autres liquides<br \/>\n- \u00c9liminer les r\u00e9sidus de flux et les mat\u00e9riaux exc\u00e9dentaires.<br \/>\n- Pour le nettoyage g\u00e9n\u00e9ral.<\/p>\n<p>&nbsp;<\/p>\n<h2>Emballage :<\/h2>\n<p>100 \u00e9couvillons\/sachet ;<br \/>\n2 sachets int\u00e9rieurs de 50 \u00e9couvillons ;<br \/>\n50 sachets\/caisse<\/p>\n<\/div>","protected":false},"excerpt":{"rendered":"[tp_attributes num_attributes=\"105\"]","protected":false},"featured_media":1010,"comment_status":"closed","ping_status":"closed","template":"","meta":{"themepark_post_bcolor":"#f5f5f5","themepark_post_width":"1022px","themepark_post_img":"","themepark_post_img_po":"left","themepark_post_img_re":false,"themepark_post_img_cover":false,"themepark_post_img_fixed":false,"themepark_post_hide_title":false,"themepark_post_main_b":"","themepark_post_main_p":100,"themepark_paddingblock":false},"product_brand":[],"product_cat":[26,33],"product_tag":[73,71,70,72],"class_list":{"0":"post-1009","1":"product","2":"type-product","3":"status-publish","4":"has-post-thumbnail","6":"product_cat-cleanroom-swabs","7":"product_cat-foam-swabs","8":"product_tag-cleanroom-foam-swab","9":"product_tag-cleanroom-swab","10":"product_tag-dust-free-swab","11":"product_tag-foam-swab","13":"first","14":"instock","15":"product-type-simple"},"_links":{"self":[{"href":"https:\/\/www.meditech.cc\/fr\/wp-json\/wp\/v2\/product\/1009","targetHints":{"allow":["GET"]}}],"collection":[{"href":"https:\/\/www.meditech.cc\/fr\/wp-json\/wp\/v2\/product"}],"about":[{"href":"https:\/\/www.meditech.cc\/fr\/wp-json\/wp\/v2\/types\/product"}],"replies":[{"embeddable":true,"href":"https:\/\/www.meditech.cc\/fr\/wp-json\/wp\/v2\/comments?post=1009"}],"wp:featuredmedia":[{"embeddable":true,"href":"https:\/\/www.meditech.cc\/fr\/wp-json\/wp\/v2\/media\/1010"}],"wp:attachment":[{"href":"https:\/\/www.meditech.cc\/fr\/wp-json\/wp\/v2\/media?parent=1009"}],"wp:term":[{"taxonomy":"product_brand","embeddable":true,"href":"https:\/\/www.meditech.cc\/fr\/wp-json\/wp\/v2\/product_brand?post=1009"},{"taxonomy":"product_cat","embeddable":true,"href":"https:\/\/www.meditech.cc\/fr\/wp-json\/wp\/v2\/product_cat?post=1009"},{"taxonomy":"product_tag","embeddable":true,"href":"https:\/\/www.meditech.cc\/fr\/wp-json\/wp\/v2\/product_tag?post=1009"}],"curies":[{"name":"wp","href":"https:\/\/api.w.org\/{rel}","templated":true}]}}