{"id":1011,"date":"2025-06-13T10:43:39","date_gmt":"2025-06-13T02:43:39","guid":{"rendered":"https:\/\/test.themepark.com.cn\/product\/cleanroom-foam-swab-fs740\/"},"modified":"2025-07-09T17:25:45","modified_gmt":"2025-07-09T09:25:45","slug":"cleanroom-foam-swab-fs740","status":"publish","type":"product","link":"https:\/\/www.meditech.cc\/fr\/cleanroom-foam-swab-fs740","title":{"rendered":"\u00c9couvillon en mousse pour salle blanche FS740"},"content":{"rendered":"<div style=\"margin-left: 40px;\"><span style=\"font-size: 14px;\"><span style=\"color: #000080;\">Ecouvillon en mousse de taille moyenne de Meditech<\/span> Le FS740 est dot\u00e9 d'une t\u00eate de palette interne flexible et d'un long manche offrant un bon soutien et un bon coussin. Il est fabriqu\u00e9 en mousse de polyur\u00e9thane \u00e0 cellules ouvertes de 100 ppi et constitue l'\u00e9couvillon id\u00e9al pour \u00e9liminer efficacement la contamination sur les surfaces et les zones difficiles d'acc\u00e8s. Sa t\u00eate en mousse lav\u00e9e en salle blanche poss\u00e8de une grande capacit\u00e9 de solvant.<br \/>\nL'\u00e9couvillon en mousse \u00e0 palette flexible FS740 est exempt de contaminants organiques tels que le silicone, les esters d'amide et de phtalate.<br \/>\nIl se caract\u00e9rise par une tr\u00e8s faible teneur en r\u00e9sidus non volatils (RNV), en ions et en particules. Ce tampon en mousse pour salle blanche peut remplacer les tampons en coton \u00e0 long manche dans les applications exigeant une propret\u00e9 sup\u00e9rieure.<br \/>\n<\/span><\/div>\n<h2 style=\"margin-left: 40px;\"><span style=\"font-size: 14px;\">Caract\u00e9ristiques :<\/span><\/h2>\n<div style=\"margin-left: 40px;\"><span style=\"font-size: 14px;\">- Exempt de silicone, d'amide et de DOP.<br \/>\n- Faible teneur en particules, en ions et en r\u00e9sidus non volatils.<br \/>\n- La poign\u00e9e \u00e0 dissipation statique permanente ESD est disponible en option.<br \/>\n- T\u00eate en mousse thermocoll\u00e9e.<br \/>\n- Capacit\u00e9 de solvant \u00e9lev\u00e9e, doux et non abrasif.<br \/>\n- Compatible avec la plupart des solvants courants.<br \/>\n- Design : Pagaie \u00e0 t\u00eate flexible avec long manche<br \/>\n- Disponible avec un manche de 3,5\" pour une \u00e9conomie de co\u00fbts.<\/span><\/div>\n<h2 style=\"margin-left: 40px;\"><span style=\"font-size: 14px;\">\u00a0Applications :<\/span><\/h2>\n<div style=\"margin-left: 40px;\"><span style=\"font-size: 14px;\">- Nettoyage avec des solvants tels que l'IPA.<br \/>\n- Nettoyage des surfaces et des zones difficiles d'acc\u00e8s.<br \/>\n- Application de lubrifiants ou d'autres liquides<br \/>\n- \u00c9liminer les r\u00e9sidus de flux et les mat\u00e9riaux exc\u00e9dentaires.<br \/>\n- Pour le nettoyage g\u00e9n\u00e9ral.<\/span><\/div>\n<h2 style=\"margin-left: 40px;\"><span style=\"font-size: 14px;\">\u00a0Emballage :<\/span><\/h2>\n<div style=\"margin-left: 40px;\"><span style=\"font-size: 14px;\">500 \u00e9couvillons\/sachet ;<br \/>\n5 sachets int\u00e9rieurs de 100 \u00e9couvillons ;<br \/>\n30 sachets\/caisse<\/p>\n<p><\/span><\/div>","protected":false},"excerpt":{"rendered":"[tp_attributes num_attributes=\"105\"]","protected":false},"featured_media":1012,"comment_status":"closed","ping_status":"closed","template":"","meta":{"themepark_post_bcolor":"#f5f5f5","themepark_post_width":"1022px","themepark_post_img":"","themepark_post_img_po":"left","themepark_post_img_re":false,"themepark_post_img_cover":false,"themepark_post_img_fixed":false,"themepark_post_hide_title":false,"themepark_post_main_b":"","themepark_post_main_p":100,"themepark_paddingblock":false},"product_brand":[],"product_cat":[26,33],"product_tag":[74,78,79,80],"class_list":{"0":"post-1011","1":"product","2":"type-product","3":"status-publish","4":"has-post-thumbnail","6":"product_cat-cleanroom-swabs","7":"product_cat-foam-swabs","8":"product_tag-cleaning-swab","9":"product_tag-cleanroom-foam-swabs","10":"product_tag-lint-free-swab","11":"product_tag-q-tip","13":"first","14":"instock","15":"product-type-simple"},"_links":{"self":[{"href":"https:\/\/www.meditech.cc\/fr\/wp-json\/wp\/v2\/product\/1011","targetHints":{"allow":["GET"]}}],"collection":[{"href":"https:\/\/www.meditech.cc\/fr\/wp-json\/wp\/v2\/product"}],"about":[{"href":"https:\/\/www.meditech.cc\/fr\/wp-json\/wp\/v2\/types\/product"}],"replies":[{"embeddable":true,"href":"https:\/\/www.meditech.cc\/fr\/wp-json\/wp\/v2\/comments?post=1011"}],"wp:featuredmedia":[{"embeddable":true,"href":"https:\/\/www.meditech.cc\/fr\/wp-json\/wp\/v2\/media\/1012"}],"wp:attachment":[{"href":"https:\/\/www.meditech.cc\/fr\/wp-json\/wp\/v2\/media?parent=1011"}],"wp:term":[{"taxonomy":"product_brand","embeddable":true,"href":"https:\/\/www.meditech.cc\/fr\/wp-json\/wp\/v2\/product_brand?post=1011"},{"taxonomy":"product_cat","embeddable":true,"href":"https:\/\/www.meditech.cc\/fr\/wp-json\/wp\/v2\/product_cat?post=1011"},{"taxonomy":"product_tag","embeddable":true,"href":"https:\/\/www.meditech.cc\/fr\/wp-json\/wp\/v2\/product_tag?post=1011"}],"curies":[{"name":"wp","href":"https:\/\/api.w.org\/{rel}","templated":true}]}}