{"id":1013,"date":"2025-06-13T10:44:37","date_gmt":"2025-06-13T02:44:37","guid":{"rendered":"https:\/\/test.themepark.com.cn\/product\/cleanroom-foam-swab-fs746\/"},"modified":"2025-08-19T10:17:58","modified_gmt":"2025-08-19T02:17:58","slug":"cleanroom-foam-swab-fs746","status":"publish","type":"product","link":"https:\/\/www.meditech.cc\/fr\/cleanroom-foam-swab-fs746","title":{"rendered":"\u00c9couvillon en mousse pour salle blanche FS746"},"content":{"rendered":"<div style=\"margin-left: 40px;\"><span style=\"font-size: 14px;\"><span style=\"font-size: 14px;\"><span style=\"font-family: arial;\"><strong>\u00c9couvillon en mousse pour salle blanche FS746<\/strong><br \/>\nEcouvillon en mousse de taille moyenne avec une t\u00eate flexible et un manche de 3,4\" de long.<\/span><\/span><\/span><\/div>\n<div><\/div>\n<div style=\"margin-left: 40px;\"><strong>Description :<\/strong><br \/>\n<span style=\"color: #000080;\">Ecouvillon en mousse de taille moyenne de Meditech<\/span> Le FS746 est dot\u00e9 d'une t\u00eate de palette interne flexible et d'un manche de 3,4 pouces de long offrant un bon soutien et un bon coussin. Il est fabriqu\u00e9 en mousse de polyur\u00e9thane \u00e0 cellules ouvertes de 100 ppi et constitue l'\u00e9couvillon id\u00e9al pour \u00e9liminer efficacement la contamination sur les surfaces et les zones difficiles d'acc\u00e8s. Sa t\u00eate en mousse lav\u00e9e en salle blanche poss\u00e8de une grande capacit\u00e9 de solvant.<br \/>\nL'\u00e9couvillon en mousse \u00e0 pales souples FS746 est exempt de contaminants organiques tels que les esters de silicone, d'amide et de phtalate.<br \/>\nIl se caract\u00e9rise par une tr\u00e8s faible teneur en r\u00e9sidus non volatils (RNV), en ions et en particules.<\/div>\n<div><\/div>\n<div style=\"margin-left: 40px;\"><strong>Caract\u00e9ristiques :<\/strong><br \/>\n- Exempt de silicone, d'amide et de DOP.<br \/>\n- Faible teneur en particules, en ions et en r\u00e9sidus non volatils.<br \/>\n- La poign\u00e9e \u00e0 dissipation statique permanente ESD est disponible en option.<br \/>\n- T\u00eate en mousse thermocoll\u00e9e.<br \/>\n- Capacit\u00e9 de solvant \u00e9lev\u00e9e, doux et non abrasif.<br \/>\n- Compatible avec la plupart des solvants courants.<br \/>\n- Design : Pagaie \u00e0 t\u00eate flexible avec manche \u00e9conomique de 3,4 pouces de long<\/div>\n<div><\/div>\n<div style=\"margin-left: 40px;\"><strong>Applications :<\/strong><br \/>\n- Nettoyage avec des solvants tels que l'IPA.<br \/>\n- Nettoyage des surfaces et des zones difficiles d'acc\u00e8s.<br \/>\n- Application de lubrifiants ou d'autres liquides<br \/>\n- \u00c9liminer les r\u00e9sidus de flux et les mat\u00e9riaux exc\u00e9dentaires.<br \/>\n- Pour le nettoyage g\u00e9n\u00e9ral.<\/div>\n<div><\/div>\n<div style=\"margin-left: 40px;\"><strong>Emballage :<\/strong><br \/>\n500 \u00e9couvillons\/sachet ;<br \/>\n5 sachets int\u00e9rieurs de 100 \u00e9couvillons ;<br \/>\n30 sachets\/caisse&nbsp;<\/p>\n<\/div>","protected":false},"excerpt":{"rendered":"[tp_attributes num_attributes=\"105\"]","protected":false},"featured_media":1014,"comment_status":"closed","ping_status":"closed","template":"","meta":{"themepark_post_bcolor":"#f5f5f5","themepark_post_width":"1022px","themepark_post_img":"","themepark_post_img_po":"left","themepark_post_img_re":false,"themepark_post_img_cover":false,"themepark_post_img_fixed":false,"themepark_post_hide_title":false,"themepark_post_main_b":"","themepark_post_main_p":100,"themepark_paddingblock":false},"product_brand":[],"product_cat":[26,33],"product_tag":[74,71,79],"class_list":{"0":"post-1013","1":"product","2":"type-product","3":"status-publish","4":"has-post-thumbnail","6":"product_cat-cleanroom-swabs","7":"product_cat-foam-swabs","8":"product_tag-cleaning-swab","9":"product_tag-cleanroom-swab","10":"product_tag-lint-free-swab","12":"first","13":"instock","14":"product-type-simple"},"_links":{"self":[{"href":"https:\/\/www.meditech.cc\/fr\/wp-json\/wp\/v2\/product\/1013","targetHints":{"allow":["GET"]}}],"collection":[{"href":"https:\/\/www.meditech.cc\/fr\/wp-json\/wp\/v2\/product"}],"about":[{"href":"https:\/\/www.meditech.cc\/fr\/wp-json\/wp\/v2\/types\/product"}],"replies":[{"embeddable":true,"href":"https:\/\/www.meditech.cc\/fr\/wp-json\/wp\/v2\/comments?post=1013"}],"wp:featuredmedia":[{"embeddable":true,"href":"https:\/\/www.meditech.cc\/fr\/wp-json\/wp\/v2\/media\/1014"}],"wp:attachment":[{"href":"https:\/\/www.meditech.cc\/fr\/wp-json\/wp\/v2\/media?parent=1013"}],"wp:term":[{"taxonomy":"product_brand","embeddable":true,"href":"https:\/\/www.meditech.cc\/fr\/wp-json\/wp\/v2\/product_brand?post=1013"},{"taxonomy":"product_cat","embeddable":true,"href":"https:\/\/www.meditech.cc\/fr\/wp-json\/wp\/v2\/product_cat?post=1013"},{"taxonomy":"product_tag","embeddable":true,"href":"https:\/\/www.meditech.cc\/fr\/wp-json\/wp\/v2\/product_tag?post=1013"}],"curies":[{"name":"wp","href":"https:\/\/api.w.org\/{rel}","templated":true}]}}