{"id":1015,"date":"2025-06-13T10:44:41","date_gmt":"2025-06-13T02:44:41","guid":{"rendered":"https:\/\/test.themepark.com.cn\/product\/cleanroom-foam-swab-fs751\/"},"modified":"2025-08-19T10:21:17","modified_gmt":"2025-08-19T02:21:17","slug":"cleanroom-foam-swab-fs751","status":"publish","type":"product","link":"https:\/\/www.meditech.cc\/fr\/cleanroom-foam-swab-fs751","title":{"rendered":"\u00c9couvillon en mousse pour salle blanche FS751"},"content":{"rendered":"<div style=\"margin-left: 40px;\"><span style=\"font-size: 14px;\"><span style=\"font-size: 14px;\"><span style=\"font-family: arial;\"><strong>\u00c9couvillon en mousse pour salle blanche FS751<\/strong><br \/>\nPetit \u00e9couvillon en mousse comprim\u00e9e avec manche \u00e0 t\u00eate interne rigide et compacte.<\/span><\/span><\/span>Le petit comprim\u00e9 de Meditech <a href=\"https:\/\/www.meditech.cc\/fr\/cleanroom-swabs\/foam-swabs\/\"><span style=\"color: #000080;\">\u00c9couvillon en mousse<\/span><\/a> Le FS751 est un excellent \u00e9couvillon pour le nettoyage. Il est dot\u00e9 d'une t\u00eate en mousse de polyur\u00e9thane \u00e0 cellules ouvertes de 100 ppi (Z), lav\u00e9e en salle blanche, qui poss\u00e8de une grande capacit\u00e9 de solvant et un bon amortissement. Il est dot\u00e9 d'un manche interne compact, rigide et conique, qui offre un support stable pour le nettoyage des petites zones fendues et rainur\u00e9es.<br \/>\nLes tampons universels en mousse FS751 sont exempts de contaminants organiques tels que les esters de silicone, d'amide et de phtalate.<br \/>\nIl se caract\u00e9rise par une tr\u00e8s faible teneur en r\u00e9sidus non volatils (RNV), en ions et en particules.<br \/>\nLes \u00e9couvillons universels FS751E, disponibles en option, sont excellents pour le nettoyage des composants sensibles \u00e0 l'\u00e9lectricit\u00e9 statique.<\/div>\n<div><\/div>\n<div style=\"margin-left: 40px;\"><strong>Caract\u00e9ristiques :<\/strong><br \/>\n- Exempt de silicone, d'amide et de DOP.<br \/>\n- Faible teneur en particules et en ions.<br \/>\n- Poign\u00e9e s\u00e9curis\u00e9e ESD (en option)<br \/>\n- T\u00eate en mousse thermocoll\u00e9e.<br \/>\n- Capacit\u00e9 de solvant \u00e9lev\u00e9e, doux et non abrasif.<br \/>\n- Compatible avec la plupart des solvants courants<br \/>\n- Conception : T\u00eate rigide avec poign\u00e9e compacte<\/div>\n<div><\/div>\n<div style=\"margin-left: 40px;\"><strong>Applications :<\/strong><br \/>\n- Nettoyage avec des solvants tels que l'IPA.<br \/>\n- Nettoyage de petits espaces et d'espaces confin\u00e9s.<br \/>\n- Application de lubrifiants ou d'autres liquides<br \/>\n- \u00c9liminer les r\u00e9sidus de flux et les mat\u00e9riaux exc\u00e9dentaires.<br \/>\n- Pour le nettoyage g\u00e9n\u00e9ral.<\/div>\n<div><\/div>\n<div style=\"margin-left: 40px;\"><strong>Emballage :<\/strong><br \/>\n500 \u00e9couvillons\/sachet ;<br \/>\n5 sachets int\u00e9rieurs de 100 \u00e9couvillons ;<br \/>\n100 sachets\/caisse<\/div>","protected":false},"excerpt":{"rendered":"[tp_attributes num_attributes=\"105\"]","protected":false},"featured_media":1016,"comment_status":"closed","ping_status":"closed","template":"","meta":{"themepark_post_bcolor":"#f5f5f5","themepark_post_width":"1022px","themepark_post_img":"","themepark_post_img_po":"left","themepark_post_img_re":false,"themepark_post_img_cover":false,"themepark_post_img_fixed":false,"themepark_post_hide_title":false,"themepark_post_main_b":"","themepark_post_main_p":100,"themepark_paddingblock":false},"product_brand":[],"product_cat":[26,33],"product_tag":[74,73,71,79],"class_list":{"0":"post-1015","1":"product","2":"type-product","3":"status-publish","4":"has-post-thumbnail","6":"product_cat-cleanroom-swabs","7":"product_cat-foam-swabs","8":"product_tag-cleaning-swab","9":"product_tag-cleanroom-foam-swab","10":"product_tag-cleanroom-swab","11":"product_tag-lint-free-swab","13":"first","14":"instock","15":"product-type-simple"},"_links":{"self":[{"href":"https:\/\/www.meditech.cc\/fr\/wp-json\/wp\/v2\/product\/1015","targetHints":{"allow":["GET"]}}],"collection":[{"href":"https:\/\/www.meditech.cc\/fr\/wp-json\/wp\/v2\/product"}],"about":[{"href":"https:\/\/www.meditech.cc\/fr\/wp-json\/wp\/v2\/types\/product"}],"replies":[{"embeddable":true,"href":"https:\/\/www.meditech.cc\/fr\/wp-json\/wp\/v2\/comments?post=1015"}],"wp:featuredmedia":[{"embeddable":true,"href":"https:\/\/www.meditech.cc\/fr\/wp-json\/wp\/v2\/media\/1016"}],"wp:attachment":[{"href":"https:\/\/www.meditech.cc\/fr\/wp-json\/wp\/v2\/media?parent=1015"}],"wp:term":[{"taxonomy":"product_brand","embeddable":true,"href":"https:\/\/www.meditech.cc\/fr\/wp-json\/wp\/v2\/product_brand?post=1015"},{"taxonomy":"product_cat","embeddable":true,"href":"https:\/\/www.meditech.cc\/fr\/wp-json\/wp\/v2\/product_cat?post=1015"},{"taxonomy":"product_tag","embeddable":true,"href":"https:\/\/www.meditech.cc\/fr\/wp-json\/wp\/v2\/product_tag?post=1015"}],"curies":[{"name":"wp","href":"https:\/\/api.w.org\/{rel}","templated":true}]}}