{"id":2303,"date":"2025-07-15T15:03:37","date_gmt":"2025-07-15T07:03:37","guid":{"rendered":"https:\/\/www.meditech.cc\/?post_type=product&#038;p=2303"},"modified":"2025-07-23T11:54:52","modified_gmt":"2025-07-23T03:54:52","slug":"cleanroom-spunlace-nonwoven-swab-ss762","status":"publish","type":"product","link":"https:\/\/www.meditech.cc\/fr\/cleanroom-spunlace-nonwoven-swab-ss762","title":{"rendered":"\u00c9couvillon non tiss\u00e9 pour salles blanches SS762"},"content":{"rendered":"<div>L'\u00e9couvillon pour salle blanche SS762 de Meditech est con\u00e7u pour r\u00e9pondre aux exigences de propret\u00e9 rigoureuses des environnements contr\u00f4l\u00e9s. Fabriqu\u00e9 \u00e0 partir d'un mat\u00e9riau fil\u00e9 de haute qualit\u00e9, cet \u00e9couvillon est id\u00e9al pour le nettoyage de pr\u00e9cision et le contr\u00f4le de la contamination dans divers secteurs, notamment l'industrie pharmaceutique, les semi-conducteurs et la biotechnologie. Le long manche offre une excellente port\u00e9e et un bon contr\u00f4le, ce qui le rend id\u00e9al pour les zones difficiles d'acc\u00e8s.<\/div>\n<h2><span style=\"font-size: 14pt;\">Caract\u00e9ristiques :<\/span><\/h2>\n<ul>\n<li>Mat\u00e9riau fil\u00e9 de haute qualit\u00e9 : Garantit un nettoyage efficace et une faible production de particules.<\/li>\n<li>Poign\u00e9e longue : Permet d'acc\u00e9der facilement aux endroits \u00e9troits et difficiles \u00e0 atteindre.<\/li>\n<li>Faible peluchage : Minimise le risque de contamination par les fibres libres.<\/li>\n<li>R\u00e9sistance aux produits chimiques : compatible avec une large gamme de solvants et d'agents de nettoyage.<\/li>\n<li>Conception ergonomique : La prise en main et l'utilisation sont confortables, ce qui r\u00e9duit la fatigue de l'op\u00e9rateur.<\/li>\n<\/ul>\n<h2>\u00a0<span style=\"font-size: 14pt;\">Applications :<\/span><\/h2>\n<ul>\n<li>Industrie pharmaceutique : Nettoyage des \u00e9quipements de production, des flacons et d'autres surfaces critiques.<\/li>\n<li>Fabrication de semi-conducteurs : Nettoyage de pr\u00e9cision de composants et de surfaces d\u00e9licates.<\/li>\n<li>Biotechnologie : Environnements et \u00e9quipements de laboratoire st\u00e9riles.<\/li>\n<li>Dispositifs m\u00e9dicaux : Nettoyage et entretien des dispositifs et instruments m\u00e9dicaux.<\/li>\n<li>A\u00e9rospatiale : Nettoyage de composants et d'assemblages sensibles.<\/li>\n<li>Optique : Nettoyage de lentilles, de miroirs et d'autres composants optiques.<\/li>\n<\/ul>\n<h2>\u00a0<span style=\"font-size: 14pt;\">Emballage :<\/span><\/h2>\n<div>500 \u00e9couvillons\/sachet, 10 sachets\/ctn<\/div>","protected":false},"excerpt":{"rendered":"[tp_attributes num_attributes=\"105\"]","protected":false},"featured_media":2304,"comment_status":"closed","ping_status":"closed","template":"","meta":{"themepark_post_bcolor":"#f5f5f5","themepark_post_width":"1022px","themepark_post_img":"","themepark_post_img_po":"left","themepark_post_img_re":false,"themepark_post_img_cover":false,"themepark_post_img_fixed":false,"themepark_post_hide_title":false,"themepark_post_main_b":"","themepark_post_main_p":100,"themepark_paddingblock":false},"product_brand":[],"product_cat":[26],"product_tag":[74,78,71,79,85,80,84],"class_list":{"0":"post-2303","1":"product","2":"type-product","3":"status-publish","4":"has-post-thumbnail","6":"product_cat-cleanroom-swabs","7":"product_tag-cleaning-swab","8":"product_tag-cleanroom-foam-swabs","9":"product_tag-cleanroom-swab","10":"product_tag-lint-free-swab","11":"product_tag-nonwoven-swab","12":"product_tag-q-tip","13":"product_tag-spunlace-swab","15":"first","16":"instock","17":"product-type-simple"},"_links":{"self":[{"href":"https:\/\/www.meditech.cc\/fr\/wp-json\/wp\/v2\/product\/2303","targetHints":{"allow":["GET"]}}],"collection":[{"href":"https:\/\/www.meditech.cc\/fr\/wp-json\/wp\/v2\/product"}],"about":[{"href":"https:\/\/www.meditech.cc\/fr\/wp-json\/wp\/v2\/types\/product"}],"replies":[{"embeddable":true,"href":"https:\/\/www.meditech.cc\/fr\/wp-json\/wp\/v2\/comments?post=2303"}],"wp:featuredmedia":[{"embeddable":true,"href":"https:\/\/www.meditech.cc\/fr\/wp-json\/wp\/v2\/media\/2304"}],"wp:attachment":[{"href":"https:\/\/www.meditech.cc\/fr\/wp-json\/wp\/v2\/media?parent=2303"}],"wp:term":[{"taxonomy":"product_brand","embeddable":true,"href":"https:\/\/www.meditech.cc\/fr\/wp-json\/wp\/v2\/product_brand?post=2303"},{"taxonomy":"product_cat","embeddable":true,"href":"https:\/\/www.meditech.cc\/fr\/wp-json\/wp\/v2\/product_cat?post=2303"},{"taxonomy":"product_tag","embeddable":true,"href":"https:\/\/www.meditech.cc\/fr\/wp-json\/wp\/v2\/product_tag?post=2303"}],"curies":[{"name":"wp","href":"https:\/\/api.w.org\/{rel}","templated":true}]}}