{"id":741,"date":"2025-06-13T10:35:04","date_gmt":"2025-06-13T02:35:04","guid":{"rendered":"https:\/\/test.themepark.com.cn\/product\/atm-cr80-flat-cleaning-card\/"},"modified":"2025-07-16T15:49:12","modified_gmt":"2025-07-16T07:49:12","slug":"atm-cr80-flat-cleaning-card","status":"publish","type":"product","link":"https:\/\/www.meditech.cc\/fr\/atm-cr80-flat-cleaning-card","title":{"rendered":"Carte de nettoyage plate ATM CR80"},"content":{"rendered":"<p><span style=\"font-size: 14px;\"><strong>Carte de nettoyage g\u00e9n\u00e9rique CR80 - pr\u00e9-impr\u00e9gn\u00e9e d'IPA<\/strong><br \/>\nEmballage : 50 cartes de nettoyage pr\u00e9-impr\u00e9gn\u00e9es par bo\u00eete<br \/>\nDimensions nominales : 54 X 86 X 0,711 mm<br \/>\nR\u00e9f\u00e9rence Fabricant : TPCC-CR80<\/span><\/p>\n<p>&nbsp;<\/p>\n<h2>Caract\u00e9ristiques et avantages<\/h2>\n<p><span style=\"font-size: 14px;\">- Co\u00fbts \u00e9conomiques pour l'entretien de routine de vos lecteurs de cartes afin d'\u00e9viter les erreurs de lecture ou les d\u00e9faillances de lecture.<br \/>\n- Moins de pannes de machines gr\u00e2ce \u00e0 l'\u00e9limination efficace de la salet\u00e9.<br \/>\n- Manipulation ais\u00e9e<br \/>\n- Le nettoyant \u00e0 l'alcool isopropylique nettoie en toute s\u00e9curit\u00e9, \u00e9limine la poussi\u00e8re, les taches sales et ne laisse aucun r\u00e9sidu sur la surface. - Voir la fiche de donn\u00e9es de s\u00e9curit\u00e9 TPCC-CR80<\/span><\/p>\n<p>&nbsp;<\/p>\n<h2>Applications<\/h2>\n<p><span style=\"font-size: 14px;\">La carte de nettoyage CR80 pr\u00e9-impr\u00e9gn\u00e9e d'IPA est un nettoyant alternatif pour la maintenance pr\u00e9ventive des distributeurs automatiques de billets, des terminaux de point de vente, des lecteurs de cartes magn\u00e9tiques, des lecteurs de cartes \u00e0 puce, des lecteurs de serrures de portes d'h\u00f4tels, des stations-service, des machines \u00e0 sous, des distributeurs automatiques et des imprimantes de cartes d'identit\u00e9.<\/span><\/p>\n<h2><span style=\"font-size: 14px;\"><br \/>\n<\/span>Caract\u00e9ristiques<\/h2>\n<p><span style=\"font-size: 14px;\">Les lecteurs de cartes n\u00e9cessitent un entretien pr\u00e9ventif pour maintenir les t\u00eates magn\u00e9tiques propres et exemptes de d\u00e9bris. Il nettoie et revitalise les rouleaux en caoutchouc de transport, le guide de trajectoire des rouleaux.<br \/>\nLes cartes de nettoyage pr\u00e9-impr\u00e9gn\u00e9es sont un moyen \u00e9conomique d'entretenir vos lecteurs de cartes et d'augmenter la dur\u00e9e de vie des t\u00eates magn\u00e9tiques.<\/span><\/p>","protected":false},"excerpt":{"rendered":"[tp_attributes num_attributes=\"105\"]","protected":false},"featured_media":2313,"comment_status":"closed","ping_status":"closed","template":"","meta":{"themepark_post_bcolor":"#f5f5f5","themepark_post_width":"1022px","themepark_post_img":"","themepark_post_img_po":"left","themepark_post_img_re":false,"themepark_post_img_cover":false,"themepark_post_img_fixed":false,"themepark_post_hide_title":false,"themepark_post_main_b":"","themepark_post_main_p":100,"themepark_paddingblock":false},"product_brand":[],"product_cat":[53,40],"product_tag":[83,82],"class_list":{"0":"post-741","1":"product","2":"type-product","3":"status-publish","4":"has-post-thumbnail","6":"product_cat-atm-cleaning-kit","7":"product_cat-other-cleaning-kits","8":"product_tag-cr80-cleaning-card","9":"product_tag-ipa-cleaning-card","11":"first","12":"instock","13":"product-type-simple"},"_links":{"self":[{"href":"https:\/\/www.meditech.cc\/fr\/wp-json\/wp\/v2\/product\/741","targetHints":{"allow":["GET"]}}],"collection":[{"href":"https:\/\/www.meditech.cc\/fr\/wp-json\/wp\/v2\/product"}],"about":[{"href":"https:\/\/www.meditech.cc\/fr\/wp-json\/wp\/v2\/types\/product"}],"replies":[{"embeddable":true,"href":"https:\/\/www.meditech.cc\/fr\/wp-json\/wp\/v2\/comments?post=741"}],"wp:featuredmedia":[{"embeddable":true,"href":"https:\/\/www.meditech.cc\/fr\/wp-json\/wp\/v2\/media\/2313"}],"wp:attachment":[{"href":"https:\/\/www.meditech.cc\/fr\/wp-json\/wp\/v2\/media?parent=741"}],"wp:term":[{"taxonomy":"product_brand","embeddable":true,"href":"https:\/\/www.meditech.cc\/fr\/wp-json\/wp\/v2\/product_brand?post=741"},{"taxonomy":"product_cat","embeddable":true,"href":"https:\/\/www.meditech.cc\/fr\/wp-json\/wp\/v2\/product_cat?post=741"},{"taxonomy":"product_tag","embeddable":true,"href":"https:\/\/www.meditech.cc\/fr\/wp-json\/wp\/v2\/product_tag?post=741"}],"curies":[{"name":"wp","href":"https:\/\/api.w.org\/{rel}","templated":true}]}}