{"id":749,"date":"2025-06-13T10:35:04","date_gmt":"2025-06-13T02:35:04","guid":{"rendered":"https:\/\/test.themepark.com.cn\/product\/esd-safe-spiral-pointed-foam-swab-fs52\/"},"modified":"2026-03-13T16:47:51","modified_gmt":"2026-03-13T08:47:51","slug":"esd-safe-spiral-pointed-foam-swab-fs52","status":"publish","type":"product","link":"https:\/\/www.meditech.cc\/fr\/esd-safe-spiral-pointed-foam-swab-fs52","title":{"rendered":"ESD-Safe Spiral Pointed Foam Swab FS752"},"content":{"rendered":"<p>ESD-Safe Spiral Pointed Foam Swab FS752 is an excellent and popular cleaning foam swab for cleaning small slots, grooves, and right angle corners on the sliders and actuator arm of the magnetic head stack assembly in hard disk drive industry.<\/p>\n<p>Ce type d'\u00e9couvillon en mousse \u00e0 bout pointu permet de collecter efficacement la poussi\u00e8re et d'autres contaminants. Les \u00e9couvillons en mousse antistatique pour salle blanche FS752 sont \u00e9galement id\u00e9aux pour nettoyer les composants ou les pi\u00e8ces sensibles \u00e0 l'\u00e9lectricit\u00e9 statique.<\/p>\n<p>Le choix du mat\u00e9riau de la poign\u00e9e antistatique est le suivant : poign\u00e9e antistatique verte en polypropyl\u00e8ne et poign\u00e9e antistatique en ABS : Poign\u00e9e antistatique verte en polypropyl\u00e8ne et poign\u00e9e antistatique en ABS.<\/p>\n<p>Sa mousse de polyur\u00e9thane \u00e0 cellules ouvertes de 100 ppi (Z) de haute qualit\u00e9, lav\u00e9e en salle blanche, allie une propret\u00e9 exceptionnelle \u00e0 une capacit\u00e9 de pi\u00e9geage des particules et \u00e0 l'absence de contaminants organiques.<\/p>\n<p>La conception de la t\u00eate stri\u00e9e am\u00e9liore encore l'efficacit\u00e9 du nettoyage. Le petit manche conique et l'embout rigide permettent un contr\u00f4le maximal.<\/p>\n<p>Les \u00e9couvillons en mousse FS752 avec poign\u00e9es ESD \u00e9liminent les dommages caus\u00e9s par l'\u00e9lectricit\u00e9 statique et sont efficaces dans toutes les conditions d'humidit\u00e9.<\/p>\n<p>Le collage thermique \u00e9limine l'utilisation d'adh\u00e9sifs, de rev\u00eatements et de sprays contaminants.<\/p>\n<p>Tous les tampons en mousse pour salles blanches sont emball\u00e9s dans des sachets sans silicone et sans amide.<\/p>\n<h2><span style=\"font-size: 14pt;\"><strong>Applications et industries<\/strong><\/span><\/h2>\n<ul>\n<li>Cleaning with compatible solutions and solvents such as IPA<\/li>\n<li>Effectively clean small hole, tight, hard to reach areas<\/li>\n<li>Remove flux residue and excess material<\/li>\n<li>Use in any static sensitive application<\/li>\n<li>Micro-mechanical Cleaning<\/li>\n<li>Used in the electronics, semiconductor, hard disk drive, Optics-electronic, LCD,PCB,SMT, IC, medical field and biotech industries.<\/li>\n<\/ul>\n<h2><span style=\"font-size: 14pt;\"><strong>Emballage<\/strong><\/span><\/h2>\n<p>500 \u00e9couvillons\/sachet<br \/>\n5 sachets int\u00e9rieurs de 100 \u00e9couvillons<br \/>\n50 sacs\/caisse<\/p>","protected":false},"excerpt":{"rendered":"[tp_attributes num_attributes=\"105\"]","protected":false},"featured_media":750,"comment_status":"closed","ping_status":"closed","template":"","meta":{"themepark_post_bcolor":"#f5f5f5","themepark_post_width":"1022px","themepark_post_img":"","themepark_post_img_po":"left","themepark_post_img_re":false,"themepark_post_img_cover":false,"themepark_post_img_fixed":false,"themepark_post_hide_title":false,"themepark_post_main_b":"","themepark_post_main_p":100,"themepark_paddingblock":false},"product_brand":[],"product_cat":[26,33],"product_tag":[89,71,120,72,79,95],"class_list":{"0":"post-749","1":"product","2":"type-product","3":"status-publish","4":"has-post-thumbnail","6":"product_cat-cleanroom-swabs","7":"product_cat-foam-swabs","8":"product_tag-clean-swab","9":"product_tag-cleanroom-swab","10":"product_tag-esd-safe-swab","11":"product_tag-foam-swab","12":"product_tag-lint-free-swab","13":"product_tag-swab-sticks","15":"first","16":"instock","17":"product-type-simple"},"_links":{"self":[{"href":"https:\/\/www.meditech.cc\/fr\/wp-json\/wp\/v2\/product\/749","targetHints":{"allow":["GET"]}}],"collection":[{"href":"https:\/\/www.meditech.cc\/fr\/wp-json\/wp\/v2\/product"}],"about":[{"href":"https:\/\/www.meditech.cc\/fr\/wp-json\/wp\/v2\/types\/product"}],"replies":[{"embeddable":true,"href":"https:\/\/www.meditech.cc\/fr\/wp-json\/wp\/v2\/comments?post=749"}],"wp:featuredmedia":[{"embeddable":true,"href":"https:\/\/www.meditech.cc\/fr\/wp-json\/wp\/v2\/media\/750"}],"wp:attachment":[{"href":"https:\/\/www.meditech.cc\/fr\/wp-json\/wp\/v2\/media?parent=749"}],"wp:term":[{"taxonomy":"product_brand","embeddable":true,"href":"https:\/\/www.meditech.cc\/fr\/wp-json\/wp\/v2\/product_brand?post=749"},{"taxonomy":"product_cat","embeddable":true,"href":"https:\/\/www.meditech.cc\/fr\/wp-json\/wp\/v2\/product_cat?post=749"},{"taxonomy":"product_tag","embeddable":true,"href":"https:\/\/www.meditech.cc\/fr\/wp-json\/wp\/v2\/product_tag?post=749"}],"curies":[{"name":"wp","href":"https:\/\/api.w.org\/{rel}","templated":true}]}}